{"id":979,"date":"2025-09-02T08:05:41","date_gmt":"2025-09-02T08:05:41","guid":{"rendered":"https:\/\/cnkuangya.com\/?post_type=product&#038;p=979"},"modified":"2025-09-14T06:40:46","modified_gmt":"2025-09-14T06:40:46","slug":"dc-spd-1000vdc","status":"publish","type":"product","link":"https:\/\/cnkuangya.com\/pt\/product\/dc-spd-1000vdc\/","title":{"rendered":"Dispositivo de prote\u00e7\u00e3o contra surtos de CC KY-40\/G1000 (Tipo 2, 1000V)"},"content":{"rendered":"<section id=\"overview\">\n<h2>Vis\u00e3o geral<\/h2>\n<p>O <strong>1000v dc spd<\/strong> O KY-40\/G1000 \u00e9 um <strong>Dispositivo de prote\u00e7\u00e3o contra surtos do tipo 2<\/strong> adaptado para<br \/>\n<a href=\"\/pt\/pv-combiner-box\/\">Caixas combinadoras fotovoltaicas<\/a> e entradas CC do inversor em <strong>Matrizes solares de 1000VDC<\/strong>.<br \/>\nComparado com os modelos de 600 V, ele suporta uma tens\u00e3o de sistema mais alta, o que o torna a op\u00e7\u00e3o padr\u00e3o para os modernos sistemas comerciais e de<br \/>\nplantas fotovoltaicas industriais. Totalmente em conformidade com<br \/>\n<a href=\"https:\/\/webstore.iec.ch\/publication\/26146\" target=\"_blank\" rel=\"noopener\">IEC 61643-31<\/a>, CE, UKCA e RoHS.<\/p>\n<\/section>\n<section id=\"key-features\">\n<h2>Principais recursos<\/h2>\n<ul>\n<li><strong>1000v dc spd<\/strong> Dispositivo tipo 2 para sistemas fotovoltaicos de alta tens\u00e3o, entradas de inversores e caixas combinadoras.<\/li>\n<li>Alta capacidade de descarga para usinas fotovoltaicas de m\u00e9dio e grande porte.<\/li>\n<li>M\u00f3dulos substitu\u00edveis com indicador vis\u00edvel para inspe\u00e7\u00e3o r\u00e1pida.<\/li>\n<li>Contatos de alarme remoto opcionais (NO\/NC), conforme especificado na folha de dados.<\/li>\n<li>Design compacto em trilho DIN adequado para <a href=\"\/pt\/dc-spd\/\">sistemas de prote\u00e7\u00e3o contra surtos fotovoltaicos<\/a>.<\/li>\n<\/ul>\n<\/section>\n<section id=\"specs\">\n<h2>Especifica\u00e7\u00f5es<\/h2>\n<table class=\"ky-spec\">\n<tbody>\n<tr>\n<th>Tipo<\/th>\n<td>Tipo 2 (T2)<\/td>\n<\/tr>\n<tr>\n<th>Tens\u00e3o do sistema (U<sub>cpv<\/sub>)<\/th>\n<td>1000 V CC<\/td>\n<\/tr>\n<tr>\n<th>Corrente de descarga nominal (I<sub>n<\/sub>)<\/th>\n<td>20 kA<\/td>\n<\/tr>\n<tr>\n<th>Corrente m\u00e1xima de descarga (I<sub>m\u00e1ximo<\/sub>)<\/th>\n<td>40 kA<\/td>\n<\/tr>\n<tr>\n<th>N\u00edvel de prote\u00e7\u00e3o de tens\u00e3o (U<sub>p<\/sub>)<\/th>\n<td>\u2264 4,0 kV<\/td>\n<\/tr>\n<tr>\n<th>Tempo de resposta (t<sub>a<\/sub>)<\/th>\n<td>&lt; 25 ns<\/td>\n<\/tr>\n<tr>\n<th>Resist\u00eancia a curto-circuito fotovoltaico (I<sub>scpv<\/sub>)<\/th>\n<td>20 kA<\/td>\n<\/tr>\n<tr>\n<th>Modo de prote\u00e7\u00e3o \/ Topologia<\/th>\n<td>Tipo U<\/td>\n<\/tr>\n<tr>\n<th>Contato de alarme (opcional)<\/th>\n<td>220V, 0,5A, NO\/NC<\/td>\n<\/tr>\n<tr>\n<th>Fus\u00edvel a montante recomendado<\/th>\n<td>LS7-50k (de acordo com a folha de dados)<\/td>\n<\/tr>\n<tr>\n<th>Fia\u00e7\u00e3o \/ terminais<\/th>\n<td>Terminais de parafuso de 6-35 mm\u00b2<\/td>\n<\/tr>\n<tr>\n<th>Montagem<\/th>\n<td>Trilho DIN de 35 mm<\/td>\n<\/tr>\n<tr>\n<th>Inv\u00f3lucro \/ Inflamabilidade<\/th>\n<td>Caixa de pl\u00e1stico, UL94-V0<\/td>\n<\/tr>\n<tr>\n<th>Condi\u00e7\u00f5es operacionais<\/th>\n<td>-40\u2103 ~ +70\u2103; \u226495% RH<\/td>\n<\/tr>\n<tr>\n<th>Dimens\u00f5es (L\u00d7A\u00d7P)<\/th>\n<td>36 \u00d7 83 \u00d7 67 mm<\/td>\n<\/tr>\n<tr>\n<th>Padr\u00f5es e conformidade<\/th>\n<td>IEC 61643-31:2018, GB\/T 18802.31, CE, UKCA, RoHS<\/td>\n<\/tr>\n<\/tbody>\n<\/table>\n<\/section>\n<section id=\"diagram\">\n<h2>Fia\u00e7\u00e3o e dimens\u00f5es<\/h2>\n<figure><img decoding=\"async\" src=\"https:\/\/cnkuangya.com\/wp-content\/uploads\/2025\/09\/KY-15T-T1T2-Wiring-Diagram.webp\" alt=\"Diagrama de fia\u00e7\u00e3o do dispositivo de prote\u00e7\u00e3o contra surtos de 1000 Vcc spd KY-40\/G1000 Tipo 2 para sistemas fotovoltaicos\" \/><figcaption>Diagrama de fia\u00e7\u00e3o compartilhado para a s\u00e9rie KY T2 (600V\/1000V\/1500V\/2000V).<\/figcaption><\/figure>\n<figure><img decoding=\"async\" src=\"https:\/\/cnkuangya.com\/wp-content\/uploads\/2025\/09\/KY-15T-T1T2-Dimension.webp\" alt=\"Desenho dimensional do dispositivo de prote\u00e7\u00e3o contra surtos de 1000 Vcc spd KY-40\/G1000 Tipo 2 para prote\u00e7\u00e3o da caixa combinadora fotovoltaica\" \/><figcaption>Desenho de dimens\u00e3o compartilhada para a s\u00e9rie KY T2.<\/figcaption><\/figure>\n<\/section>\n<section id=\"applications\">\n<h2>Aplicativos<\/h2>\n<ul>\n<li>Sistemas fotovoltaicos comerciais em telhados que usam strings e inversores de 1000VDC.<\/li>\n<li>Plantas fotovoltaicas industriais que exigem prote\u00e7\u00e3o est\u00e1vel contra surtos do Tipo 2.<\/li>\n<li>Parques solares de m\u00e9dia escala montados no solo projetados com matrizes de 1000 V.<\/li>\n<\/ul>\n<\/section>\n<section id=\"faq\">\n<h2>Perguntas frequentes<\/h2>\n<h3>Q1. Por que escolher um <em>1000v dc spd<\/em> Tipo 2 em vez de um modelo de 600V?<\/h3>\n<p>O KY-40\/G1000 \u00e9 adequado para sistemas fotovoltaicos de tens\u00e3o mais alta (1000 VCC), comuns em projetos solares comerciais e industriais.<\/p>\n<h3>Q2. O KY-40\/G1000 pode proteger os terminais CC do inversor?<\/h3>\n<p>Sim. Ele foi projetado para instala\u00e7\u00e3o direta em entradas CC de inversores com classifica\u00e7\u00e3o de at\u00e9 1.000 VDC.<\/p>\n<h3>Q3. O KY-40\/G1000 inclui cartuchos substitu\u00edveis?<\/h3>\n<p>Sim. O design modular permite a substitui\u00e7\u00e3o r\u00e1pida e o monitoramento do status por meio de um indicador visual.<\/p>\n<h3>Q4. Com quais padr\u00f5es o KY-40\/G1000 est\u00e1 em conformidade?<\/h3>\n<p>As certifica\u00e7\u00f5es IEC 61643-31, GB\/T 18802.31, CE, UKCA e RoHS s\u00e3o cobertas.<\/p>\n<\/section>\n<section id=\"cta\"><a class=\"btn\" href=\"\/pt\/contact-us\/\">Solicite uma cota\u00e7\u00e3o para 1000v dc spd KY-40\/G1000<\/a><\/section>","protected":false},"excerpt":{"rendered":"<ul class=\"short-description\">\n<li>O <strong>1000v dc spd<\/strong> O KY-40\/G1000 oferece prote\u00e7\u00e3o confi\u00e1vel contra surtos Tipo 2 para sistemas fotovoltaicos CC.<\/li>\n<li>Projetado para entradas CC do inversor e caixas combinadoras fotovoltaicas em telhados comerciais e usinas solares industriais.<\/li>\n<li>Certificado pela IEC 61643-31, montado em trilho DIN, com diagramas de dimens\u00e3o e fia\u00e7\u00e3o T2 compartilhados.<\/li>\n<\/ul>","protected":false},"featured_media":1536,"comment_status":"open","ping_status":"closed","template":"","meta":[],"product_brand":[],"product_cat":[26],"product_tag":[],"class_list":{"0":"post-979","1":"product","2":"type-product","3":"status-publish","4":"has-post-thumbnail","6":"product_cat-dc-spd","8":"first","9":"instock","10":"shipping-taxable","11":"product-type-simple"},"_links":{"self":[{"href":"https:\/\/cnkuangya.com\/pt\/wp-json\/wp\/v2\/product\/979","targetHints":{"allow":["GET"]}}],"collection":[{"href":"https:\/\/cnkuangya.com\/pt\/wp-json\/wp\/v2\/product"}],"about":[{"href":"https:\/\/cnkuangya.com\/pt\/wp-json\/wp\/v2\/types\/product"}],"replies":[{"embeddable":true,"href":"https:\/\/cnkuangya.com\/pt\/wp-json\/wp\/v2\/comments?post=979"}],"wp:featuredmedia":[{"embeddable":true,"href":"https:\/\/cnkuangya.com\/pt\/wp-json\/wp\/v2\/media\/1536"}],"wp:attachment":[{"href":"https:\/\/cnkuangya.com\/pt\/wp-json\/wp\/v2\/media?parent=979"}],"wp:term":[{"taxonomy":"product_brand","embeddable":true,"href":"https:\/\/cnkuangya.com\/pt\/wp-json\/wp\/v2\/product_brand?post=979"},{"taxonomy":"product_cat","embeddable":true,"href":"https:\/\/cnkuangya.com\/pt\/wp-json\/wp\/v2\/product_cat?post=979"},{"taxonomy":"product_tag","embeddable":true,"href":"https:\/\/cnkuangya.com\/pt\/wp-json\/wp\/v2\/product_tag?post=979"}],"curies":[{"name":"wp","href":"https:\/\/api.w.org\/{rel}","templated":true}]}}