{"id":787,"date":"2025-08-29T09:33:26","date_gmt":"2025-08-29T09:33:26","guid":{"rendered":"https:\/\/cnkuangya.com\/?post_type=product&#038;p=787"},"modified":"2025-08-30T10:32:39","modified_gmt":"2025-08-30T10:32:39","slug":"dc-disconnector-switch-nl1","status":"publish","type":"product","link":"https:\/\/cnkuangya.com\/pt\/product\/dc-disconnector-switch-nl1\/","title":{"rendered":"Chave seccionadora CC s\u00e9rie NL1 | 2P\/4P 1200VDC trilho DIN"},"content":{"rendered":"<div class=\"product-description\">\n<h2>Vis\u00e3o geral<\/h2>\n<p>O <strong>chave seccionadora dc<\/strong> A s\u00e9rie NL1 foi projetada para integra\u00e7\u00e3o em<br \/>\n<a href=\"\/pt\/pv-combiner-box\/\">Caixas combinadoras fotovoltaicas<\/a>, entradas do inversor, e<br \/>\n<a href=\"\/pt\/dc-photovoltaic-protection\/\">Pain\u00e9is de distribui\u00e7\u00e3o CC<\/a>.<br \/>\nEle oferece isolamento seguro de strings fotovoltaicas com <strong>2 polos e 4 polos<\/strong> op\u00e7\u00f5es<br \/>\ne uma classifica\u00e7\u00e3o de tens\u00e3o de at\u00e9 <strong>1200VDC<\/strong>.<br \/>\nCom um corpo compacto e uma al\u00e7a rotativa preta, o NL1 \u00e9 uma solu\u00e7\u00e3o econ\u00f4mica e confi\u00e1vel para ambientes internos.<\/p>\n<h2>Principais recursos<\/h2>\n<ul>\n<li><strong>chave seccionadora dc<\/strong> classificado at\u00e9 1200 VDC<\/li>\n<li>Dispon\u00edvel nas configura\u00e7\u00f5es 2P e 4P<\/li>\n<li>Montagem em trilho DIN, gabinete IP20<\/li>\n<li>Fia\u00e7\u00e3o sem polaridade, + e - intercambi\u00e1veis<\/li>\n<li>Classifica\u00e7\u00f5es de corrente: 16A \/ 25A \/ 32A<\/li>\n<li>Resist\u00eancia mec\u00e2nica: 18 mil ciclos; el\u00e9trica: 2 mil ciclos<\/li>\n<li>Resist\u00eancia a impulsos: 8,0 kV, resist\u00eancia a curto prazo: 1kA, 1s<\/li>\n<li>Em conformidade com <a href=\"https:\/\/webstore.iec.ch\/publication\/26113\" target=\"_blank\" rel=\"dofollow noopener\">IEC 60947-3<\/a><\/li>\n<\/ul>\n<h2>Caracter\u00edsticas el\u00e9tricas<\/h2>\n<table>\n<tbody>\n<tr>\n<td>Fun\u00e7\u00e3o<\/td>\n<td>Isolador, controle<\/td>\n<\/tr>\n<tr>\n<td>Postes<\/td>\n<td>2P \/ 4P<\/td>\n<\/tr>\n<tr>\n<td>Tens\u00e3o operacional nominal (Ue)<\/td>\n<td>300-1200 VCC<\/td>\n<\/tr>\n<tr>\n<td>Tens\u00e3o nominal de isolamento (Ui)<\/td>\n<td>1200 VDC<\/td>\n<\/tr>\n<tr>\n<td>Resist\u00eancia de curto prazo (Icw)<\/td>\n<td>1 kA, 1 s<\/td>\n<\/tr>\n<tr>\n<td>Tens\u00e3o de resist\u00eancia a impulsos (Uimp)<\/td>\n<td>8,0 kV<\/td>\n<\/tr>\n<tr>\n<td>Prote\u00e7\u00e3o contra ingresso<\/td>\n<td>IP20<\/td>\n<\/tr>\n<tr>\n<td>Vida \u00fatil<\/td>\n<td>Mec\u00e2nica 18.000 \/ El\u00e9trica 2.000<\/td>\n<\/tr>\n<\/tbody>\n<\/table>\n<h2>Tens\u00e3o\/corrente nominal<\/h2>\n<table>\n<tbody>\n<tr>\n<th>Tipo<\/th>\n<th>300V<\/th>\n<th>600V<\/th>\n<th>800V<\/th>\n<th>1000V<\/th>\n<th>1200V<\/th>\n<\/tr>\n<tr>\n<td>FMPV16-NL1<\/td>\n<td>16A<\/td>\n<td>16A<\/td>\n<td>12A<\/td>\n<td>8A<\/td>\n<td>6A<\/td>\n<\/tr>\n<tr>\n<td>FMPV25-NL1<\/td>\n<td>25A<\/td>\n<td>25A<\/td>\n<td>15A<\/td>\n<td>9A<\/td>\n<td>7A<\/td>\n<\/tr>\n<tr>\n<td>FMPV32-NL1<\/td>\n<td>32A<\/td>\n<td>32A<\/td>\n<td>17A<\/td>\n<td>10A<\/td>\n<td>8A<\/td>\n<\/tr>\n<\/tbody>\n<\/table>\n<h2>Configura\u00e7\u00f5es de comuta\u00e7\u00e3o<\/h2>\n<ul>\n<li>2P - isolar uma cadeia fotovoltaica<\/li>\n<li>4P - isola duas cadeias de caracteres simultaneamente<\/li>\n<li>4T \/ 4B \/ 4S - quatro polos em s\u00e9rie com fia\u00e7\u00e3o flex\u00edvel<\/li>\n<li>2H - dois polos em paralelo para maior corrente<\/li>\n<\/ul>\n<h2>Dimens\u00f5es<\/h2>\n<p><img decoding=\"async\" src=\"\/wp-content\/uploads\/nl1-dimensions.png\" alt=\"Chave seccionadora de CC NL1 1200V Desenho das dimens\u00f5es do trilho DIN\" \/><\/p>\n<p><em>(Insira o desenho do produto aqui)<\/em><\/p>\n<h2>Aplicativos<\/h2>\n<p>O NL1 <strong>chave seccionadora dc<\/strong> \u00e9 comumente usado em sistemas fotovoltaicos internos que requerem uma estrutura compacta e<br \/>\nisolamento CC confi\u00e1vel. \u00c9 ideal para <a href=\"\/pt\/pv-combiner-box\/\">caixas combinadoras<\/a>, Conex\u00f5es do inversor,<br \/>\ne <a href=\"\/pt\/dc-fuse\/\">Fus\u00edvel CC<\/a> pain\u00e9is. Para instala\u00e7\u00f5es com pain\u00e9is finos, consulte<br \/>\n<a href=\"\/pt\/nl1-t-dc-switch-disconnectors\/\">S\u00e9rie NL1-T<\/a>.<\/p>\n<\/div>\n<h2>PERGUNTAS FREQUENTES<\/h2>\n<p><strong>P1: Para que \u00e9 usada a chave seccionadora CC NL1?<\/strong><br \/>\nA1: O NL1 foi projetado para isolamento seguro de CC em caixas combinadoras fotovoltaicas, entradas de inversores e pain\u00e9is de distribui\u00e7\u00e3o de CC.<\/p>\n<p><strong>P2: Quais vers\u00f5es est\u00e3o dispon\u00edveis na s\u00e9rie NL1?<\/strong><br \/>\nA2: o NL1 est\u00e1 dispon\u00edvel nas vers\u00f5es 2P e 4P, suportando tens\u00f5es de at\u00e9 1.200 VDC.<\/p>\n<p><strong>Q3: Qual \u00e9 o tipo de cabo do NL1?<\/strong><br \/>\nA3: O NL1 apresenta uma al\u00e7a rotativa preta compacta com opera\u00e7\u00e3o padr\u00e3o por press\u00e3o.<\/p>\n<p><strong>Q4: O NL1 est\u00e1 em conformidade com os padr\u00f5es internacionais?<\/strong><br \/>\nA4: Sim, ele est\u00e1 em conformidade com <a href=\"https:\/\/webstore.iec.ch\/publication\/26113\" target=\"_blank\" rel=\"dofollow noopener\">IEC 60947-3<\/a>.<\/p>\n<p><strong>Q5: O NL1 \u00e9 sens\u00edvel \u00e0 polaridade?<\/strong><br \/>\nR5: N\u00e3o, o NL1 n\u00e3o tem polaridade, portanto as conex\u00f5es + e - podem ser trocadas.<\/p>\n<p><strong>Q6: Qual \u00e9 a resist\u00eancia oferecida pelo NL1?<\/strong><br \/>\nA6: Oferece 18.000 opera\u00e7\u00f5es mec\u00e2nicas e 2.000 opera\u00e7\u00f5es el\u00e9tricas.<\/p>\n<p><strong>P7: O NL1 pode ser instalado em trilhos DIN?<\/strong><br \/>\nR7: Sim, o NL1 foi projetado para instala\u00e7\u00e3o em trilho DIN de 35 mm.<\/p>\n<p><strong>Q8: Quais s\u00e3o as classifica\u00e7\u00f5es atuais suportadas?<\/strong><br \/>\nA8: Os modelos NL1 est\u00e3o dispon\u00edveis nas classifica\u00e7\u00f5es 16A, 25A e 32A.<\/p>\n<p><strong>Q9: Para quais aplicativos o NL1 \u00e9 mais adequado?<\/strong><br \/>\nA9: \u00c9 ideal para sistemas fotovoltaicos residenciais e comerciais em que \u00e9 necess\u00e1ria a montagem em trilho DIN compacto padr\u00e3o.<\/p>\n<p><strong>Q10: A personaliza\u00e7\u00e3o OEM\/ODM est\u00e1 dispon\u00edvel?<\/strong><br \/>\nR10: Sim, a rotulagem e a personaliza\u00e7\u00e3o OEM\/ODM est\u00e3o dispon\u00edveis mediante solicita\u00e7\u00e3o.<\/p>","protected":false},"excerpt":{"rendered":"<ul>\n<li data-start=\"350\" data-end=\"423\">\n<p data-start=\"353\" data-end=\"423\">S\u00e9rie NL1 <strong data-start=\"364\" data-end=\"390\">chave seccionadora dc<\/strong>, trilho DIN 2P\/4P at\u00e9 1200 VDC.<\/p>\n<\/li>\n<li data-start=\"424\" data-end=\"489\">\n<p data-start=\"427\" data-end=\"489\">Prote\u00e7\u00e3o IP20, al\u00e7a rotativa preta com estrutura compacta.<\/p>\n<\/li>\n<li data-start=\"490\" data-end=\"573\">\n<p data-start=\"493\" data-end=\"573\">Compat\u00edvel com a norma IEC 60947-3, ideal para <strong data-start=\"526\" data-end=\"547\">Caixas combinadoras fotovoltaicas<\/strong> e pain\u00e9is CC do inversor<\/p>\n<\/li>\n<\/ul>","protected":false},"featured_media":839,"comment_status":"open","ping_status":"closed","template":"","meta":[],"product_brand":[],"product_cat":[24],"product_tag":[],"class_list":{"0":"post-787","1":"product","2":"type-product","3":"status-publish","4":"has-post-thumbnail","6":"product_cat-dc-switch-disconnector","8":"first","9":"instock","10":"shipping-taxable","11":"product-type-simple"},"_links":{"self":[{"href":"https:\/\/cnkuangya.com\/pt\/wp-json\/wp\/v2\/product\/787","targetHints":{"allow":["GET"]}}],"collection":[{"href":"https:\/\/cnkuangya.com\/pt\/wp-json\/wp\/v2\/product"}],"about":[{"href":"https:\/\/cnkuangya.com\/pt\/wp-json\/wp\/v2\/types\/product"}],"replies":[{"embeddable":true,"href":"https:\/\/cnkuangya.com\/pt\/wp-json\/wp\/v2\/comments?post=787"}],"wp:featuredmedia":[{"embeddable":true,"href":"https:\/\/cnkuangya.com\/pt\/wp-json\/wp\/v2\/media\/839"}],"wp:attachment":[{"href":"https:\/\/cnkuangya.com\/pt\/wp-json\/wp\/v2\/media?parent=787"}],"wp:term":[{"taxonomy":"product_brand","embeddable":true,"href":"https:\/\/cnkuangya.com\/pt\/wp-json\/wp\/v2\/product_brand?post=787"},{"taxonomy":"product_cat","embeddable":true,"href":"https:\/\/cnkuangya.com\/pt\/wp-json\/wp\/v2\/product_cat?post=787"},{"taxonomy":"product_tag","embeddable":true,"href":"https:\/\/cnkuangya.com\/pt\/wp-json\/wp\/v2\/product_tag?post=787"}],"curies":[{"name":"wp","href":"https:\/\/api.w.org\/{rel}","templated":true}]}}