{"id":782,"date":"2025-08-29T08:52:36","date_gmt":"2025-08-29T08:52:36","guid":{"rendered":"https:\/\/cnkuangya.com\/?post_type=product&#038;p=782"},"modified":"2025-08-30T08:50:29","modified_gmt":"2025-08-30T08:50:29","slug":"dc-switch-disconnector-1200v-ip66-outdoor","status":"publish","type":"product","link":"https:\/\/cnkuangya.com\/pt\/product\/dc-switch-disconnector-1200v-ip66-outdoor\/","title":{"rendered":"Chave seccionadora CC S\u00e9rie ELR2 | 2P\/4P 1200VDC IP66 Tipo fechado"},"content":{"rendered":"<div class=\"product-description\">\n<h2>Vis\u00e3o geral<\/h2>\n<p>O <strong>Chave seccionadora CC s\u00e9rie ELR2 1200V IP66 tipo externo<\/strong> foi projetado para sistemas fotovoltaicos aut\u00f4nomos<br \/>\ninstala\u00e7\u00f5es que exigem isolamento seguro e confi\u00e1vel. Com <strong>2 polos e 4 polos<\/strong> vers\u00f5es, ele fornece<br \/>\ndesconex\u00e3o at\u00e9 <strong>1200VDC<\/strong>. Alojado em um gabinete IP66 resistente aos raios UV e \u00e0s intemp\u00e9ries, ele garante durabilidade a longo prazo<br \/>\nem ambientes externos adversos. A al\u00e7a com cadeado e a interface de plugue MC4 opcional facilitam a instala\u00e7\u00e3o e a opera\u00e7\u00e3o<br \/>\nseguro e conveniente.<\/p>\n<h2>Principais recursos<\/h2>\n<ul>\n<li>Pronto para uso externo <strong>Chave seccionadora CC 1200V IP66<\/strong>, Caixa resistente a UV<\/li>\n<li>Configura\u00e7\u00f5es 2P \/ 4P para isolamento de string \u00fanico ou duplo<\/li>\n<li>Al\u00e7a girat\u00f3ria com cadeado para seguran\u00e7a na manuten\u00e7\u00e3o<\/li>\n<li>Interface de plugue MC4 opcional para facilitar as conex\u00f5es fotovoltaicas<\/li>\n<li>Classifica\u00e7\u00f5es de tens\u00e3o: 300V \/ 600V \/ 800V \/ 1000V \/ 1200V DC<\/li>\n<li>Vida \u00fatil: 18.000 opera\u00e7\u00f5es mec\u00e2nicas \/ 2.000 opera\u00e7\u00f5es el\u00e9tricas<\/li>\n<li>Resist\u00eancia a impulsos: 8,0kV; resist\u00eancia a curtos per\u00edodos: 1kA, 1s<\/li>\n<li>Em conformidade com <a href=\"https:\/\/webstore.iec.ch\/publication\/26113\" target=\"_blank\" rel=\"dofollow noopener\">IEC 60947-3<\/a>, AS60947.3<\/li>\n<\/ul>\n<h2>Caracter\u00edsticas el\u00e9tricas<\/h2>\n<table>\n<tbody>\n<tr>\n<td>Fun\u00e7\u00e3o<\/td>\n<td>Isolador, controle<\/td>\n<\/tr>\n<tr>\n<td>Postes<\/td>\n<td>2P \/ 4P<\/td>\n<\/tr>\n<tr>\n<td>Tens\u00e3o operacional nominal (Ue)<\/td>\n<td>300 \/ 600 \/ 800 \/ 1000 \/ 1200 VDC<\/td>\n<\/tr>\n<tr>\n<td>Tens\u00e3o nominal de isolamento (Ui)<\/td>\n<td>1200 VDC<\/td>\n<\/tr>\n<tr>\n<td>Corrente de resist\u00eancia de curta dura\u00e7\u00e3o (Icw)<\/td>\n<td>1kA, 1s<\/td>\n<\/tr>\n<tr>\n<td>Tens\u00e3o de resist\u00eancia a impulsos (Uimp)<\/td>\n<td>8,0 kV<\/td>\n<\/tr>\n<tr>\n<td>Vida \u00fatil<\/td>\n<td>18.000 opera\u00e7\u00f5es mec\u00e2nicas \/ 2.000 opera\u00e7\u00f5es el\u00e9tricas<\/td>\n<\/tr>\n<tr>\n<td>Temperatura operacional<\/td>\n<td>-40\u00b0C ~ +85\u00b0C<\/td>\n<\/tr>\n<tr>\n<td>Prote\u00e7\u00e3o contra ingresso<\/td>\n<td>IP66 (inv\u00f3lucro resistente a UV)<\/td>\n<\/tr>\n<tr>\n<td>Montagem<\/td>\n<td>Montagem vertical ou horizontal na parede<\/td>\n<\/tr>\n<\/tbody>\n<\/table>\n<h2>Tens\u00e3o nominal \/ corrente - FMPV16 \/ 25 \/ 32<\/h2>\n<table>\n<tbody>\n<tr>\n<th>Tipo<\/th>\n<th>300V<\/th>\n<th>600V<\/th>\n<th>800V<\/th>\n<th>1000V<\/th>\n<th>1200V<\/th>\n<\/tr>\n<tr>\n<td>FMPV16 (2P\/4P)<\/td>\n<td>16A<\/td>\n<td>16A<\/td>\n<td>12A<\/td>\n<td>8A<\/td>\n<td>6A<\/td>\n<\/tr>\n<tr>\n<td>FMPV25 (2P\/4P)<\/td>\n<td>25A<\/td>\n<td>25A<\/td>\n<td>15A<\/td>\n<td>9A<\/td>\n<td>7A<\/td>\n<\/tr>\n<tr>\n<td>FMPV32 (2P\/4P)<\/td>\n<td>32A<\/td>\n<td>32A<\/td>\n<td>17A<\/td>\n<td>10A<\/td>\n<td>8A<\/td>\n<\/tr>\n<\/tbody>\n<\/table>\n<h2>Configura\u00e7\u00f5es de comuta\u00e7\u00e3o<\/h2>\n<ul>\n<li>2P - isolar uma cadeia fotovoltaica<\/li>\n<li>4P - isola duas cadeias de caracteres simultaneamente<\/li>\n<li>4T \/ 4B \/ 4S - 4 polos em s\u00e9rie com fia\u00e7\u00e3o de entrada\/sa\u00edda diferente<\/li>\n<li>2H - 2 polos em paralelo para maior corrente<\/li>\n<\/ul>\n<h2>Dimens\u00f5es<\/h2>\n<p><img loading=\"lazy\" decoding=\"async\" class=\"alignnone wp-image-781\" src=\"https:\/\/cnkuangya.com\/wp-content\/uploads\/2025\/08\/ELR2-switch-disconnector-300x143.png\" alt=\"\" width=\"634\" height=\"302\" srcset=\"https:\/\/cnkuangya.com\/wp-content\/uploads\/2025\/08\/ELR2-switch-disconnector-300x143.png 300w, https:\/\/cnkuangya.com\/wp-content\/uploads\/2025\/08\/ELR2-switch-disconnector-768x367.png 768w, https:\/\/cnkuangya.com\/wp-content\/uploads\/2025\/08\/ELR2-switch-disconnector-600x287.png 600w, https:\/\/cnkuangya.com\/wp-content\/uploads\/2025\/08\/ELR2-switch-disconnector.png 895w\" sizes=\"auto, (max-width: 634px) 100vw, 634px\" \/><\/p>\n<p>&nbsp;<\/p>\n<h2>Aplicativos<\/h2>\n<p>O <strong>ELR2 Chave seccionadora CC 1200V IP66 tipo externo<\/strong> foi projetado para sistemas fotovoltaicos montados no telhado e no solo,<br \/>\nisolamento do lado do inversor e instala\u00e7\u00f5es solares comerciais. Seu gabinete \u00e0 prova de intemp\u00e9ries permite a montagem direta perto de pain\u00e9is solares<br \/>\nmatrizes ou inversores, sem a necessidade de uma caixa adicional. Frequentemente combinado com <a href=\"\/pt\/dc-fuse\/\">Fus\u00edveis CC<\/a> e<br \/>\n<a href=\"\/pt\/dc-spd\/\">DC SPDs<\/a> para prote\u00e7\u00e3o completa do sistema fotovoltaico.<\/p>\n<p>Escolha ELR2 para <strong>isolamento fotovoltaico externo<\/strong>. Para integra\u00e7\u00e3o compacta em trilho DIN dentro de caixas combinadoras, consulte<br \/>\n<a href=\"\/pt\/elr1-dc-switch-disconnector-1200v\/\">S\u00e9rie ELR1<\/a>.<\/p>\n<\/div>\n<h2>PERGUNTAS FREQUENTES<\/h2>\n<p><strong>P1: Para que \u00e9 usada a chave seccionadora ELR2 DC 1200V IP66 para uso externo?<\/strong><br \/>\nA1: Foi projetado para isolamento fotovoltaico externo entre os m\u00f3dulos solares e os inversores.<\/p>\n<p><strong>P2: Quais s\u00e3o as vers\u00f5es dispon\u00edveis?<\/strong><br \/>\nA2: Dispon\u00edvel em modelos de 2 polos e 4 polos para diferentes necessidades de isolamento da cadeia fotovoltaica.<\/p>\n<p><strong>P3: O compartimento \u00e9 \u00e0 prova de intemp\u00e9ries?<\/strong><br \/>\nR3: Sim, o compartimento resistente a UV tem classifica\u00e7\u00e3o IP66 para uso externo.<\/p>\n<p><strong>P4: A al\u00e7a pode ser trancada com cadeado?<\/strong><br \/>\nA4: Sim, a al\u00e7a pode ser travada na posi\u00e7\u00e3o OFF para garantir uma manuten\u00e7\u00e3o segura.<\/p>\n<p><strong>Q5: Ele \u00e9 compat\u00edvel com conex\u00f5es MC4?<\/strong><br \/>\nA5: Sim, as interfaces de plugue MC4 opcionais simplificam a fia\u00e7\u00e3o de campo.<\/p>\n<p><strong>Q6: Qual \u00e9 a classifica\u00e7\u00e3o m\u00e1xima de tens\u00e3o?<\/strong><br \/>\nA6: O ELR2 suporta at\u00e9 1200 VDC a 16 A, 25 A ou 32 A, dependendo do modelo.<\/p>\n<p><strong>Q7: Ele pode ser montado na vertical ou na horizontal?<\/strong><br \/>\nR7: Sim, o gabinete permite a instala\u00e7\u00e3o vertical e horizontal.<\/p>\n<p><strong>Q8: Quais s\u00e3o os padr\u00f5es que ele atende?<\/strong><br \/>\nA8: Est\u00e1 em conformidade com as normas IEC 60947-3 e AS60947.3.<\/p>\n<p><strong>Q9: Qual \u00e9 a diferen\u00e7a entre ELR1 e ELR2?<\/strong><br \/>\nA9: O ELR1 \u00e9 do tipo trilho DIN para pain\u00e9is internos; o ELR2 tem um gabinete IP66 para uso externo.<\/p>\n<p><strong>Q10: A personaliza\u00e7\u00e3o OEM\/ODM est\u00e1 dispon\u00edvel?<\/strong><br \/>\nR10: Sim, h\u00e1 suporte para rotulagem e personaliza\u00e7\u00e3o espec\u00edficas do projeto.<\/p>","protected":false},"excerpt":{"rendered":"<ul>\n<li data-start=\"280\" data-end=\"368\">\n<p data-start=\"283\" data-end=\"368\">S\u00e9rie ELR2 <strong data-start=\"295\" data-end=\"345\">Chave seccionadora CC 1200V IP66 tipo externo<\/strong>, dispon\u00edvel em 2P\/4P.<\/p>\n<\/li>\n<li data-start=\"369\" data-end=\"453\">\n<p data-start=\"372\" data-end=\"453\">Gabinete \u00e0 prova de intemp\u00e9ries resistente a raios UV com al\u00e7a para cadeado, em conformidade com a norma IEC 60947-3.<\/p>\n<\/li>\n<li data-start=\"454\" data-end=\"537\">\n<p data-start=\"457\" data-end=\"537\">Ideal para isolamento fotovoltaico externo aut\u00f4nomo entre m\u00f3dulos solares e inversores.<\/p>\n<\/li>\n<\/ul>","protected":false},"featured_media":813,"comment_status":"open","ping_status":"closed","template":"","meta":[],"product_brand":[],"product_cat":[24],"product_tag":[],"class_list":{"0":"post-782","1":"product","2":"type-product","3":"status-publish","4":"has-post-thumbnail","6":"product_cat-dc-switch-disconnector","8":"first","9":"instock","10":"shipping-taxable","11":"product-type-simple"},"_links":{"self":[{"href":"https:\/\/cnkuangya.com\/pt\/wp-json\/wp\/v2\/product\/782","targetHints":{"allow":["GET"]}}],"collection":[{"href":"https:\/\/cnkuangya.com\/pt\/wp-json\/wp\/v2\/product"}],"about":[{"href":"https:\/\/cnkuangya.com\/pt\/wp-json\/wp\/v2\/types\/product"}],"replies":[{"embeddable":true,"href":"https:\/\/cnkuangya.com\/pt\/wp-json\/wp\/v2\/comments?post=782"}],"wp:featuredmedia":[{"embeddable":true,"href":"https:\/\/cnkuangya.com\/pt\/wp-json\/wp\/v2\/media\/813"}],"wp:attachment":[{"href":"https:\/\/cnkuangya.com\/pt\/wp-json\/wp\/v2\/media?parent=782"}],"wp:term":[{"taxonomy":"product_brand","embeddable":true,"href":"https:\/\/cnkuangya.com\/pt\/wp-json\/wp\/v2\/product_brand?post=782"},{"taxonomy":"product_cat","embeddable":true,"href":"https:\/\/cnkuangya.com\/pt\/wp-json\/wp\/v2\/product_cat?post=782"},{"taxonomy":"product_tag","embeddable":true,"href":"https:\/\/cnkuangya.com\/pt\/wp-json\/wp\/v2\/product_tag?post=782"}],"curies":[{"name":"wp","href":"https:\/\/api.w.org\/{rel}","templated":true}]}}