{"id":1568,"date":"2025-09-16T05:52:26","date_gmt":"2025-09-16T05:52:26","guid":{"rendered":"https:\/\/cnkuangya.com\/?post_type=product&#038;p=1568"},"modified":"2025-09-22T09:05:06","modified_gmt":"2025-09-22T09:05:06","slug":"disjuntor-rccb-tipo-vfl008","status":"publish","type":"product","link":"https:\/\/cnkuangya.com\/pt\/product\/circuit-breaker-rccb-type-vfl008\/","title":{"rendered":"RCCB VFL008 - Disjuntor de corrente residual"},"content":{"rendered":"<div class=\"product-description\">\n<h2>Vis\u00e3o geral<\/h2>\n<p>O Kuangya VFL008 <strong>disjuntor tipo rccb<\/strong> desconecta o circuito quando a corrente residual excede o valor de<br \/>\nO sistema de controle de temperatura \u00e9 um sistema de controle de temperatura com limite predefinido, evitando choques el\u00e9tricos e riscos de inc\u00eandio devido a falhas de isolamento. Dispon\u00edvel em vers\u00f5es de 2 polos e<br \/>\nNas vers\u00f5es de 4 polos, esse disjuntor do tipo rccb \u00e9 adequado para quadros de distribui\u00e7\u00e3o monof\u00e1sicos e trif\u00e1sicos em resid\u00eancias,<br \/>\nescrit\u00f3rios e instala\u00e7\u00f5es industriais leves.<\/p>\n<h2>Principais recursos<\/h2>\n<ul>\n<li><strong>Postes:<\/strong> 2P \/ 4P<\/li>\n<li><strong>Corrente nominal (In):<\/strong> 16, 25, 32, 40, 63, 80, 100 A<\/li>\n<li><strong>Sensibilidade nominal (I\u0394n):<\/strong> 30 \/ 100 \/ 300 mA<\/li>\n<li><strong>Tens\u00e3o nominal (Ue):<\/strong> 240 V~ (2P) \/ 415 V~ (4P)<\/li>\n<li><strong>Tens\u00e3o de isolamento (Ui):<\/strong> 500 V | \u00a0 <strong>Frequ\u00eancia:<\/strong> 50\/60 Hz<\/li>\n<li><strong>Cria\u00e7\u00e3o e quebra residual (I\u0394m):<\/strong> 500 A (em 16-40 A); 630 A (63 A); 800 A (80 A); 1000 A (100 A)<\/li>\n<li><strong>Corrente de curto-circuito condicional (Inc = I\u0394c):<\/strong> 6 kA \/ 10 kA (com coordena\u00e7\u00e3o SCPD a montante)<\/li>\n<li><strong>Resist\u00eancia a impulsos (Uimp):<\/strong> 6 kV; <strong>Teste diel\u00e9trico:<\/strong> 2,5 kV (1 min)<\/li>\n<li><strong>Resist\u00eancia:<\/strong> \u226520.000 opera\u00e7\u00f5es mec\u00e2nicas \/ \u22652000 opera\u00e7\u00f5es el\u00e9tricas<\/li>\n<li><strong>Prote\u00e7\u00e3o do terminal:<\/strong> IP20; indicador de corrente de falha<\/li>\n<li><strong>Ambiente:<\/strong> -25 \u00b0C a +55 \u00b0C (m\u00e9dia di\u00e1ria \u2264 35 \u00b0C); <strong>Armazenamento:<\/strong> -40 \u00b0C a +70 \u00b0C<\/li>\n<li><strong>Fia\u00e7\u00e3o:<\/strong> cabo de 25-35 mm\u00b2 ou barramento tipo pino; conex\u00e3o superior\/inferior<\/li>\n<li><strong>Montagem:<\/strong> Trilho DIN EN 60715 (35 mm), clipe r\u00e1pido<\/li>\n<li><strong>Padr\u00f5es\/Aprova\u00e7\u00f5es:<\/strong> IEC\/EN 61008-1; CE \/ UKCA<\/li>\n<\/ul>\n<h2>Dados t\u00e9cnicos<\/h2>\n<table class=\"tech-table\">\n<tbody>\n<tr>\n<th>Modelo<\/th>\n<td>VFL008<\/td>\n<\/tr>\n<tr>\n<td>Postes<\/td>\n<td>2P, 4P<\/td>\n<\/tr>\n<tr>\n<td>Corrente nominal (In)<\/td>\n<td>16A, 25A, 32A, 40A, 63A, 80A, 100A<\/td>\n<\/tr>\n<tr>\n<td>Sensibilidade nominal (I\u0394n)<\/td>\n<td>30 mA, 100 mA, 300 mA<\/td>\n<\/tr>\n<tr>\n<td>Tens\u00e3o nominal (Ue)<\/td>\n<td>2P: 240 V~; 4P: 415 V~<\/td>\n<\/tr>\n<tr>\n<td>Tens\u00e3o de isolamento (Ui)<\/td>\n<td>500 V<\/td>\n<\/tr>\n<tr>\n<td>Frequ\u00eancia nominal<\/td>\n<td>50\/60 Hz<\/td>\n<\/tr>\n<tr>\n<td>Cria\u00e7\u00e3o e quebra residual (I\u0394m)<\/td>\n<td>500 A (In = 16-40 A); 630 A (In = 63 A); 800 A (In = 80 A); 1000 A (In = 100 A)<\/td>\n<\/tr>\n<tr>\n<td>Curto-circuito condicional (Inc = I\u0394c)<\/td>\n<td>6000 A, 10000 A<\/td>\n<\/tr>\n<tr>\n<td>Classes de tempo de trope\u00e7o<\/td>\n<td>Instant\u00e2neo \/ Atraso de tempo curto (10-300 ms) \/ S seletivo (150-500 ms)<\/td>\n<\/tr>\n<tr>\n<td>Tempo de pausa sob I\u0394n (Normal)<\/td>\n<td>\u2264 100 ms<\/td>\n<\/tr>\n<tr>\n<td>Resist\u00eancia a impulsos (Uimp)<\/td>\n<td>6 kV<\/td>\n<\/tr>\n<tr>\n<td>Tens\u00e3o de teste diel\u00e9trico<\/td>\n<td>2,5 kV (1 min)<\/td>\n<\/tr>\n<tr>\n<td>Grau de polui\u00e7\u00e3o<\/td>\n<td>2<\/td>\n<\/tr>\n<tr>\n<td>Vida el\u00e9trica<\/td>\n<td>\u2265 2000 opera\u00e7\u00f5es<\/td>\n<\/tr>\n<tr>\n<td>Vida mec\u00e2nica<\/td>\n<td>\u2265 2000 opera\u00e7\u00f5es<\/td>\n<\/tr>\n<tr>\n<td>Grau de prote\u00e7\u00e3o do terminal<\/td>\n<td>IP20<\/td>\n<\/tr>\n<tr>\n<td>Temperatura ambiente (m\u00e9dia \u2264 35 \u00b0C)<\/td>\n<td>-25 \u00b0C a +55 \u00b0C<\/td>\n<\/tr>\n<tr>\n<td>Temperatura de armazenamento<\/td>\n<td>-40 \u00b0C a +70 \u00b0C<\/td>\n<\/tr>\n<tr>\n<td>Conex\u00e3o do terminal<\/td>\n<td>Cabo \/ barramento tipo pino<\/td>\n<\/tr>\n<tr>\n<td>Tamanho do terminal (cabo)<\/td>\n<td>25-35 mm\u00b2; 18-3 \/ 18-2 AWG<\/td>\n<\/tr>\n<tr>\n<td>Tamanho do terminal (barramento)<\/td>\n<td>10\/16 mm\u00b2; 18-8 \/ 18-5 AWG<\/td>\n<\/tr>\n<tr>\n<td>Torque de aperto<\/td>\n<td>2,5 N-m (\u2248 22 pol-lbs)<\/td>\n<\/tr>\n<tr>\n<td>Montagem<\/td>\n<td>Trilho DIN EN 60715 (35 mm)<\/td>\n<\/tr>\n<tr>\n<td>Conex\u00e3o<\/td>\n<td>Parte superior e inferior<\/td>\n<\/tr>\n<tr>\n<td>Aprova\u00e7\u00f5es<\/td>\n<td>CE, UKCA<\/td>\n<\/tr>\n<\/tbody>\n<\/table>\n<h2>Aplicativos<\/h2>\n<ul>\n<li>Quadros de distribui\u00e7\u00e3o residenciais (prote\u00e7\u00e3o adicional de 30 mA)<\/li>\n<li>Edif\u00edcios comerciais que exigem prote\u00e7\u00e3o coordenada contra vazamento e curto-circuito<\/li>\n<li>Pain\u00e9is industriais leves; considere o retardo de tempo curto ou a sele\u00e7\u00e3o de S por estudo de coordena\u00e7\u00e3o<\/li>\n<\/ul>\n<p><img decoding=\"async\" src=\"\/images\/rccb-vfl008.jpg\" alt=\"Disjuntor rccb tipo VFL008 Kuangya 2P\/4P 16-100A 30\/100\/300 mA\" \/><\/p>\n<\/div>","protected":false},"excerpt":{"rendered":"<ul>\n<li data-start=\"264\" data-end=\"366\">\n<p data-start=\"266\" data-end=\"366\"><strong data-start=\"266\" data-end=\"295\">Disjuntor do tipo RCCB<\/strong> prote\u00e7\u00e3o para sistemas residenciais, comerciais e industriais leves<\/p>\n<\/li>\n<li data-start=\"367\" data-end=\"465\">\n<p data-start=\"369\" data-end=\"465\">Op\u00e7\u00f5es 2P\/4P, corrente nominal 16-100 A, sensibilidades 30\/100\/300 mA, Ue 240 V (2P) \/ 415 V (4P)<\/p>\n<\/li>\n<li data-start=\"466\" data-end=\"539\">\n<p data-start=\"468\" data-end=\"539\">Conformidade com IEC\/EN 61008-1, alta resist\u00eancia, montagem em trilho DIN, CE e UKCA<\/p>\n<\/li>\n<\/ul>","protected":false},"featured_media":1805,"comment_status":"open","ping_status":"closed","template":"","meta":[],"product_brand":[],"product_cat":[34],"product_tag":[],"class_list":{"0":"post-1568","1":"product","2":"type-product","3":"status-publish","4":"has-post-thumbnail","6":"product_cat-rccb","8":"first","9":"instock","10":"shipping-taxable","11":"product-type-simple"},"_links":{"self":[{"href":"https:\/\/cnkuangya.com\/pt\/wp-json\/wp\/v2\/product\/1568","targetHints":{"allow":["GET"]}}],"collection":[{"href":"https:\/\/cnkuangya.com\/pt\/wp-json\/wp\/v2\/product"}],"about":[{"href":"https:\/\/cnkuangya.com\/pt\/wp-json\/wp\/v2\/types\/product"}],"replies":[{"embeddable":true,"href":"https:\/\/cnkuangya.com\/pt\/wp-json\/wp\/v2\/comments?post=1568"}],"wp:featuredmedia":[{"embeddable":true,"href":"https:\/\/cnkuangya.com\/pt\/wp-json\/wp\/v2\/media\/1805"}],"wp:attachment":[{"href":"https:\/\/cnkuangya.com\/pt\/wp-json\/wp\/v2\/media?parent=1568"}],"wp:term":[{"taxonomy":"product_brand","embeddable":true,"href":"https:\/\/cnkuangya.com\/pt\/wp-json\/wp\/v2\/product_brand?post=1568"},{"taxonomy":"product_cat","embeddable":true,"href":"https:\/\/cnkuangya.com\/pt\/wp-json\/wp\/v2\/product_cat?post=1568"},{"taxonomy":"product_tag","embeddable":true,"href":"https:\/\/cnkuangya.com\/pt\/wp-json\/wp\/v2\/product_tag?post=1568"}],"curies":[{"name":"wp","href":"https:\/\/api.w.org\/{rel}","templated":true}]}}