{"id":1527,"date":"2025-09-13T09:12:26","date_gmt":"2025-09-13T09:12:26","guid":{"rendered":"https:\/\/cnkuangya.com\/?post_type=product&#038;p=1527"},"modified":"2026-01-20T08:42:28","modified_gmt":"2026-01-20T08:42:28","slug":"afdd-3-arc-fault-detection-device","status":"publish","type":"product","link":"https:\/\/cnkuangya.com\/pt\/product\/afdd-3-arc-fault-detection-device\/","title":{"rendered":"AFDD-3 Dispositivo de detec\u00e7\u00e3o de falha de arco (tipo magn\u00e9tico) | 1P+N RCBO Tipo A 6kA"},"content":{"rendered":"<section id=\"overview\">O <strong>AFDD-3 Tipo magn\u00e9tico<\/strong> integra <em>detec\u00e7\u00e3o de falha de arco (AFDD)<\/em>,<br \/>\n<em>prote\u00e7\u00e3o contra sobrecorrente (MCB)<\/em>e <em>prote\u00e7\u00e3o contra corrente residual (RCCB, Tipo A)<\/em> em um compacto<br \/>\n<strong>1P+N<\/strong> m\u00f3dulo. Projetado com um <strong>mecanismo de disparo magn\u00e9tico<\/strong>, proporciona estabilidade<br \/>\nopera\u00e7\u00e3o com cargas vari\u00e1veis. Em conformidade com <strong>EN62606<\/strong> e <strong>EN61009-1<\/strong>, o dispositivo<br \/>\nofertas <strong>6 kA<\/strong> capacidade de curto-circuito e detec\u00e7\u00e3o antecipada de falhas de arco em s\u00e9rie\/paralelo para reduzir o risco de inc\u00eandio.<\/section>\n<section id=\"features\">\n<h2>Principais recursos<\/h2>\n<ul>\n<li>Prote\u00e7\u00e3o tripla: <strong>AFDD + MCB + RCCB (Tipo A)<\/strong><\/li>\n<li><strong>Magn\u00e9tico<\/strong> mecanismo de disparo para um desempenho confi\u00e1vel<\/li>\n<li>Caracter\u00edsticas de disparo: <strong>B\/C<\/strong>; capacidade de curto-circuito: <strong>6 kA<\/strong><\/li>\n<li>Indica\u00e7\u00e3o por LED do status do dispositivo e do motivo do disparo; automonitoramento cont\u00ednuo<\/li>\n<li>Compacto <strong>1P+N (1 m\u00f3dulo)<\/strong> design; terminais de parafuso (superior\/inferior), grampos de al\u00edvio de tens\u00e3o<\/li>\n<li>F\u00e1cil montagem em <strong>Trilho DIN de 35 mm<\/strong><\/li>\n<li>Resist\u00eancia: \u2265 <strong>20,000<\/strong> mec\u00e2nico \/ \u2265 <strong>4,000<\/strong> ciclos el\u00e9tricos<\/li>\n<\/ul>\n<\/section>\n<section id=\"technical-data\">\n<h2>Dados t\u00e9cnicos<\/h2>\n<table>\n<tbody>\n<tr>\n<th>S\u00e9rie<\/th>\n<td>AFDD<\/td>\n<\/tr>\n<tr>\n<th>Modelo<\/th>\n<td>AFDD-3<\/td>\n<\/tr>\n<tr>\n<th>Postes<\/th>\n<td>1P+N (1 m\u00f3dulo)<\/td>\n<\/tr>\n<tr>\n<th>Corrente nominal (CA)<\/th>\n<td>6A, 10A, 13A, 16A, 20A, 25A, 32A, 40A<\/td>\n<\/tr>\n<tr>\n<th>Tipo de corrente residual<\/th>\n<td>Tipo A<\/td>\n<\/tr>\n<tr>\n<th>Corrente residual nominal I\u0394n<\/th>\n<td>10 mA, 30 mA<\/td>\n<\/tr>\n<tr>\n<th>Tens\u00e3o m\u00ednima\/m\u00e1xima do circuito de teste<\/th>\n<td>196 V \/ 253 V<\/td>\n<\/tr>\n<tr>\n<th>Caracter\u00edstica de disparo<\/th>\n<td>B, C<\/td>\n<\/tr>\n<tr>\n<th>Frequ\u00eancia de opera\u00e7\u00e3o<\/th>\n<td>50 Hz<\/td>\n<\/tr>\n<tr>\n<th>Tens\u00e3o de resist\u00eancia a impulsos (Uimp)<\/th>\n<td>4 kV<\/td>\n<\/tr>\n<tr>\n<th>Tens\u00e3o nominal (CA)<\/th>\n<td>240 V<\/td>\n<\/tr>\n<tr>\n<th>Corrente nominal de curto-circuito (Icn)<\/th>\n<td>6 kA<\/td>\n<\/tr>\n<tr>\n<th>Intensidade da corrente de surto<\/th>\n<td>0,25 kA<\/td>\n<\/tr>\n<tr>\n<th>Capacidade total m\u00e1xima de comuta\u00e7\u00e3o<\/th>\n<td>6 kA<\/td>\n<\/tr>\n<tr>\n<th>Tens\u00e3o nominal de isolamento<\/th>\n<td>250 V<\/td>\n<\/tr>\n<tr>\n<th>Perda de calor por polo<\/th>\n<td>3 W<\/td>\n<\/tr>\n<tr>\n<th>Fus\u00edvel de backup de curto-circuito (SCPD)<\/th>\n<td>100 A<\/td>\n<\/tr>\n<tr>\n<th>Tipo de fus\u00edvel de reserva<\/th>\n<td>gG<\/td>\n<\/tr>\n<tr>\n<th>Classe de sobretens\u00e3o<\/th>\n<td>III<\/td>\n<\/tr>\n<tr>\n<th>Terminais<\/th>\n<td>Tipo de parafuso, superior e inferior (circuito de carga)<\/td>\n<\/tr>\n<tr>\n<th>Posi\u00e7\u00e3o do condutor neutro<\/th>\n<td>Esquerda \/ Direita<\/td>\n<\/tr>\n<tr>\n<th>Comprimento m\u00e1ximo do cabo de conex\u00e3o<\/th>\n<td>70 m (quadro de distribui\u00e7\u00e3o \u2194 soquete externo)<\/td>\n<\/tr>\n<tr>\n<th>\u00c1rea de fixa\u00e7\u00e3o<\/th>\n<td>1-25 mm\u00b2<\/td>\n<\/tr>\n<tr>\n<th>Torque de aperto<\/th>\n<td>2,0-2,4 Nm<\/td>\n<\/tr>\n<tr>\n<th>Resist\u00eancia mec\u00e2nica<\/th>\n<td>\u2265 20.000 ciclos<\/td>\n<\/tr>\n<tr>\n<th>Resist\u00eancia el\u00e9trica<\/th>\n<td>\u2265 4.000 ciclos<\/td>\n<\/tr>\n<tr>\n<th>Temperatura de armazenamento\/opera\u00e7\u00e3o<\/th>\n<td>-35\u2103...+60\u2103 \/ -25\u2103...+40\u2103<\/td>\n<\/tr>\n<tr>\n<th>Tipo \/ material do compartimento<\/th>\n<td>Caixa do quadro de distribui\u00e7\u00e3o \/ Termopl\u00e1stico<\/td>\n<\/tr>\n<tr>\n<th>Montagem<\/th>\n<td>Trilho DIN (35 mm)<\/td>\n<\/tr>\n<tr>\n<th>Classe de prote\u00e7\u00e3o<\/th>\n<td>IP20 (instalado: IP40)<\/td>\n<\/tr>\n<tr>\n<th>Padr\u00f5es<\/th>\n<td>EN62606, EN61009-1<\/td>\n<\/tr>\n<tr>\n<th>Categoria de limita\u00e7\u00e3o de pot\u00eancia<\/th>\n<td>3<\/td>\n<\/tr>\n<tr>\n<th>Grau de polui\u00e7\u00e3o (EN60664)<\/th>\n<td>2<\/td>\n<\/tr>\n<tr>\n<th>Certifica\u00e7\u00f5es<\/th>\n<td>UKCA, CE<\/td>\n<\/tr>\n<\/tbody>\n<\/table>\n<\/section>\n<section id=\"applications\">\n<h2>Aplicativos<\/h2>\n<ul>\n<li>Prote\u00e7\u00e3o contra inc\u00eandio para circuitos finais de at\u00e9 40A em edif\u00edcios residenciais, comerciais e p\u00fablicos<\/li>\n<li>Redes adequadas: <strong>TN-S<\/strong> e <strong>TN-C-S<\/strong><\/li>\n<li>N\u00e3o permitido: sistemas ou circuitos TN-C com correntes residuais CC suaves<\/li>\n<\/ul>\n<\/section>\n<section id=\"certifications\">\n<h2>Certifica\u00e7\u00f5es<\/h2>\n<ul>\n<li>UKCA, CE<\/li>\n<li>Normas: EN62606 (AFDD), EN61009-1 (RCBO)<\/li>\n<\/ul>\n<\/section>\n<section id=\"faq\">\n<h2>PERGUNTAS FREQUENTES<\/h2>\n<details>\n<summary>O que diferencia o AFDD-3 do AFDD-1?<\/summary>\n<p>O AFDD-3 adota um mecanismo de disparo magn\u00e9tico para desempenho est\u00e1vel sob cargas vari\u00e1veis; o AFDD-1 \u00e9 um projeto eletr\u00f4nico padr\u00e3o. As classifica\u00e7\u00f5es el\u00e9tricas s\u00e3o semelhantes.<\/p>\n<\/details>\n<details>\n<summary>O AFDD-3 est\u00e1 em conformidade com as normas EN?<\/summary>\n<p>Sim. Ele est\u00e1 em conformidade com a EN62606 (detec\u00e7\u00e3o de falha de arco) e a EN61009-1 (RCBO).<\/p>\n<\/details>\n<details>\n<summary>Que tipo de vazamento \u00e9 detectado?<\/summary>\n<p>Tipo A - correntes residuais CA senoidais e CC pulsantes.<\/p>\n<\/details>\n<\/section>","protected":false},"excerpt":{"rendered":"<ul>\n<li><strong>Tipo magn\u00e9tico AFDD<\/strong> Integra\u00e7\u00e3o de AFDD + MCB + RCCB (Tipo A) em um m\u00f3dulo 1P+N<\/li>\n<li><strong>6A-40A<\/strong> corrente nominal, curvas B\/C, <strong>6 kA<\/strong> Capacidade de curto-circuito<\/li>\n<li>Em conformidade com <strong>EN62606<\/strong> &amp; <strong>EN61009-1<\/strong>; ideal para edif\u00edcios residenciais, comerciais e p\u00fablicos<\/li>\n<\/ul>","protected":false},"featured_media":2442,"comment_status":"open","ping_status":"closed","template":"","meta":[],"product_brand":[],"product_cat":[33],"product_tag":[],"class_list":{"0":"post-1527","1":"product","2":"type-product","3":"status-publish","4":"has-post-thumbnail","6":"product_cat-afdd","8":"first","9":"instock","10":"shipping-taxable","11":"product-type-simple"},"_links":{"self":[{"href":"https:\/\/cnkuangya.com\/pt\/wp-json\/wp\/v2\/product\/1527","targetHints":{"allow":["GET"]}}],"collection":[{"href":"https:\/\/cnkuangya.com\/pt\/wp-json\/wp\/v2\/product"}],"about":[{"href":"https:\/\/cnkuangya.com\/pt\/wp-json\/wp\/v2\/types\/product"}],"replies":[{"embeddable":true,"href":"https:\/\/cnkuangya.com\/pt\/wp-json\/wp\/v2\/comments?post=1527"}],"wp:featuredmedia":[{"embeddable":true,"href":"https:\/\/cnkuangya.com\/pt\/wp-json\/wp\/v2\/media\/2442"}],"wp:attachment":[{"href":"https:\/\/cnkuangya.com\/pt\/wp-json\/wp\/v2\/media?parent=1527"}],"wp:term":[{"taxonomy":"product_brand","embeddable":true,"href":"https:\/\/cnkuangya.com\/pt\/wp-json\/wp\/v2\/product_brand?post=1527"},{"taxonomy":"product_cat","embeddable":true,"href":"https:\/\/cnkuangya.com\/pt\/wp-json\/wp\/v2\/product_cat?post=1527"},{"taxonomy":"product_tag","embeddable":true,"href":"https:\/\/cnkuangya.com\/pt\/wp-json\/wp\/v2\/product_tag?post=1527"}],"curies":[{"name":"wp","href":"https:\/\/api.w.org\/{rel}","templated":true}]}}