{"id":1526,"date":"2025-09-13T07:24:34","date_gmt":"2025-09-13T07:24:34","guid":{"rendered":"https:\/\/cnkuangya.com\/?post_type=product&#038;p=1526"},"modified":"2026-01-20T08:41:54","modified_gmt":"2026-01-20T08:41:54","slug":"afdd-1-arc-fault-detection-device","status":"publish","type":"product","link":"https:\/\/cnkuangya.com\/pt\/product\/afdd-1-arc-fault-detection-device\/","title":{"rendered":"AFDD-1 Dispositivo de detec\u00e7\u00e3o de falha de arco | Prote\u00e7\u00e3o contra inc\u00eandio com fun\u00e7\u00e3o RCBO"},"content":{"rendered":"<section id=\"product-description\" class=\"description\"><!-- Overview --><\/p>\n<h2>Vis\u00e3o geral<\/h2>\n<p>O <strong>AFDD-1<\/strong> O dispositivo de detec\u00e7\u00e3o de falha de arco integra <em>detec\u00e7\u00e3o de falha de arco (AFDD)<\/em>,<br \/>\n<em>prote\u00e7\u00e3o contra sobrecorrente (MCB)<\/em> e <em>prote\u00e7\u00e3o contra corrente residual (RCCB, Tipo A)<\/em> em um m\u00f3dulo 1P+N compacto.<br \/>\nEle est\u00e1 em conformidade com <strong>EN62606<\/strong> e <strong>EN61009-1<\/strong>, proporcionando detec\u00e7\u00e3o precoce de falhas de arco em s\u00e9rie\/paralelo<br \/>\ne desconex\u00e3o r\u00e1pida para reduzir os riscos de inc\u00eandio em instala\u00e7\u00f5es residenciais, comerciais e industriais.<\/p>\n<p><!-- Features --><\/p>\n<h2>Recursos<\/h2>\n<ul>\n<li>Prote\u00e7\u00e3o tripla: <strong>AFDD + MCB + RCCB (Tipo A)<\/strong><\/li>\n<li>Capacidade nominal de curto-circuito: <strong>6 kA<\/strong>; Curvas de disparo: <strong>B\/C<\/strong><\/li>\n<li>Indica\u00e7\u00e3o de LED para status do dispositivo e motivo do disparo; automonitoramento cont\u00ednuo<\/li>\n<li>Compacto <strong>1P+N (1 m\u00f3dulo)<\/strong> design, terminais de parafuso na parte superior\/inferior<\/li>\n<li>Grampos de al\u00edvio de tens\u00e3o, controle deslizante de encaixe; f\u00e1cil montagem em <strong>Trilho DIN de 35 mm<\/strong><\/li>\n<li>Resist\u00eancia mec\u00e2nica \u2265 <strong>20,000<\/strong> ciclos; resist\u00eancia el\u00e9trica \u2265 <strong>4,000<\/strong> ciclos<\/li>\n<\/ul>\n<p><!-- Technical Data --><\/p>\n<h2>Dados t\u00e9cnicos<\/h2>\n<table class=\"tech-table\">\n<tbody>\n<tr>\n<th>S\u00e9rie<\/th>\n<td>AFDD<\/td>\n<\/tr>\n<tr>\n<th>Modelo<\/th>\n<td>AFDD-1<\/td>\n<\/tr>\n<tr>\n<th>Postes<\/th>\n<td>1P+N (1 m\u00f3dulo)<\/td>\n<\/tr>\n<tr>\n<th>Corrente nominal (CA)<\/th>\n<td>6A, 10A, 13A, 16A, 20A, 25A, 32A, 40A<\/td>\n<\/tr>\n<tr>\n<th>Tipo de corrente residual<\/th>\n<td>Tipo A<\/td>\n<\/tr>\n<tr>\n<th>Corrente residual nominal I\u0394n<\/th>\n<td>10 mA, 30 mA<\/td>\n<\/tr>\n<tr>\n<th>Tens\u00e3o m\u00ednima\/m\u00e1xima do circuito de teste<\/th>\n<td>196 V \/ 253 V<\/td>\n<\/tr>\n<tr>\n<th>Caracter\u00edstica de disparo<\/th>\n<td>B, C<\/td>\n<\/tr>\n<tr>\n<th>Frequ\u00eancia de opera\u00e7\u00e3o<\/th>\n<td>50 Hz<\/td>\n<\/tr>\n<tr>\n<th>Tens\u00e3o de resist\u00eancia a impulsos (Uimp)<\/th>\n<td>4 kV<\/td>\n<\/tr>\n<tr>\n<th>Tens\u00e3o nominal (CA)<\/th>\n<td>240 V<\/td>\n<\/tr>\n<tr>\n<th>Corrente nominal de curto-circuito (Icn)<\/th>\n<td>6 kA<\/td>\n<\/tr>\n<tr>\n<th>Intensidade da corrente de surto<\/th>\n<td>0,25 kA<\/td>\n<\/tr>\n<tr>\n<th>Capacidade total m\u00e1xima de comuta\u00e7\u00e3o<\/th>\n<td>6 kA<\/td>\n<\/tr>\n<tr>\n<th>Tens\u00e3o nominal de isolamento<\/th>\n<td>250 V<\/td>\n<\/tr>\n<tr>\n<th>Perda de calor por polo<\/th>\n<td>3 W<\/td>\n<\/tr>\n<tr>\n<th>Fus\u00edvel de backup de curto-circuito (SCPD)<\/th>\n<td>100 A (gG)<\/td>\n<\/tr>\n<tr>\n<th>Classe de sobretens\u00e3o<\/th>\n<td>III<\/td>\n<\/tr>\n<tr>\n<th>Terminais<\/th>\n<td>Tipo de parafuso, superior e inferior (circuito de carga)<\/td>\n<\/tr>\n<tr>\n<th>Posi\u00e7\u00e3o do condutor neutro<\/th>\n<td>Esquerda \/ Direita<\/td>\n<\/tr>\n<tr>\n<th>Comprimento m\u00e1ximo do cabo de conex\u00e3o<\/th>\n<td>70 m (DB para soquete externo)<\/td>\n<\/tr>\n<tr>\n<th>\u00c1rea de fixa\u00e7\u00e3o<\/th>\n<td>1-25 mm\u00b2<\/td>\n<\/tr>\n<tr>\n<th>Torque de aperto<\/th>\n<td>2,0-2,4 Nm<\/td>\n<\/tr>\n<tr>\n<th>Resist\u00eancia mec\u00e2nica<\/th>\n<td>\u2265 20.000 ciclos<\/td>\n<\/tr>\n<tr>\n<th>Resist\u00eancia el\u00e9trica<\/th>\n<td>\u2265 4.000 ciclos<\/td>\n<\/tr>\n<tr>\n<th>Temperatura de armazenamento\/opera\u00e7\u00e3o<\/th>\n<td>-35\u2103...+60\u2103 \/ -25\u2103...+40\u2103<\/td>\n<\/tr>\n<tr>\n<th>Tipo \/ material do compartimento<\/th>\n<td>Caixa do quadro de distribui\u00e7\u00e3o \/ Termopl\u00e1stico<\/td>\n<\/tr>\n<tr>\n<th>Montagem<\/th>\n<td>Trilho DIN (35 mm)<\/td>\n<\/tr>\n<tr>\n<th>Classe de prote\u00e7\u00e3o<\/th>\n<td>IP20 (instalado: IP40)<\/td>\n<\/tr>\n<tr>\n<th>Padr\u00f5es<\/th>\n<td>EN62606, EN61009-1<\/td>\n<\/tr>\n<tr>\n<th>Categoria de limita\u00e7\u00e3o de pot\u00eancia<\/th>\n<td>3<\/td>\n<\/tr>\n<tr>\n<th>Grau de polui\u00e7\u00e3o (EN60664)<\/th>\n<td>2<\/td>\n<\/tr>\n<tr>\n<th>Certifica\u00e7\u00f5es<\/th>\n<td>UKCA, CE<\/td>\n<\/tr>\n<\/tbody>\n<\/table>\n<p><!-- Applications --><\/p>\n<h2>Aplicativos<\/h2>\n<p>Prote\u00e7\u00e3o contra inc\u00eandio para circuitos finais de at\u00e9 40 A em edif\u00edcios residenciais, comerciais e p\u00fablicos<br \/>\n(quartos, escrit\u00f3rios, hospitais, escolas). Adequado para <strong>TN-S<\/strong> e <strong>TN-C-S<\/strong> redes.<br \/>\nN\u00e3o \u00e9 adequado para sistemas TN-C ou circuitos com correntes residuais CC suaves n\u00e3o iguais a 50 Hz.<\/p>\n<p><!-- Certifications --><\/p>\n<h2>Certifica\u00e7\u00f5es<\/h2>\n<ul>\n<li>UKCA<\/li>\n<li>CE<\/li>\n<li>Normas: EN62606 (AFDD), EN61009-1 (RCBO)<\/li>\n<\/ul>\n<p><!-- FAQ --><\/p>\n<h2>PERGUNTAS FREQUENTES<\/h2>\n<details>\n<summary>Qual \u00e9 a diferen\u00e7a entre AFDD e RCCB?<\/summary>\n<p>O AFDD detecta falhas de arco em s\u00e9rie\/paralelo para evitar inc\u00eandios; o RCCB dispara na corrente residual (de fuga). O AFDD-1 integra AFDD + MCB + RCCB em um \u00fanico dispositivo.<\/p>\n<\/details>\n<details>\n<summary>O AFDD-1 pode ser usado em sistemas TN-C?<\/summary>\n<p>N\u00e3o. O AFDD-1 \u00e9 destinado a redes TN-S e TN-C-S.<\/p>\n<\/details>\n<details>\n<summary>Quais tipos de vazamento s\u00e3o detectados?<\/summary>\n<p>Tipo A: correntes residuais CA senoidais e CC pulsantes.<\/p>\n<\/details>\n<\/section>","protected":false},"excerpt":{"rendered":"<ul>\n<li data-start=\"268\" data-end=\"366\">\n<p data-start=\"270\" data-end=\"366\">Dispositivo de detec\u00e7\u00e3o de falha de arco (AFDD) com prote\u00e7\u00e3o integrada contra sobrecorrente e corrente residual.<\/p>\n<\/li>\n<li data-start=\"367\" data-end=\"456\">\n<p data-start=\"369\" data-end=\"456\">Faixa de corrente nominal: <strong data-start=\"390\" data-end=\"400\">6A-40A<\/strong>, tipo de corrente residual <strong data-start=\"424\" data-end=\"429\">A<\/strong>, curva de disparo <strong data-start=\"446\" data-end=\"453\">B\/C<\/strong>.<\/p>\n<\/li>\n<li data-start=\"457\" data-end=\"531\">\n<p data-start=\"459\" data-end=\"531\">Em conformidade com <strong data-start=\"473\" data-end=\"496\">EN62606 E EN61009-1<\/strong>, capacidade de curto-circuito <strong data-start=\"521\" data-end=\"528\">6kA<\/strong>.<\/p>\n<\/li>\n<\/ul>","protected":false},"featured_media":2441,"comment_status":"open","ping_status":"closed","template":"","meta":[],"product_brand":[],"product_cat":[33],"product_tag":[],"class_list":{"0":"post-1526","1":"product","2":"type-product","3":"status-publish","4":"has-post-thumbnail","6":"product_cat-afdd","8":"first","9":"instock","10":"shipping-taxable","11":"product-type-simple"},"_links":{"self":[{"href":"https:\/\/cnkuangya.com\/pt\/wp-json\/wp\/v2\/product\/1526","targetHints":{"allow":["GET"]}}],"collection":[{"href":"https:\/\/cnkuangya.com\/pt\/wp-json\/wp\/v2\/product"}],"about":[{"href":"https:\/\/cnkuangya.com\/pt\/wp-json\/wp\/v2\/types\/product"}],"replies":[{"embeddable":true,"href":"https:\/\/cnkuangya.com\/pt\/wp-json\/wp\/v2\/comments?post=1526"}],"wp:featuredmedia":[{"embeddable":true,"href":"https:\/\/cnkuangya.com\/pt\/wp-json\/wp\/v2\/media\/2441"}],"wp:attachment":[{"href":"https:\/\/cnkuangya.com\/pt\/wp-json\/wp\/v2\/media?parent=1526"}],"wp:term":[{"taxonomy":"product_brand","embeddable":true,"href":"https:\/\/cnkuangya.com\/pt\/wp-json\/wp\/v2\/product_brand?post=1526"},{"taxonomy":"product_cat","embeddable":true,"href":"https:\/\/cnkuangya.com\/pt\/wp-json\/wp\/v2\/product_cat?post=1526"},{"taxonomy":"product_tag","embeddable":true,"href":"https:\/\/cnkuangya.com\/pt\/wp-json\/wp\/v2\/product_tag?post=1526"}],"curies":[{"name":"wp","href":"https:\/\/api.w.org\/{rel}","templated":true}]}}