{"id":1415,"date":"2025-09-10T10:20:19","date_gmt":"2025-09-10T10:20:19","guid":{"rendered":"https:\/\/cnkuangya.com\/?post_type=product&#038;p=1415"},"modified":"2025-12-01T06:38:19","modified_gmt":"2025-12-01T06:38:19","slug":"type-1-2-surge-protection-device-single-phase","status":"publish","type":"product","link":"https:\/\/cnkuangya.com\/pt\/product\/type-1-2-surge-protection-device-single-phase\/","title":{"rendered":"Dispositivo de prote\u00e7\u00e3o contra surtos do tipo 1+2 monof\u00e1sico KYSPD-7T1+2-1+1 | Kuangya"},"content":{"rendered":"<section id=\"overview\">O Kuangya KYSPD-7T1+2-1+1 \u00e9 um <strong>dispositivo de prote\u00e7\u00e3o contra surtos tipo 1+2 monof\u00e1sico<\/strong><br \/>\nprojetado para instala\u00e7\u00e3o na entrada de servi\u00e7o de sistemas de 230 V CA.<br \/>\nOferece prote\u00e7\u00e3o combinada do Tipo 1 e do Tipo 2, capaz de descarregar alta energia<br \/>\nUsando uma topologia 1+1 com prote\u00e7\u00e3o MOV entre L-N e GDT coordenado, o GDT pode ser usado para proteger o sistema contra raios (10\/350 \u03bcs), bem como contra surtos de comuta\u00e7\u00e3o (8\/20 \u03bcs).<br \/>\nprote\u00e7\u00e3o entre N-PE, esse SPD garante prote\u00e7\u00e3o abrangente para resid\u00eancias,<br \/>\ninstala\u00e7\u00f5es el\u00e9tricas comerciais e industriais. Seu design de cartucho plug\u00e1vel<br \/>\nsimplifica a substitui\u00e7\u00e3o, enquanto o seccionador t\u00e9rmico integrado e o indicador vis\u00edvel<br \/>\ngarantem uma opera\u00e7\u00e3o segura. Os contatos RC opcionais permitem o monitoramento remoto.<\/p>\n<\/section>\n<section id=\"features\">\n<h3>Principais recursos<\/h3>\n<ul>\n<li>DPS tipo 1+2 para sistemas monof\u00e1sicos de 230 V CA.<\/li>\n<li>Corrente de impulso (Iimp): 7 kA (10\/350 \u03bcs).<\/li>\n<li>Corrente de descarga nominal (In): 20 kA (8\/20 \u03bcs).<\/li>\n<li>N\u00edvel de prote\u00e7\u00e3o de tens\u00e3o (para cima): \u2264 1,5-2,0 kV.<\/li>\n<li>Tens\u00e3o de opera\u00e7\u00e3o cont\u00ednua (Uc): 230 V CA.<\/li>\n<li>Fus\u00edvel de reserva: m\u00e1ximo de 160 A gL\/gG; ISCCR 25 kA CA.<\/li>\n<li>Tempo de resposta &lt; 25 ns (L-N), &lt; 100 ns (N-PE).<\/li>\n<li>Contatos de sinaliza\u00e7\u00e3o RC opcionais para monitoramento remoto.<\/li>\n<li>Carca\u00e7a de termopl\u00e1stico UL94 V-0, IP20; temperatura operacional de -40 \u00b0C a +80 \u00b0C.<\/li>\n<li>Montagem em trilho DIN (EN 60715); em conformidade com a norma IEC\/EN 61643-11.<\/li>\n<\/ul>\n<\/section>\n<section id=\"specs\">\n<h3>Especifica\u00e7\u00f5es<\/h3>\n<table>\n<tbody>\n<tr>\n<th>C\u00f3digo do produto<\/th>\n<td>KYSPD-7T1+2-1+1<\/td>\n<\/tr>\n<tr>\n<th>Categoria<\/th>\n<td>Dispositivo de prote\u00e7\u00e3o contra surtos tipo 1+2 monof\u00e1sico<\/td>\n<\/tr>\n<tr>\n<th>Tens\u00e3o nominal do sistema<\/th>\n<td>230 V CA<\/td>\n<\/tr>\n<tr>\n<th>Topologia<\/th>\n<td>1+1 (L-N MOV, N-PE GDT)<\/td>\n<\/tr>\n<tr>\n<th>Corrente de impulso (Iimp, 10\/350 \u03bcs)<\/th>\n<td>7 kA<\/td>\n<\/tr>\n<tr>\n<th>Corrente de descarga nominal (In, 8\/20 \u03bcs)<\/th>\n<td>20 kA<\/td>\n<\/tr>\n<tr>\n<th>N\u00edvel de prote\u00e7\u00e3o de tens\u00e3o (para cima)<\/th>\n<td>\u2264 1,5-2,0 kV<\/td>\n<\/tr>\n<tr>\n<th>Tens\u00e3o operacional cont\u00ednua (Uc)<\/th>\n<td>230 V CA<\/td>\n<\/tr>\n<tr>\n<th>Tempo de resposta<\/th>\n<td>&lt; 25 ns (L-N) \/ &lt; 100 ns (N-PE)<\/td>\n<\/tr>\n<tr>\n<th>Fus\u00edvel de reserva (m\u00e1x.)<\/th>\n<td>160 A gL\/gG<\/td>\n<\/tr>\n<tr>\n<th>Classifica\u00e7\u00e3o de corrente de curto-circuito (ISCCR)<\/th>\n<td>25 kA CA<\/td>\n<\/tr>\n<tr>\n<th>Temperatura operacional<\/th>\n<td>-40 \u00b0C a +80 \u00b0C<\/td>\n<\/tr>\n<tr>\n<th>Montagem<\/th>\n<td>Trilho DIN de 35 mm, EN 60715<\/td>\n<\/tr>\n<tr>\n<th>Gabinete \/ Prote\u00e7\u00e3o<\/th>\n<td>Termopl\u00e1stico UL94 V-0 \/ IP20<\/td>\n<\/tr>\n<tr>\n<th>Sinaliza\u00e7\u00e3o remota (RC)<\/th>\n<td>Opcional; CA 250 V \/ 0,5 A; CC 250 V \/ 0,1 A<\/td>\n<\/tr>\n<tr>\n<th>Padr\u00f5es<\/th>\n<td>IEC\/EN 61643-11<\/td>\n<\/tr>\n<\/tbody>\n<\/table>\n<\/section>\n<section id=\"wiring\">\n<h3>Fia\u00e7\u00e3o e dimens\u00f5es<\/h3>\n<p>Diagrama de conex\u00e3o do dispositivo de prote\u00e7\u00e3o contra surtos tipo 1+2 monof\u00e1sico KYSPD-7T1+2-1+1<\/p>\n<p><img loading=\"lazy\" decoding=\"async\" class=\"alignnone wp-image-1416\" src=\"https:\/\/cnkuangya.com\/wp-content\/uploads\/2025\/09\/SPD-T2-1P1-Dimension-300x250.png\" alt=\"Diagrama de conex\u00e3o do dispositivo de prote\u00e7\u00e3o contra surtos tipo 1+2 monof\u00e1sico KYSPD-7T1+2-1+1\" width=\"401\" height=\"334\" srcset=\"https:\/\/cnkuangya.com\/wp-content\/uploads\/2025\/09\/SPD-T2-1P1-Dimension-300x250.png 300w, https:\/\/cnkuangya.com\/wp-content\/uploads\/2025\/09\/SPD-T2-1P1-Dimension.png 582w\" sizes=\"auto, (max-width: 401px) 100vw, 401px\" \/><\/p>\n<p>Diagrama de conex\u00e3o do dispositivo de prote\u00e7\u00e3o contra surtos tipo 1+2 monof\u00e1sico KYSPD-7T1+2-1+1<\/p>\n<p><img loading=\"lazy\" decoding=\"async\" class=\"alignnone wp-image-1417\" src=\"https:\/\/cnkuangya.com\/wp-content\/uploads\/2025\/09\/SPD-T2-1P1-wiring-diagram-216x300.png\" alt=\"Dimens\u00f5es do dispositivo de prote\u00e7\u00e3o contra surtos tipo 1+2 monof\u00e1sico KYSPD-7T1+2-1+1\" width=\"400\" height=\"556\" srcset=\"https:\/\/cnkuangya.com\/wp-content\/uploads\/2025\/09\/SPD-T2-1P1-wiring-diagram-216x300.png 216w, https:\/\/cnkuangya.com\/wp-content\/uploads\/2025\/09\/SPD-T2-1P1-wiring-diagram-300x416.png 300w, https:\/\/cnkuangya.com\/wp-content\/uploads\/2025\/09\/SPD-T2-1P1-wiring-diagram.png 521w\" sizes=\"auto, (max-width: 400px) 100vw, 400px\" \/><\/p>\n<p>&nbsp;<\/p>\n<\/section>\n<section id=\"applications\">\n<h3>Aplicativos<\/h3>\n<ul>\n<li>Pain\u00e9is de distribui\u00e7\u00e3o principal em edif\u00edcios residenciais e comerciais.<\/li>\n<li>Prote\u00e7\u00e3o da entrada de servi\u00e7o contra surtos induzidos por raios.<\/li>\n<li>Redes TT\/TN monof\u00e1sicas que exigem prote\u00e7\u00e3o combinada Tipo 1+2.<\/li>\n<\/ul>\n<\/section>\n<section id=\"faq\">\n<h3>PERGUNTAS FREQUENTES<\/h3>\n<ul>\n<li><strong>Qual \u00e9 a classe de prote\u00e7\u00e3o do KYSPD-7T1+2-1+1?<\/strong> \u00c9 um SPD Tipo 1+2 combinado para sistemas monof\u00e1sicos.<\/li>\n<li><strong>Qual \u00e9 sua classifica\u00e7\u00e3o de sobretens\u00e3o?<\/strong> Iimp 7 kA (10\/350 \u03bcs), In 20 kA (8\/20 \u03bcs).<\/li>\n<li><strong>Para quais sistemas ele \u00e9 adequado?<\/strong> Sistemas TT e TN monof\u00e1sicos de 230 V CA.<\/li>\n<li><strong>Ele oferece suporte ao monitoramento?<\/strong> Sim, h\u00e1 contatos RC opcionais dispon\u00edveis.<\/li>\n<li><strong>Qual \u00e9 a classifica\u00e7\u00e3o m\u00e1xima do fus\u00edvel de reserva?<\/strong> 160 A gL\/gG.<\/li>\n<\/ul>\n<\/section>\n<section id=\"cta\">Para obter pre\u00e7os detalhados e suporte t\u00e9cnico, favor <a href=\"\/pt\/contact-us\/\">Entre em contato conosco<\/a>.Explore mais solu\u00e7\u00f5es Kuangya: <a href=\"\/pt\/dc-spd\/\">DC SPD<\/a>, <a href=\"\/pt\/ac-surge-protective-device\/\">Prote\u00e7\u00e3o contra surtos de CA<\/a>.<\/p>\n<\/section>","protected":false},"excerpt":{"rendered":"<ul>\n<li data-start=\"663\" data-end=\"778\">\n<p data-start=\"665\" data-end=\"778\"><strong data-start=\"665\" data-end=\"714\">Dispositivo de prote\u00e7\u00e3o contra surtos tipo 1+2 monof\u00e1sico<\/strong>, projetado para <strong data-start=\"729\" data-end=\"775\">230 V CA Topologia 1+1 (L-N MOV + N-PE GDT)<\/strong>.<\/p>\n<\/li>\n<li data-start=\"779\" data-end=\"869\">\n<p data-start=\"781\" data-end=\"869\">Classifica\u00e7\u00f5es de surto: <strong data-start=\"796\" data-end=\"821\">Iimp 7 kA (10\/350 \u00b5s)<\/strong>, <strong data-start=\"823\" data-end=\"845\">Em 20 kA (8\/20 \u00b5s)<\/strong>, <strong data-start=\"847\" data-end=\"866\">At\u00e9 \u2264 1,5-2,0 kV<\/strong>.<\/p>\n<\/li>\n<li data-start=\"870\" data-end=\"968\">\n<p data-start=\"872\" data-end=\"968\">M\u00f3dulo compacto plug\u00e1vel, seccionador t\u00e9rmico com indicador de falha, <strong data-start=\"941\" data-end=\"965\">contatos RC opcionais<\/strong>.<\/p>\n<\/li>\n<\/ul>","protected":false},"featured_media":1580,"comment_status":"open","ping_status":"closed","template":"","meta":[],"product_brand":[],"product_cat":[31],"product_tag":[],"class_list":{"0":"post-1415","1":"product","2":"type-product","3":"status-publish","4":"has-post-thumbnail","6":"product_cat-ac-spd","8":"first","9":"instock","10":"shipping-taxable","11":"product-type-simple"},"_links":{"self":[{"href":"https:\/\/cnkuangya.com\/pt\/wp-json\/wp\/v2\/product\/1415","targetHints":{"allow":["GET"]}}],"collection":[{"href":"https:\/\/cnkuangya.com\/pt\/wp-json\/wp\/v2\/product"}],"about":[{"href":"https:\/\/cnkuangya.com\/pt\/wp-json\/wp\/v2\/types\/product"}],"replies":[{"embeddable":true,"href":"https:\/\/cnkuangya.com\/pt\/wp-json\/wp\/v2\/comments?post=1415"}],"wp:featuredmedia":[{"embeddable":true,"href":"https:\/\/cnkuangya.com\/pt\/wp-json\/wp\/v2\/media\/1580"}],"wp:attachment":[{"href":"https:\/\/cnkuangya.com\/pt\/wp-json\/wp\/v2\/media?parent=1415"}],"wp:term":[{"taxonomy":"product_brand","embeddable":true,"href":"https:\/\/cnkuangya.com\/pt\/wp-json\/wp\/v2\/product_brand?post=1415"},{"taxonomy":"product_cat","embeddable":true,"href":"https:\/\/cnkuangya.com\/pt\/wp-json\/wp\/v2\/product_cat?post=1415"},{"taxonomy":"product_tag","embeddable":true,"href":"https:\/\/cnkuangya.com\/pt\/wp-json\/wp\/v2\/product_tag?post=1415"}],"curies":[{"name":"wp","href":"https:\/\/api.w.org\/{rel}","templated":true}]}}