{"id":787,"date":"2025-08-29T09:33:26","date_gmt":"2025-08-29T09:33:26","guid":{"rendered":"https:\/\/cnkuangya.com\/?post_type=product&#038;p=787"},"modified":"2025-08-30T10:32:39","modified_gmt":"2025-08-30T10:32:39","slug":"dc-disconnector-switch-nl1","status":"publish","type":"product","link":"https:\/\/cnkuangya.com\/fr\/product\/dc-disconnector-switch-nl1\/","title":{"rendered":"S\u00e9rie NL1 Interrupteur-sectionneur DC | 2P\/4P 1200VDC DIN-Rail"},"content":{"rendered":"<div class=\"product-description\">\n<h2>Vue d'ensemble<\/h2>\n<p>Le <strong>interrupteur de d\u00e9connexion c.c.<\/strong> La s\u00e9rie NL1 est con\u00e7ue pour \u00eatre int\u00e9gr\u00e9e dans<br \/>\n<a href=\"\/fr\/pv-combiner-box\/\">Bo\u00eetes de raccordement PV<\/a>, les entr\u00e9es de l'onduleur, et<br \/>\n<a href=\"\/fr\/dc-photovoltaic-protection\/\">Panneaux de distribution CC<\/a>.<br \/>\nIl permet d'isoler en toute s\u00e9curit\u00e9 les cha\u00eenes photovolta\u00efques avec <strong>2 p\u00f4les et 4 p\u00f4les<\/strong> options<br \/>\net une tension nominale allant jusqu'\u00e0 <strong>1200VDC<\/strong>.<br \/>\nDot\u00e9 d'un corps compact et d'une poign\u00e9e rotative noire, le NL1 est une solution \u00e9conomique et fiable pour l'int\u00e9rieur.<\/p>\n<h2>Caract\u00e9ristiques principales<\/h2>\n<ul>\n<li><strong>interrupteur de d\u00e9connexion c.c.<\/strong> jusqu'\u00e0 1200VDC<\/li>\n<li>Disponible en configurations 2P et 4P<\/li>\n<li>Montage sur rail DIN, bo\u00eetier IP20<\/li>\n<li>C\u00e2blage sans polarit\u00e9, + et - interchangeables<\/li>\n<li>Courants nominaux : 16A \/ 25A \/ 32A<\/li>\n<li>Endurance m\u00e9canique : 18k cycles ; \u00e9lectrique : 2k cycles<\/li>\n<li>R\u00e9sistance aux chocs : 8,0 kV, R\u00e9sistance aux courts-circuits : 1kA, 1s<\/li>\n<li>Conforme \u00e0 <a href=\"https:\/\/webstore.iec.ch\/publication\/26113\" target=\"_blank\" rel=\"dofollow noopener\">IEC 60947-3<\/a><\/li>\n<\/ul>\n<h2>Caract\u00e9ristiques \u00e9lectriques<\/h2>\n<table>\n<tbody>\n<tr>\n<td>Fonction<\/td>\n<td>Isolateur, contr\u00f4le<\/td>\n<\/tr>\n<tr>\n<td>P\u00f4les<\/td>\n<td>2P \/ 4P<\/td>\n<\/tr>\n<tr>\n<td>Tension op\u00e9rationnelle nominale (Ue)<\/td>\n<td>300-1200 VDC<\/td>\n<\/tr>\n<tr>\n<td>Tension d'isolation nominale (Ui)<\/td>\n<td>1200 VDC<\/td>\n<\/tr>\n<tr>\n<td>R\u00e9sistance \u00e0 court terme (Icw)<\/td>\n<td>1 kA, 1 s<\/td>\n<\/tr>\n<tr>\n<td>Tension de r\u00e9sistance aux impulsions (Uimp)<\/td>\n<td>8,0 kV<\/td>\n<\/tr>\n<tr>\n<td>Protection contre les infiltrations<\/td>\n<td>IP20<\/td>\n<\/tr>\n<tr>\n<td>Dur\u00e9e de vie<\/td>\n<td>M\u00e9canique 18 000 \/ \u00c9lectricit\u00e9 2 000<\/td>\n<\/tr>\n<\/tbody>\n<\/table>\n<h2>Tension \/ Courant nominal<\/h2>\n<table>\n<tbody>\n<tr>\n<th>Type<\/th>\n<th>300V<\/th>\n<th>600V<\/th>\n<th>800V<\/th>\n<th>1000V<\/th>\n<th>1200V<\/th>\n<\/tr>\n<tr>\n<td>FMPV16-NL1<\/td>\n<td>16A<\/td>\n<td>16A<\/td>\n<td>12A<\/td>\n<td>8A<\/td>\n<td>6A<\/td>\n<\/tr>\n<tr>\n<td>FMPV25-NL1<\/td>\n<td>25A<\/td>\n<td>25A<\/td>\n<td>15A<\/td>\n<td>9A<\/td>\n<td>7A<\/td>\n<\/tr>\n<tr>\n<td>FMPV32-NL1<\/td>\n<td>32A<\/td>\n<td>32A<\/td>\n<td>17A<\/td>\n<td>10A<\/td>\n<td>8A<\/td>\n<\/tr>\n<\/tbody>\n<\/table>\n<h2>Configurations de commutation<\/h2>\n<ul>\n<li>2P - isoler une cha\u00eene PV<\/li>\n<li>4P - isoler simultan\u00e9ment deux cordes<\/li>\n<li>4T \/ 4B \/ 4S - quatre p\u00f4les en s\u00e9rie avec c\u00e2blage flexible<\/li>\n<li>2H - deux p\u00f4les en parall\u00e8le pour un courant plus \u00e9lev\u00e9<\/li>\n<\/ul>\n<h2>Dimensions<\/h2>\n<p><img decoding=\"async\" src=\"\/wp-content\/uploads\/nl1-dimensions.png\" alt=\"interrupteur-sectionneur dc NL1 1200V rail DIN dimensions dessin\" \/><\/p>\n<p><em>(Ins\u00e9rer ici le dessin du produit)<\/em><\/p>\n<h2>Applications<\/h2>\n<p>Le NL1 <strong>interrupteur de d\u00e9connexion c.c.<\/strong> est couramment utilis\u00e9 dans les syst\u00e8mes photovolta\u00efques d'int\u00e9rieur qui n\u00e9cessitent des syst\u00e8mes compacts et fiables.<br \/>\nune isolation DC fiable. Il est id\u00e9al pour <a href=\"\/fr\/pv-combiner-box\/\">bo\u00eetes combin\u00e9es<\/a>, les connexions de l'onduleur,<br \/>\net <a href=\"\/fr\/dc-fuse\/\">Fusible DC<\/a> panneaux. Pour les installations \u00e0 panneaux minces, voir<br \/>\n<a href=\"\/fr\/nl1-t-dc-switch-disconnectors\/\">S\u00e9rie NL1-T<\/a>.<\/p>\n<\/div>\n<h2>FAQ<\/h2>\n<p><strong>Q1 : A quoi sert l'interrupteur-sectionneur \u00e0 courant continu NL1 ?<\/strong><br \/>\nA1 : Le NL1 est con\u00e7u pour une isolation DC s\u00fbre dans les bo\u00eetes de raccordement PV, les entr\u00e9es d'onduleurs et les panneaux de distribution DC.<\/p>\n<p><strong>Q2 : Quelles sont les versions disponibles de la s\u00e9rie NL1 ?<\/strong><br \/>\nA2 : Le NL1 est disponible en versions 2P et 4P, supportant des tensions jusqu'\u00e0 1200VDC.<\/p>\n<p><strong>Q3 : Quel est le type de poign\u00e9e de NL1 ?<\/strong><br \/>\nA3 : Le NL1 est dot\u00e9 d'une poign\u00e9e rotative noire compacte et d'une commande par pouss\u00e9e standard.<\/p>\n<p><strong>Q4 : Le NL1 est-il conforme aux normes internationales ?<\/strong><br \/>\nA4 : Oui, il est conforme \u00e0 <a href=\"https:\/\/webstore.iec.ch\/publication\/26113\" target=\"_blank\" rel=\"dofollow noopener\">IEC 60947-3<\/a>.<\/p>\n<p><strong>Q5 : Le NL1 est-il sensible \u00e0 la polarit\u00e9 ?<\/strong><br \/>\nA5 : Non, le NL1 est sans polarit\u00e9, les connexions + et - peuvent donc \u00eatre interchang\u00e9es.<\/p>\n<p><strong>Q6 : Quelle est l'endurance du NL1 ?<\/strong><br \/>\nR6 : Il offre 18 000 op\u00e9rations m\u00e9caniques et 2 000 op\u00e9rations \u00e9lectriques.<\/p>\n<p><strong>Q7 : Le NL1 peut-il \u00eatre install\u00e9 sur des rails DIN ?<\/strong><br \/>\nA7 : Oui, le NL1 est con\u00e7u pour une installation sur rail DIN de 35 mm.<\/p>\n<p><strong>Q8 : Quelles sont les notations actuelles prises en charge ?<\/strong><br \/>\nA8 : Les mod\u00e8les NL1 sont disponibles en 16A, 25A et 32A.<\/p>\n<p><strong>Q9 : Quelles sont les applications pour lesquelles NL1 est le mieux adapt\u00e9 ?<\/strong><br \/>\nA9 : Il est id\u00e9al pour les syst\u00e8mes photovolta\u00efques r\u00e9sidentiels et commerciaux n\u00e9cessitant un montage compact sur rail DIN.<\/p>\n<p><strong>Q10 : La personnalisation OEM\/ODM est-elle possible ?<\/strong><br \/>\nR10 : Oui, l'\u00e9tiquetage OEM\/ODM et la personnalisation sont disponibles sur demande.<\/p>","protected":false},"excerpt":{"rendered":"<ul>\n<li data-start=\"350\" data-end=\"423\">\n<p data-start=\"353\" data-end=\"423\">S\u00e9rie NL1 <strong data-start=\"364\" data-end=\"390\">interrupteur de d\u00e9connexion c.c.<\/strong>, Le syst\u00e8me de contr\u00f4le de la qualit\u00e9 est un syst\u00e8me de contr\u00f4le de la qualit\u00e9, sur rail DIN 2P\/4P, jusqu'\u00e0 1200VDC.<\/p>\n<\/li>\n<li data-start=\"424\" data-end=\"489\">\n<p data-start=\"427\" data-end=\"489\">Protection IP20, poign\u00e9e rotative noire \u00e0 structure compacte.<\/p>\n<\/li>\n<li data-start=\"490\" data-end=\"573\">\n<p data-start=\"493\" data-end=\"573\">Conforme \u00e0 la norme IEC 60947-3, id\u00e9al pour <strong data-start=\"526\" data-end=\"547\">Bo\u00eetes de raccordement PV<\/strong> et panneaux DC avec onduleur<\/p>\n<\/li>\n<\/ul>","protected":false},"featured_media":839,"comment_status":"open","ping_status":"closed","template":"","meta":[],"product_brand":[],"product_cat":[24],"product_tag":[],"class_list":{"0":"post-787","1":"product","2":"type-product","3":"status-publish","4":"has-post-thumbnail","6":"product_cat-dc-switch-disconnector","8":"first","9":"instock","10":"shipping-taxable","11":"product-type-simple"},"_links":{"self":[{"href":"https:\/\/cnkuangya.com\/fr\/wp-json\/wp\/v2\/product\/787","targetHints":{"allow":["GET"]}}],"collection":[{"href":"https:\/\/cnkuangya.com\/fr\/wp-json\/wp\/v2\/product"}],"about":[{"href":"https:\/\/cnkuangya.com\/fr\/wp-json\/wp\/v2\/types\/product"}],"replies":[{"embeddable":true,"href":"https:\/\/cnkuangya.com\/fr\/wp-json\/wp\/v2\/comments?post=787"}],"wp:featuredmedia":[{"embeddable":true,"href":"https:\/\/cnkuangya.com\/fr\/wp-json\/wp\/v2\/media\/839"}],"wp:attachment":[{"href":"https:\/\/cnkuangya.com\/fr\/wp-json\/wp\/v2\/media?parent=787"}],"wp:term":[{"taxonomy":"product_brand","embeddable":true,"href":"https:\/\/cnkuangya.com\/fr\/wp-json\/wp\/v2\/product_brand?post=787"},{"taxonomy":"product_cat","embeddable":true,"href":"https:\/\/cnkuangya.com\/fr\/wp-json\/wp\/v2\/product_cat?post=787"},{"taxonomy":"product_tag","embeddable":true,"href":"https:\/\/cnkuangya.com\/fr\/wp-json\/wp\/v2\/product_tag?post=787"}],"curies":[{"name":"wp","href":"https:\/\/api.w.org\/{rel}","templated":true}]}}