{"id":1575,"date":"2025-09-16T09:37:52","date_gmt":"2025-09-16T09:37:52","guid":{"rendered":"https:\/\/cnkuangya.com\/?post_type=product&#038;p=1575"},"modified":"2025-09-22T09:13:26","modified_gmt":"2025-09-22T09:13:26","slug":"rccb-63a-30ma-vml01","status":"publish","type":"product","link":"https:\/\/cnkuangya.com\/fr\/product\/rccb-63a-30ma-vml01\/","title":{"rendered":"RCCB 63A 30mA VML01 - Disjoncteur \u00e0 courant r\u00e9siduel"},"content":{"rendered":"<div class=\"product-description\">\n<h2>Vue d'ensemble<\/h2>\n<p>Le VML01 <strong>rccb 63a 30ma<\/strong> d\u00e9tecte les fuites \u00e0 la terre et d\u00e9connecte le circuit avant qu'il ne soit endommag\u00e9,<br \/>\nIl aide \u00e0 pr\u00e9venir les risques d'\u00e9lectrocution et d'incendie caus\u00e9s par des d\u00e9fauts d'isolation. Il est disponible en 2 et 4 p\u00f4les.<br \/>\npour les tableaux monophas\u00e9s et triphas\u00e9s et convient pour l'habitat, le tertiaire et l'industrie l\u00e9g\u00e8re.<\/p>\n<h2>Caract\u00e9ristiques principales<\/h2>\n<ul>\n<li>P\u00f4les : <strong>2P \/ 4P<\/strong><\/li>\n<li><strong>Courant nominal (In) :<\/strong> 16, 25, 32, 40, 63, 80, 100 A<\/li>\n<li><strong>Sensibilit\u00e9 nominale (I\u0394n) :<\/strong> 10 \/ 30 \/ 100 \/ 300 mA<\/li>\n<li><strong>Tension nominale (Ue) :<\/strong> 240 V~ (2P) \/ 415 V~ (4P)<\/li>\n<li><strong>Tension d'isolation (Ui) :<\/strong> 500 V | \u00a0 <strong>Fr\u00e9quence :<\/strong> 50\/60 Hz<\/li>\n<li><strong>Rupture r\u00e9siduelle (I\u0394m) :<\/strong> 500 \/ 630 \/ 800 \/ 1000 A (par groupe In)<\/li>\n<li><strong>Court-circuit conditionnel (Inc = I\u0394c) :<\/strong> 6000 A \/ 10000 A (avec SCPD en amont)<\/li>\n<li><strong>R\u00e9sistance \u00e0 l'impulsion (Uimp) :<\/strong> 6 kV<\/li>\n<li><strong>Essai di\u00e9lectrique :<\/strong> 2,5 kV pendant 1 min (fr\u00e9quence d'alimentation)<\/li>\n<li><strong>Protection des bornes :<\/strong> IP20<\/li>\n<li><strong>Capacit\u00e9 de la borne (c\u00e2ble) :<\/strong> 25-35 mm\u00b2<\/li>\n<li><strong>Couple de serrage :<\/strong> 2,5 N-m<\/li>\n<li><strong>Limites environnementales :<\/strong> -25 \u00b0C ... +55 \u00b0C (ambiante) ; -40 \u00b0C ... +70 \u00b0C (stockage)<\/li>\n<\/ul>\n<h2>Donn\u00e9es techniques<\/h2>\n<table class=\"tech-table\">\n<tbody>\n<tr>\n<th>Standard<\/th>\n<th>IEC\/EN 61008-1<\/th>\n<\/tr>\n<tr>\n<td>Num\u00e9ro de mod\u00e8le.<\/td>\n<td>VML01<\/td>\n<\/tr>\n<tr>\n<td>P\u00f4les<\/td>\n<td>2P, 4P<\/td>\n<\/tr>\n<tr>\n<td>Courant nominal (In)<\/td>\n<td>16A, 25A, 32A, 40A, 63A, 80A, 100A<\/td>\n<\/tr>\n<tr>\n<td>Sensibilit\u00e9 nominale (I\u0394n)<\/td>\n<td>10 mA, 30 mA, 100 mA, 300 mA<\/td>\n<\/tr>\n<tr>\n<td>Tension nominale (Ue)<\/td>\n<td>2P : 240 V~ ; 4P : 415 V~<\/td>\n<\/tr>\n<tr>\n<td>Tension d'isolation (Ui)<\/td>\n<td>500 V<\/td>\n<\/tr>\n<tr>\n<td>Fr\u00e9quence nominale<\/td>\n<td>50\/60 Hz<\/td>\n<\/tr>\n<tr>\n<td>R\u00e9sidus de fabrication et de rupture (I\u0394m)<\/td>\n<td>500 A (en 16-40 A) ; 630 A (en 63 A) ; 800 A (en 80 A) ; 1000 A (en 100 A)<\/td>\n<\/tr>\n<tr>\n<td>Court-circuit conditionnel (Inc = I\u0394c)<\/td>\n<td>6000 A ; 10000 A (avec SCPD en amont)<\/td>\n<\/tr>\n<tr>\n<td>R\u00e9sistance \u00e0 l'impulsion (Uimp)<\/td>\n<td>6 kV<\/td>\n<\/tr>\n<tr>\n<td>Essai di\u00e9lectrique<\/td>\n<td>2,5 kV (1 min, fr\u00e9quence d'alimentation)<\/td>\n<\/tr>\n<tr>\n<td>Degr\u00e9 de protection des bornes<\/td>\n<td>IP20<\/td>\n<\/tr>\n<tr>\n<td>Temp\u00e9rature ambiante<\/td>\n<td>De -25 \u00b0C \u00e0 +55 \u00b0C<\/td>\n<\/tr>\n<tr>\n<td>Temp\u00e9rature de stockage<\/td>\n<td>-40 \u00b0C \u00e0 +70 \u00b0C<\/td>\n<\/tr>\n<tr>\n<td>Capacit\u00e9 des bornes (c\u00e2ble)<\/td>\n<td>25-35 mm\u00b2<\/td>\n<\/tr>\n<tr>\n<td>Couple de serrage<\/td>\n<td>2,5 N-m<\/td>\n<\/tr>\n<\/tbody>\n<\/table>\n<h2>Applications<\/h2>\n<ul>\n<li>Panneaux triphas\u00e9s utilisant un <strong>rccb 63a 30ma<\/strong> (4P) pour une protection personnelle suppl\u00e9mentaire<\/li>\n<li>Tableaux monophas\u00e9s (2P) dans les b\u00e2timents r\u00e9sidentiels et commerciaux<\/li>\n<li>Installations coordonn\u00e9es avec la DSCP en amont pour une capacit\u00e9 conditionnelle de 6\/10 kA<\/li>\n<\/ul>\n<p><img decoding=\"async\" src=\"\/images\/rccb-vml01.jpg\" alt=\"rccb 63a 30ma VML01 Kuangya 2P\/4P 16-100A 10\/30\/100\/300 mA\" \/><\/p>\n<\/div>","protected":false},"excerpt":{"rendered":"<ul>\n<li data-start=\"277\" data-end=\"382\">\n<p data-start=\"279\" data-end=\"382\">Kuangya VML01 <strong data-start=\"293\" data-end=\"310\">rccb 63a 30ma<\/strong> pour les tableaux de distribution r\u00e9sidentiels, commerciaux et de l'industrie l\u00e9g\u00e8re<\/p>\n<\/li>\n<li data-start=\"383\" data-end=\"485\">\n<p data-start=\"385\" data-end=\"485\">Options 2P \/ 4P ; In 16-100 A ; I\u0394n 10\/30\/100\/300 mA ; Ue 240 V (2P) \/ 415 V (4P) ; Ui 500 V ; 50\/60 Hz<\/p>\n<\/li>\n<li data-start=\"486\" data-end=\"579\">\n<p data-start=\"488\" data-end=\"579\">Uimp 6 kV ; court-circuit conditionnel Inc = I\u0394c 6\/10 kA (avec SCPD en amont) ; bornes IP20<\/p>\n<\/li>\n<\/ul>","protected":false},"featured_media":1818,"comment_status":"open","ping_status":"closed","template":"","meta":[],"product_brand":[],"product_cat":[34],"product_tag":[],"class_list":{"0":"post-1575","1":"product","2":"type-product","3":"status-publish","4":"has-post-thumbnail","6":"product_cat-rccb","8":"first","9":"instock","10":"shipping-taxable","11":"product-type-simple"},"_links":{"self":[{"href":"https:\/\/cnkuangya.com\/fr\/wp-json\/wp\/v2\/product\/1575","targetHints":{"allow":["GET"]}}],"collection":[{"href":"https:\/\/cnkuangya.com\/fr\/wp-json\/wp\/v2\/product"}],"about":[{"href":"https:\/\/cnkuangya.com\/fr\/wp-json\/wp\/v2\/types\/product"}],"replies":[{"embeddable":true,"href":"https:\/\/cnkuangya.com\/fr\/wp-json\/wp\/v2\/comments?post=1575"}],"wp:featuredmedia":[{"embeddable":true,"href":"https:\/\/cnkuangya.com\/fr\/wp-json\/wp\/v2\/media\/1818"}],"wp:attachment":[{"href":"https:\/\/cnkuangya.com\/fr\/wp-json\/wp\/v2\/media?parent=1575"}],"wp:term":[{"taxonomy":"product_brand","embeddable":true,"href":"https:\/\/cnkuangya.com\/fr\/wp-json\/wp\/v2\/product_brand?post=1575"},{"taxonomy":"product_cat","embeddable":true,"href":"https:\/\/cnkuangya.com\/fr\/wp-json\/wp\/v2\/product_cat?post=1575"},{"taxonomy":"product_tag","embeddable":true,"href":"https:\/\/cnkuangya.com\/fr\/wp-json\/wp\/v2\/product_tag?post=1575"}],"curies":[{"name":"wp","href":"https:\/\/api.w.org\/{rel}","templated":true}]}}