{"id":1527,"date":"2025-09-13T09:12:26","date_gmt":"2025-09-13T09:12:26","guid":{"rendered":"https:\/\/cnkuangya.com\/?post_type=product&#038;p=1527"},"modified":"2026-01-20T08:42:28","modified_gmt":"2026-01-20T08:42:28","slug":"afdd-3-arc-fault-detection-device","status":"publish","type":"product","link":"https:\/\/cnkuangya.com\/fr\/product\/afdd-3-arc-fault-detection-device\/","title":{"rendered":"AFDD-3 D\u00e9tecteur de d\u00e9fauts d'arc (type magn\u00e9tique) | 1P+N RCBO Type A 6kA"},"content":{"rendered":"<section id=\"overview\">Le <strong>AFDD-3 Type magn\u00e9tique<\/strong> int\u00e8gre <em>d\u00e9tection des d\u00e9fauts d'arc (AFDD)<\/em>,<br \/>\n<em>protection contre les surintensit\u00e9s (MCB)<\/em>et <em>protection contre les courants r\u00e9siduels (RCCB, type A)<\/em> dans un espace compact<br \/>\n<strong>1P+N<\/strong> module. Con\u00e7u avec un <strong>m\u00e9canisme de d\u00e9clenchement magn\u00e9tique<\/strong>, Il fournit des informations stables sur l'\u00e9tat de sant\u00e9 de la population.<br \/>\nfonctionnement \u00e0 des charges variables. Conforme \u00e0 <strong>EN62606<\/strong> et <strong>EN61009-1<\/strong>, le dispositif<br \/>\noffres <strong>6 kA<\/strong> capacit\u00e9 de court-circuit et d\u00e9tection pr\u00e9coce des arcs \u00e9lectriques en s\u00e9rie\/parall\u00e8le pour r\u00e9duire le risque d'incendie.<\/section>\n<section id=\"features\">\n<h2>Caract\u00e9ristiques principales<\/h2>\n<ul>\n<li>Triple protection : <strong>AFDD + MCB + RCCB (Type A)<\/strong><\/li>\n<li><strong>Magn\u00e9tique<\/strong> m\u00e9canisme de d\u00e9clenchement pour une performance fiable<\/li>\n<li>Caract\u00e9ristiques de d\u00e9clenchement : <strong>B\/C<\/strong>; capacit\u00e9 de court-circuit : <strong>6 kA<\/strong><\/li>\n<li>Indication par LED de l'\u00e9tat de l'appareil et de la cause du d\u00e9clenchement ; autosurveillance permanente<\/li>\n<li>Compact <strong>1P+N (1 module)<\/strong> conception ; bornes \u00e0 vis (haut\/bas), pinces anti-traction<\/li>\n<li>Montage facile sur <strong>Rail DIN 35 mm<\/strong><\/li>\n<li>Endurance : \u2265 <strong>20,000<\/strong> m\u00e9canique \/ \u2265 <strong>4,000<\/strong> cycles \u00e9lectriques<\/li>\n<\/ul>\n<\/section>\n<section id=\"technical-data\">\n<h2>Donn\u00e9es techniques<\/h2>\n<table>\n<tbody>\n<tr>\n<th>S\u00e9rie<\/th>\n<td>AFDD<\/td>\n<\/tr>\n<tr>\n<th>Mod\u00e8le<\/th>\n<td>AFDD-3<\/td>\n<\/tr>\n<tr>\n<th>P\u00f4les<\/th>\n<td>1P+N (1 Module)<\/td>\n<\/tr>\n<tr>\n<th>Courant nominal (AC)<\/th>\n<td>6A, 10A, 13A, 16A, 20A, 25A, 32A, 40A<\/td>\n<\/tr>\n<tr>\n<th>Type de courant r\u00e9siduel<\/th>\n<td>Type A<\/td>\n<\/tr>\n<tr>\n<th>Courant r\u00e9siduel nominal I\u0394n<\/th>\n<td>10 mA, 30 mA<\/td>\n<\/tr>\n<tr>\n<th>Tension min\/max du circuit d'essai<\/th>\n<td>196 V \/ 253 V<\/td>\n<\/tr>\n<tr>\n<th>Caract\u00e9ristique de d\u00e9clenchement<\/th>\n<td>B, C<\/td>\n<\/tr>\n<tr>\n<th>Fr\u00e9quence de fonctionnement<\/th>\n<td>50 Hz<\/td>\n<\/tr>\n<tr>\n<th>Tension de tenue aux chocs (Uimp)<\/th>\n<td>4 kV<\/td>\n<\/tr>\n<tr>\n<th>Tension nominale (AC)<\/th>\n<td>240 V<\/td>\n<\/tr>\n<tr>\n<th>Courant de court-circuit nominal (Icn)<\/th>\n<td>6 kA<\/td>\n<\/tr>\n<tr>\n<th>Intensit\u00e9 du courant de choc<\/th>\n<td>0,25 kA<\/td>\n<\/tr>\n<tr>\n<th>Capacit\u00e9 de commutation totale maximale<\/th>\n<td>6 kA<\/td>\n<\/tr>\n<tr>\n<th>Tension d'isolation nominale<\/th>\n<td>250 V<\/td>\n<\/tr>\n<tr>\n<th>Perte de chaleur par p\u00f4le<\/th>\n<td>3 W<\/td>\n<\/tr>\n<tr>\n<th>Fusible de protection contre les courts-circuits (SCPD)<\/th>\n<td>100 A<\/td>\n<\/tr>\n<tr>\n<th>Type de fusible de secours<\/th>\n<td>gG<\/td>\n<\/tr>\n<tr>\n<th>Classe de surtension<\/th>\n<td>III<\/td>\n<\/tr>\n<tr>\n<th>Terminaux<\/th>\n<td>Type de vis, en haut et en bas (circuit de charge)<\/td>\n<\/tr>\n<tr>\n<th>Position du conducteur neutre<\/th>\n<td>Gauche \/ droite<\/td>\n<\/tr>\n<tr>\n<th>Longueur maximale du c\u00e2ble de connexion<\/th>\n<td>70 m (tableau de distribution \u2194 prise ext\u00e9rieure)<\/td>\n<\/tr>\n<tr>\n<th>Zone de serrage<\/th>\n<td>1-25 mm\u00b2<\/td>\n<\/tr>\n<tr>\n<th>Couple de serrage<\/th>\n<td>2,0-2,4 Nm<\/td>\n<\/tr>\n<tr>\n<th>Endurance m\u00e9canique<\/th>\n<td>\u2265 20 000 cycles<\/td>\n<\/tr>\n<tr>\n<th>Endurance \u00e9lectrique<\/th>\n<td>\u2265 4 000 cycles<\/td>\n<\/tr>\n<tr>\n<th>Temp\u00e9rature de stockage \/ de fonctionnement<\/th>\n<td>-35\u2103...+60\u2103 \/ -25\u2103...+40\u2103<\/td>\n<\/tr>\n<tr>\n<th>Type de bo\u00eetier \/ mat\u00e9riau<\/th>\n<td>Bo\u00eetier du tableau de distribution \/ Thermoplastique<\/td>\n<\/tr>\n<tr>\n<th>Montage<\/th>\n<td>Rail DIN (35 mm)<\/td>\n<\/tr>\n<tr>\n<th>Classe de protection<\/th>\n<td>IP20 (install\u00e9 : IP40)<\/td>\n<\/tr>\n<tr>\n<th>Normes<\/th>\n<td>EN62606, EN61009-1<\/td>\n<\/tr>\n<tr>\n<th>Cat\u00e9gorie de limitation de puissance<\/th>\n<td>3<\/td>\n<\/tr>\n<tr>\n<th>Degr\u00e9 de pollution (EN60664)<\/th>\n<td>2<\/td>\n<\/tr>\n<tr>\n<th>Certifications<\/th>\n<td>UKCA, CE<\/td>\n<\/tr>\n<\/tbody>\n<\/table>\n<\/section>\n<section id=\"applications\">\n<h2>Applications<\/h2>\n<ul>\n<li>Protection contre l'incendie pour les circuits finaux jusqu'\u00e0 40A dans les b\u00e2timents r\u00e9sidentiels, commerciaux et publics<\/li>\n<li>R\u00e9seaux adapt\u00e9s : <strong>TN-S<\/strong> et <strong>TN-C-S<\/strong><\/li>\n<li>Ne sont pas autoris\u00e9s : les syst\u00e8mes TN-C ou les circuits avec des courants r\u00e9siduels continus lisses.<\/li>\n<\/ul>\n<\/section>\n<section id=\"certifications\">\n<h2>Certifications<\/h2>\n<ul>\n<li>UKCA, CE<\/li>\n<li>Normes : EN62606 (AFDD), EN61009-1 (RCBO)<\/li>\n<\/ul>\n<\/section>\n<section id=\"faq\">\n<h2>FAQ<\/h2>\n<details>\n<summary>Qu'est-ce qui diff\u00e9rencie l'AFDD-3 de l'AFDD-1 ?<\/summary>\n<p>L'AFDD-3 adopte un m\u00e9canisme de d\u00e9clenchement magn\u00e9tique pour des performances stables sous des charges variables ; l'AFDD-1 est une conception \u00e9lectronique standard. Les caract\u00e9ristiques \u00e9lectriques sont par ailleurs similaires.<\/p>\n<\/details>\n<details>\n<summary>L'AFDD-3 est-il conforme aux normes EN ?<\/summary>\n<p>Oui, il est conforme \u00e0 la norme EN62606 (d\u00e9tection des d\u00e9fauts d'arc) et \u00e0 la norme EN61009-1 (RCBO).<\/p>\n<\/details>\n<details>\n<summary>Quel type de fuite est d\u00e9tect\u00e9 ?<\/summary>\n<p>Type A - courants r\u00e9siduels sinuso\u00efdaux en courant alternatif et courants r\u00e9siduels puls\u00e9s en courant continu.<\/p>\n<\/details>\n<\/section>","protected":false},"excerpt":{"rendered":"<ul>\n<li><strong>Type magn\u00e9tique AFDD<\/strong> int\u00e9grant AFDD + MCB + RCCB (Type A) dans un module 1P+N<\/li>\n<li><strong>6A-40A<\/strong> courant nominal, courbes B\/C, <strong>6 kA<\/strong> capacit\u00e9 de court-circuit<\/li>\n<li>Conforme \u00e0 <strong>EN62606<\/strong> &amp; <strong>EN61009-1<\/strong>; id\u00e9al pour les b\u00e2timents r\u00e9sidentiels, commerciaux et publics<\/li>\n<\/ul>","protected":false},"featured_media":2442,"comment_status":"open","ping_status":"closed","template":"","meta":[],"product_brand":[],"product_cat":[33],"product_tag":[],"class_list":{"0":"post-1527","1":"product","2":"type-product","3":"status-publish","4":"has-post-thumbnail","6":"product_cat-afdd","8":"first","9":"instock","10":"shipping-taxable","11":"product-type-simple"},"_links":{"self":[{"href":"https:\/\/cnkuangya.com\/fr\/wp-json\/wp\/v2\/product\/1527","targetHints":{"allow":["GET"]}}],"collection":[{"href":"https:\/\/cnkuangya.com\/fr\/wp-json\/wp\/v2\/product"}],"about":[{"href":"https:\/\/cnkuangya.com\/fr\/wp-json\/wp\/v2\/types\/product"}],"replies":[{"embeddable":true,"href":"https:\/\/cnkuangya.com\/fr\/wp-json\/wp\/v2\/comments?post=1527"}],"wp:featuredmedia":[{"embeddable":true,"href":"https:\/\/cnkuangya.com\/fr\/wp-json\/wp\/v2\/media\/2442"}],"wp:attachment":[{"href":"https:\/\/cnkuangya.com\/fr\/wp-json\/wp\/v2\/media?parent=1527"}],"wp:term":[{"taxonomy":"product_brand","embeddable":true,"href":"https:\/\/cnkuangya.com\/fr\/wp-json\/wp\/v2\/product_brand?post=1527"},{"taxonomy":"product_cat","embeddable":true,"href":"https:\/\/cnkuangya.com\/fr\/wp-json\/wp\/v2\/product_cat?post=1527"},{"taxonomy":"product_tag","embeddable":true,"href":"https:\/\/cnkuangya.com\/fr\/wp-json\/wp\/v2\/product_tag?post=1527"}],"curies":[{"name":"wp","href":"https:\/\/api.w.org\/{rel}","templated":true}]}}