{"id":1115,"date":"2025-09-05T08:39:58","date_gmt":"2025-09-05T08:39:58","guid":{"rendered":"https:\/\/cnkuangya.com\/?post_type=product&#038;p=1115"},"modified":"2025-10-07T12:18:22","modified_gmt":"2025-10-07T12:18:22","slug":"dc-circuit-breaker-2p-500v-125a-kydb125","status":"publish","type":"product","link":"https:\/\/cnkuangya.com\/fr\/product\/dc-circuit-breaker-2p-500v-125a-kydb125\/","title":{"rendered":"Disjoncteur DC 2P 500V 125A | KYDB-125-2P"},"content":{"rendered":"<article class=\"product-page kydb-125-2p\">\n<section id=\"overview\">\n<h2>Vue d'ensemble<\/h2>\n<p>Le <strong>disjoncteur dc 2p 500v 125a<\/strong> (mod\u00e8le <strong>KYDB-125-2P<\/strong>) est un disjoncteur CC miniature bipolaire con\u00e7u pour les bo\u00eetes de raccordement de panneaux solaires photovolta\u00efques, les syst\u00e8mes de stockage d'\u00e9nergie (ESS) et les syst\u00e8mes de distribution CC industriels. Il est con\u00e7u pour <strong>500VDC<\/strong> et disponible en <strong>63A \/ 80A \/ 100A \/ 125A<\/strong>, Il assure une protection contre les surcharges et les courts-circuits gr\u00e2ce \u00e0 un syst\u00e8me d'alarme. <strong>6kA<\/strong> pouvoir de coupure. Ui 690V et Uimp 6kV offrent des performances d'isolation \u00e9lev\u00e9es pour les environnements exigeants.<\/p>\n<\/section>\n<section id=\"features\">\n<h2>Caract\u00e9ristiques principales<\/h2>\n<ul>\n<li><strong>Tension nominale :<\/strong> 500VDC (2P) ; <strong>le courant de trame :<\/strong> 125A<\/li>\n<li><strong>Options actuelles :<\/strong> 63A \/ 80A \/ 100A \/ 125A<\/li>\n<li><strong>Capacit\u00e9 de rupture :<\/strong> 6kA (Icn\/Ics)<\/li>\n<li><strong>Caract\u00e9ristiques du voyage :<\/strong> C \/ D, thermique-magn\u00e9tique<\/li>\n<li><strong>Isolation et impulsion :<\/strong> Ui 690V ; Uimp 6kV<\/li>\n<li><strong>Endurance :<\/strong> Dur\u00e9e de vie m\u00e9canique 20 000 ops ; Dur\u00e9e de vie \u00e9lectrique 2 000 ops<\/li>\n<li><strong>Conformit\u00e9 :<\/strong> <a href=\"https:\/\/www.iec.ch\/\" target=\"_blank\" rel=\"noopener\">IEC 60947-2<\/a>, GB\/T 14048.2 ; CE &amp; <a href=\"https:\/\/www.ul.com\/\" target=\"_blank\" rel=\"noopener\">UL<\/a><\/li>\n<li>Fonctionne avec <a href=\"\/fr\/pv-combiner-box\/\">Bo\u00eetes de raccordement PV<\/a>, <a href=\"\/fr\/dc-fuse\/\">Fusibles DC<\/a>, <a href=\"\/fr\/dc-spd\/\">DC SPDs<\/a>et <a href=\"\/fr\/dc-switch-disconnector\/\">Interrupteurs-sectionneurs \u00e0 courant continu<\/a><\/li>\n<\/ul>\n<\/section>\n<section id=\"specifications\">\n<h2>Sp\u00e9cifications<\/h2>\n<table>\n<tbody>\n<tr>\n<th>Mod\u00e8le<\/th>\n<td>KYDB-125-2P<\/td>\n<\/tr>\n<tr>\n<th>P\u00f4les<\/th>\n<td>2P<\/td>\n<\/tr>\n<tr>\n<th>Courant nominal (In)<\/th>\n<td>63A \/ 80A \/ 100A \/ 125A<\/td>\n<\/tr>\n<tr>\n<th>Tension nominale (Ue)<\/th>\n<td>500VDC<\/td>\n<\/tr>\n<tr>\n<th>Tension d'isolation nominale (Ui)<\/th>\n<td>690V<\/td>\n<\/tr>\n<tr>\n<th>Tension de r\u00e9sistance aux impulsions (Uimp)<\/th>\n<td>6kV<\/td>\n<\/tr>\n<tr>\n<th>Capacit\u00e9 de rupture (Icn\/Ics)<\/th>\n<td>6kA \/ 6kA<\/td>\n<\/tr>\n<tr>\n<th>Caract\u00e9ristiques du voyage<\/th>\n<td>C \/ D<\/td>\n<\/tr>\n<tr>\n<th>Dur\u00e9e de vie m\u00e9canique<\/th>\n<td>20 000 op\u00e9rations<\/td>\n<\/tr>\n<tr>\n<th>Dur\u00e9e de vie \u00e9lectrique<\/th>\n<td>2 000 op\u00e9rations<\/td>\n<\/tr>\n<tr>\n<th>Installation<\/th>\n<td>Rail DIN, largeur 36mm (18mm \u00d7 2 p\u00f4les)<\/td>\n<\/tr>\n<tr>\n<th>Normes<\/th>\n<td>IEC 60947-2, GB\/T 14048.2<\/td>\n<\/tr>\n<\/tbody>\n<\/table>\n<\/section>\n<section id=\"diagram\">\n<h2>Sch\u00e9ma de c\u00e2blage et dimensions<\/h2>\n<p><img loading=\"lazy\" decoding=\"async\" class=\"alignnone size-medium wp-image-1113\" src=\"https:\/\/cnkuangya.com\/wp-content\/uploads\/2025\/09\/125A-dimension-300x191.png\" alt=\"125A-MCB DIMENSION\" width=\"300\" height=\"191\" srcset=\"https:\/\/cnkuangya.com\/wp-content\/uploads\/2025\/09\/125A-dimension-300x191.png 300w, https:\/\/cnkuangya.com\/wp-content\/uploads\/2025\/09\/125A-dimension-768x490.png 768w, https:\/\/cnkuangya.com\/wp-content\/uploads\/2025\/09\/125A-dimension-600x383.png 600w, https:\/\/cnkuangya.com\/wp-content\/uploads\/2025\/09\/125A-dimension.png 904w\" sizes=\"auto, (max-width: 300px) 100vw, 300px\" \/><\/p>\n<p>&nbsp;<\/p>\n<\/section>\n<section id=\"applications\">\n<h2>Applications<\/h2>\n<ul>\n<li>Bo\u00eetes de raccordement PV<\/li>\n<li>Syst\u00e8me de stockage d'\u00e9nergie (ESS) Bus DC<\/li>\n<li>Panneaux de distribution CC industriels<\/li>\n<li>T\u00e9l\u00e9communications et infrastructures Alimentation en courant continu<\/li>\n<\/ul>\n<\/section>\n<section id=\"faq\">\n<h2>FAQ<\/h2>\n<h3>Q1 : Qu'est-ce qu'un disjoncteur \u00e0 courant continu 2p 500v 125a ?<\/h3>\n<p>A1 : Il s'agit d'un disjoncteur bipolaire miniature \u00e0 courant continu de 500VDC et jusqu'\u00e0 125A, assurant une protection contre les surcharges et les courts-circuits.<\/p>\n<h3>Q2 : Quelles sont les notations actuelles disponibles ?<\/h3>\n<p>A2 : KYDB-125-2P prend en charge 63A, 80A, 100A et 125A.<\/p>\n<h3>Q3 : Quelle est la capacit\u00e9 de rupture ?<\/h3>\n<p>A3 : Le pouvoir de coupure standard est de 6kA (Icn\/Ics).<\/p>\n<h3>Q4 : Peut-il \u00eatre utilis\u00e9 dans les syst\u00e8mes PV et ESS ?<\/h3>\n<p>A4 : Oui, cette <strong>disjoncteur dc 2p 500v 125a<\/strong> est couramment appliqu\u00e9e dans les <a href=\"\/fr\/pv-combiner-box\/\">Bo\u00eetes de raccordement PV<\/a> et les syst\u00e8mes ESS.<\/p>\n<h3>Q5 : \u00c0 quelles normes le KYDB-125-2P est-il conforme ?<\/h3>\n<p>A5 : Il est conforme aux certifications IEC 60947-2, GB\/T 14048.2, CE et UL.<\/p>\n<\/section>\n<section id=\"cta\">\n<h2>Obtenir un devis<\/h2>\n<p>Contactez Kuangya pour obtenir les fiches techniques, les sch\u00e9mas de c\u00e2blage ou la personnalisation OEM du KYDB-125-2P.<\/p>\n<p><a class=\"btn\" href=\"\/fr\/contact-us\/\">Nous contacter<\/a><\/p>\n<\/section>\n<\/article>","protected":false},"excerpt":{"rendered":"<ul>\n<li data-start=\"307\" data-end=\"410\">\n<p data-start=\"309\" data-end=\"410\">Kuangya KYDB-125-2P est une <strong data-start=\"334\" data-end=\"369\">disjoncteur dc 2p 500v 125a<\/strong>, Disponible en 63A \/ 80A \/ 100A \/ 125A.<\/p>\n<\/li>\n<li data-start=\"411\" data-end=\"498\">\n<p data-start=\"413\" data-end=\"498\">Assure une protection fiable contre les surcharges et les courts-circuits avec un pouvoir de coupure de 6kA.<\/p>\n<\/li>\n<li data-start=\"499\" data-end=\"589\">\n<p data-start=\"501\" data-end=\"589\">Disjoncteur bipolaire DIN-rail, certifi\u00e9 IEC 60947-2, pour les syst\u00e8mes PV, ESS et industriels.<\/p>\n<\/li>\n<\/ul>","protected":false},"featured_media":2090,"comment_status":"open","ping_status":"closed","template":"","meta":[],"product_brand":[],"product_cat":[28],"product_tag":[],"class_list":{"0":"post-1115","1":"product","2":"type-product","3":"status-publish","4":"has-post-thumbnail","6":"product_cat-dc-mcb","8":"first","9":"instock","10":"shipping-taxable","11":"product-type-simple"},"_links":{"self":[{"href":"https:\/\/cnkuangya.com\/fr\/wp-json\/wp\/v2\/product\/1115","targetHints":{"allow":["GET"]}}],"collection":[{"href":"https:\/\/cnkuangya.com\/fr\/wp-json\/wp\/v2\/product"}],"about":[{"href":"https:\/\/cnkuangya.com\/fr\/wp-json\/wp\/v2\/types\/product"}],"replies":[{"embeddable":true,"href":"https:\/\/cnkuangya.com\/fr\/wp-json\/wp\/v2\/comments?post=1115"}],"wp:featuredmedia":[{"embeddable":true,"href":"https:\/\/cnkuangya.com\/fr\/wp-json\/wp\/v2\/media\/2090"}],"wp:attachment":[{"href":"https:\/\/cnkuangya.com\/fr\/wp-json\/wp\/v2\/media?parent=1115"}],"wp:term":[{"taxonomy":"product_brand","embeddable":true,"href":"https:\/\/cnkuangya.com\/fr\/wp-json\/wp\/v2\/product_brand?post=1115"},{"taxonomy":"product_cat","embeddable":true,"href":"https:\/\/cnkuangya.com\/fr\/wp-json\/wp\/v2\/product_cat?post=1115"},{"taxonomy":"product_tag","embeddable":true,"href":"https:\/\/cnkuangya.com\/fr\/wp-json\/wp\/v2\/product_tag?post=1115"}],"curies":[{"name":"wp","href":"https:\/\/api.w.org\/{rel}","templated":true}]}}