{"id":1064,"date":"2025-09-04T07:13:59","date_gmt":"2025-09-04T07:13:59","guid":{"rendered":"https:\/\/cnkuangya.com\/?post_type=product&#038;p=1064"},"modified":"2025-09-10T05:51:31","modified_gmt":"2025-09-10T05:51:31","slug":"dc-fuse-1500v-kypv-h3xl","status":"publish","type":"product","link":"https:\/\/cnkuangya.com\/fr\/product\/dc-fuse-1500v-kypv-h3xl\/","title":{"rendered":"fusible cc 1500v | KYPV-H3XL gPV Fuse Link (Square-Body, 125-630A)"},"content":{"rendered":"<section id=\"overview\">\n<h2>Vue d'ensemble<\/h2>\n<p>Le <strong>KYPV-H3XL<\/strong> est un corps carr\u00e9 <strong>fusible cc 1500v<\/strong> (gPV) con\u00e7u pour<br \/>\nles bo\u00eetiers combin\u00e9s photovolta\u00efques \u00e0 courant \u00e9lev\u00e9, les bus CC de stockage d'\u00e9nergie et les entr\u00e9es CC des onduleurs.<br \/>\nAvec une gamme actuelle de <strong>315-500A<\/strong>, Il garantit une interruption rapide et fiable des d\u00e9fauts.<br \/>\nDot\u00e9 d'un tube en c\u00e9ramique, d'un \u00e9l\u00e9ment fusible en argent et d'un remplissage en sable de quartz, il offre une qualit\u00e9 de vie exceptionnelle.<br \/>\ncapacit\u00e9 de rupture jusqu'\u00e0 <strong>50 kA<\/strong>. Installer avec le<br \/>\n<a href=\"\/fr\/1500v-dc-fuse-holder-kypv-h1xlb-h3xlb\/\">Porte-fusible KYPV-H3XLB<\/a> pour un fonctionnement s\u00fbr.<\/p>\n<\/section>\n<section id=\"features\">\n<h2>Caract\u00e9ristiques principales<\/h2>\n<ul>\n<li>Corps carr\u00e9 <strong>Lien vers le fusible gPV<\/strong>, taille de cadre H3XL, <strong>1500 V DC<\/strong>.<\/li>\n<li>Gamme actuelle : <strong>315-500 A<\/strong>.<\/li>\n<li>Capacit\u00e9 de rupture \u00e9lev\u00e9e en courant continu : <strong>50 kA<\/strong>.<\/li>\n<li>Conception robuste : corps en c\u00e9ramique, \u00e9l\u00e9ment en argent, trempe \u00e0 l'arc au quartz et au sable.<\/li>\n<li>Normes :<br \/>\n<a href=\"https:\/\/webstore.iec.ch\/publication\/24554\" target=\"_blank\" rel=\"noopener\">IEC 60269-6<\/a>,<br \/>\n<a href=\"https:\/\/ulstandards.ul.com\/standard\/?id=248-19\" target=\"_blank\" rel=\"noopener\">UL 248-19<\/a>,<br \/>\n<a href=\"https:\/\/www.seia.org\/\" target=\"_blank\" rel=\"noopener\">Orientations de SEIA<\/a>.<\/li>\n<li>Support compatible : <a href=\"\/fr\/1500v-dc-fuse-holder-kypv-h1xlb-h3xlb\/\">KYPV-H3XLB<\/a>.<\/li>\n<\/ul>\n<\/section>\n<section id=\"specs\">\n<h2>Sp\u00e9cifications<\/h2>\n<table class=\"spec-table\">\n<tbody>\n<tr>\n<th>Type<\/th>\n<td>fusible gPV, corps carr\u00e9 H3XL<\/td>\n<\/tr>\n<tr>\n<th>Tension nominale<\/th>\n<td>1500 V DC<\/td>\n<\/tr>\n<tr>\n<th>Gamme actuelle<\/th>\n<td>315-500 A<\/td>\n<\/tr>\n<tr>\n<th>Capacit\u00e9 de rupture<\/th>\n<td>50 kA (DC)<\/td>\n<\/tr>\n<tr>\n<th>La construction<\/th>\n<td>Tube en c\u00e9ramique, \u00e9l\u00e9ment en argent, remplissage en sable de quartz<\/td>\n<\/tr>\n<tr>\n<th>Normes<\/th>\n<td><a href=\"https:\/\/webstore.iec.ch\/publication\/24554\" target=\"_blank\" rel=\"noopener\">IEC 60269-6<\/a>;<br \/>\n<a href=\"https:\/\/ulstandards.ul.com\/standard\/?id=248-19\" target=\"_blank\" rel=\"noopener\">UL 248-19<\/a><\/td>\n<\/tr>\n<tr>\n<th>Support compatible<\/th>\n<td><a href=\"\/fr\/1500v-dc-fuse-holder-kypv-h1xlb-h3xlb\/\">KYPV-H3XLB<\/a><\/td>\n<\/tr>\n<tr>\n<th>Applications<\/th>\n<td>Bo\u00eete de raccordement PV, r\u00e9seau, barres omnibus ESS, protection c\u00f4t\u00e9 DC de l'onduleur<\/td>\n<\/tr>\n<\/tbody>\n<\/table>\n<\/section>\n<section id=\"dimensions\">\n<h2>Dimensions<\/h2>\n<p><img loading=\"lazy\" decoding=\"async\" class=\"alignnone wp-image-1059\" src=\"https:\/\/cnkuangya.com\/wp-content\/uploads\/2025\/09\/KYPV-H3XL-D-300x117.png\" alt=\"fusible cc 1500v dimension\" width=\"636\" height=\"248\" srcset=\"https:\/\/cnkuangya.com\/wp-content\/uploads\/2025\/09\/KYPV-H3XL-D-300x117.png 300w, https:\/\/cnkuangya.com\/wp-content\/uploads\/2025\/09\/KYPV-H3XL-D-768x299.png 768w, https:\/\/cnkuangya.com\/wp-content\/uploads\/2025\/09\/KYPV-H3XL-D-600x234.png 600w, https:\/\/cnkuangya.com\/wp-content\/uploads\/2025\/09\/KYPV-H3XL-D.png 940w\" sizes=\"auto, (max-width: 636px) 100vw, 636px\" \/><\/p>\n<figure data-file=\"kypv-h3xl-dim\" data-alt=\"KYPV-H3XL dimension drawing\"><\/figure>\n<figure data-file=\"kypv-h3xl-time-current\" data-alt=\"KYPV-H3XL time-current characteristic\"><\/figure>\n<\/section>\n<section id=\"applications\">\n<h2>Applications<\/h2>\n<ul>\n<li>Protection principale de la bo\u00eete de raccordement PV \u00e0 courant \u00e9lev\u00e9 (1500 V DC).<\/li>\n<li>Stockage d'\u00e9nergie couplage bus DC et batterie.<\/li>\n<li>Protection c\u00f4t\u00e9 courant continu de l'onduleur et du convertisseur DC\/DC.<\/li>\n<li>Distribution industrielle de courant continu n\u00e9cessitant 315-500 A \u00e0 1500 V DC.<\/li>\n<\/ul>\n<\/section>\n<section id=\"faq\">\n<h2>FAQ<\/h2>\n<div class=\"qa\">\n<h3>Q1. Quel support dois-je utiliser avec le KYPV-H3XL ?<\/h3>\n<p>Utiliser le <a href=\"\/fr\/1500v-dc-fuse-holder-kypv-h1xlb-h3xlb\/\">KYPV-H3XLB<\/a> porte-fusible \u00e0 corps carr\u00e9.<\/p>\n<h3>Q2. Quelle est la capacit\u00e9 de rupture ?<\/h3>\n<p>Le<\/p>\n<\/div>\n<\/section>","protected":false},"excerpt":{"rendered":"<ul>\n<li data-start=\"412\" data-end=\"492\">\n<p data-start=\"414\" data-end=\"492\"><strong data-start=\"414\" data-end=\"431\">fusible cc 1500v<\/strong> (gPV), cadre H3XL \u00e0 corps carr\u00e9, <strong data-start=\"463\" data-end=\"475\">315-500A<\/strong> gamme actuelle.<\/p>\n<\/li>\n<li data-start=\"493\" data-end=\"595\">\n<p data-start=\"495\" data-end=\"595\">Capacit\u00e9 de rupture \u00e9lev\u00e9e <strong data-start=\"518\" data-end=\"530\">50 kA DC<\/strong>; Corps en c\u00e9ramique, \u00e9l\u00e9ment fusible en argent, trempe \u00e0 l'arc au quartz et au sable.<\/p>\n<\/li>\n<li data-start=\"596\" data-end=\"674\">\n<p data-start=\"598\" data-end=\"674\">Certifi\u00e9 pour <strong data-start=\"611\" data-end=\"638\">IEC 60269-6 \/ UL 248-19<\/strong>; s'adapte <strong data-start=\"645\" data-end=\"659\">KYPV-H3XLB<\/strong> porte-fusible<\/p>\n<\/li>\n<\/ul>","protected":false},"featured_media":1361,"comment_status":"open","ping_status":"closed","template":"","meta":[],"product_brand":[],"product_cat":[27],"product_tag":[],"class_list":{"0":"post-1064","1":"product","2":"type-product","3":"status-publish","4":"has-post-thumbnail","6":"product_cat-dc-fuse-pv-fuse","8":"first","9":"instock","10":"shipping-taxable","11":"product-type-simple"},"_links":{"self":[{"href":"https:\/\/cnkuangya.com\/fr\/wp-json\/wp\/v2\/product\/1064","targetHints":{"allow":["GET"]}}],"collection":[{"href":"https:\/\/cnkuangya.com\/fr\/wp-json\/wp\/v2\/product"}],"about":[{"href":"https:\/\/cnkuangya.com\/fr\/wp-json\/wp\/v2\/types\/product"}],"replies":[{"embeddable":true,"href":"https:\/\/cnkuangya.com\/fr\/wp-json\/wp\/v2\/comments?post=1064"}],"wp:featuredmedia":[{"embeddable":true,"href":"https:\/\/cnkuangya.com\/fr\/wp-json\/wp\/v2\/media\/1361"}],"wp:attachment":[{"href":"https:\/\/cnkuangya.com\/fr\/wp-json\/wp\/v2\/media?parent=1064"}],"wp:term":[{"taxonomy":"product_brand","embeddable":true,"href":"https:\/\/cnkuangya.com\/fr\/wp-json\/wp\/v2\/product_brand?post=1064"},{"taxonomy":"product_cat","embeddable":true,"href":"https:\/\/cnkuangya.com\/fr\/wp-json\/wp\/v2\/product_cat?post=1064"},{"taxonomy":"product_tag","embeddable":true,"href":"https:\/\/cnkuangya.com\/fr\/wp-json\/wp\/v2\/product_tag?post=1064"}],"curies":[{"name":"wp","href":"https:\/\/api.w.org\/{rel}","templated":true}]}}