{"id":1037,"date":"2025-09-04T05:53:19","date_gmt":"2025-09-04T05:53:19","guid":{"rendered":"https:\/\/cnkuangya.com\/?post_type=product&#038;p=1037"},"modified":"2025-09-10T05:47:49","modified_gmt":"2025-09-10T05:47:49","slug":"1500v-dc-fuse-holder-kypv-h1xlb-h3xlb","status":"publish","type":"product","link":"https:\/\/cnkuangya.com\/fr\/product\/1500v-dc-fuse-holder-kypv-h1xlb-h3xlb\/","title":{"rendered":"Porte-fusible 1500V DC | KYPV-H1XLB \/ H2XLB \/ H3XLB pour fusibles gPV \u00e0 corps carr\u00e9"},"content":{"rendered":"<section id=\"overview\">\n<h2>Vue d'ensemble<\/h2>\n<p>Le <strong>KYPV-H1XLB \/ H2XLB \/ H3XLB<\/strong> sont <strong>Porte-fusibles 1500V DC<\/strong> con\u00e7u<br \/>\npour le corps carr\u00e9 <a href=\"\/fr\/pv-fuse\/\">Liens vers les fusibles gPV<\/a> (KYPV-H1XL \u00e0 H3XL). Dans de nombreuses fiches techniques, ils<br \/>\nsont \u00e9galement appel\u00e9es <em>socles de fusibles<\/em>. Avec des bo\u00eetiers ignifug\u00e9s et des<br \/>\nCes supports offrent un contact \u00e9lectrique stable et un entretien facile gr\u00e2ce \u00e0 leurs bornes en cuivre.<br \/>\nremplacement en <a href=\"\/fr\/pv-combiner-box\/\">Bo\u00eetes de raccordement PV<\/a>, <a href=\"\/fr\/ess\/\">stockage de l'\u00e9nergie<br \/>\nsyst\u00e8mes<\/a>, et les entr\u00e9es CC de l'onduleur.<\/p>\n<\/section>\n<section id=\"features\">\n<h2>Caract\u00e9ristiques principales<\/h2>\n<ul>\n<li>Mod\u00e8les : <strong>KYPV-H1XLB<\/strong>, <strong>KYPV-H2XLB<\/strong>, <strong>KYPV-H3XLB<\/strong>.<\/li>\n<li>Tension nominale : <strong>1500 V DC<\/strong>; capacit\u00e9 de rupture jusqu'\u00e0 <strong>50 kA<\/strong> (avec fusibles gPV).<\/li>\n<li>Compatible avec les fusibles de carrosserie carr\u00e9e : KYPV-H1XL \/ H2XL \/ H3XL.<\/li>\n<li>Contacts en cuivre argent\u00e9 ; faible \u00e9l\u00e9vation de temp\u00e9rature ; conception robuste du loquet.<\/li>\n<li>Options de montage : Rail DIN 35 mm ou montage fixe (panneau\/plaque).<\/li>\n<li>Conformit\u00e9 :<br \/>\n<a href=\"https:\/\/webstore.iec.ch\/publication\/24554\" target=\"_blank\" rel=\"noopener\">IEC 60269-6<\/a>,<br \/>\n<a href=\"https:\/\/ulstandards.ul.com\/\" target=\"_blank\" rel=\"noopener\">UL 248-19<\/a>.<\/li>\n<\/ul>\n<\/section>\n<section id=\"dimensions\">\n<h2>Dimensions<\/h2>\n<p>KYPV H1XLB :<img loading=\"lazy\" decoding=\"async\" class=\"alignnone size-medium wp-image-1038\" src=\"https:\/\/cnkuangya.com\/wp-content\/uploads\/2025\/09\/KYPV-H1XLB-300x290.png\" alt=\"Dessin du porte-fusible 1500v dc\" width=\"300\" height=\"290\" srcset=\"https:\/\/cnkuangya.com\/wp-content\/uploads\/2025\/09\/KYPV-H1XLB-300x290.png 300w, https:\/\/cnkuangya.com\/wp-content\/uploads\/2025\/09\/KYPV-H1XLB-600x579.png 600w, https:\/\/cnkuangya.com\/wp-content\/uploads\/2025\/09\/KYPV-H1XLB.png 751w\" sizes=\"auto, (max-width: 300px) 100vw, 300px\" \/> KYPV H2XLB :<img loading=\"lazy\" decoding=\"async\" class=\"alignnone size-medium wp-image-1039\" src=\"https:\/\/cnkuangya.com\/wp-content\/uploads\/2025\/09\/KYPV-H2XLB-300x278.png\" alt=\"\" width=\"300\" height=\"278\" srcset=\"https:\/\/cnkuangya.com\/wp-content\/uploads\/2025\/09\/KYPV-H2XLB-300x278.png 300w, https:\/\/cnkuangya.com\/wp-content\/uploads\/2025\/09\/KYPV-H2XLB-768x713.png 768w, https:\/\/cnkuangya.com\/wp-content\/uploads\/2025\/09\/KYPV-H2XLB-600x557.png 600w, https:\/\/cnkuangya.com\/wp-content\/uploads\/2025\/09\/KYPV-H2XLB.png 779w\" sizes=\"auto, (max-width: 300px) 100vw, 300px\" \/>KYPV H3XLB :<img loading=\"lazy\" decoding=\"async\" class=\"alignnone size-medium wp-image-1040\" src=\"https:\/\/cnkuangya.com\/wp-content\/uploads\/2025\/09\/KYPV-H3XLB-300x235.png\" alt=\"\" width=\"300\" height=\"235\" srcset=\"https:\/\/cnkuangya.com\/wp-content\/uploads\/2025\/09\/KYPV-H3XLB-300x235.png 300w, https:\/\/cnkuangya.com\/wp-content\/uploads\/2025\/09\/KYPV-H3XLB-600x470.png 600w, https:\/\/cnkuangya.com\/wp-content\/uploads\/2025\/09\/KYPV-H3XLB.png 756w\" sizes=\"auto, (max-width: 300px) 100vw, 300px\" \/><\/p>\n<figure data-file=\"kypv-h1xlb-dim\" data-alt=\"KYPV-H1XLB dimension drawing\"><\/figure>\n<figure data-file=\"kypv-h2xlb-dim\" data-alt=\"KYPV-H2XLB dimension drawing\"><\/figure>\n<figure data-file=\"kypv-h3xlb-dim\" data-alt=\"KYPV-H3XLB dimension drawing\"><\/figure>\n<\/section>\n<section id=\"applications\">\n<h2>Applications<\/h2>\n<ul>\n<li>Protection principale\/branche de la bo\u00eete de raccordement PV \u00e0 l'\u00e9chelle de l'entreprise (1500 V DC).<\/li>\n<li>Couplage du bus CC et de la batterie de l'ESS avec des fusibles gPV \u00e0 corps carr\u00e9.<\/li>\n<li>Protection c\u00f4t\u00e9 courant continu de l'onduleur et du convertisseur DC\/DC.<\/li>\n<li>Distribution industrielle de courant continu lorsque 1500 V CC sont n\u00e9cessaires.<\/li>\n<\/ul>\n<\/section>\n<section id=\"faq\">\n<h2>FAQ<\/h2>\n<div class=\"qa\">\n<h3>Q1. Ces \u201cporte-fusibles\u201d sont-ils les m\u00eames que les \u201csocles de fusibles\u201d ?<\/h3>\n<p>Oui. \u201cPorte-fusible\u201d est le terme couramment utilis\u00e9 sur le march\u00e9 ; de nombreuses fiches techniques utilisent \u201cculot de fusible\u201d.<\/p>\n<h3>Q2. Quels sont les fusibles adapt\u00e9s \u00e0 chaque support ?<\/h3>\n<p>KYPV-H1XLB convient \u00e0 KYPV-H1XL ; H2XLB convient \u00e0 H2XL ; H3XLB convient \u00e0 H3XL (gPV \u00e0 corps carr\u00e9).<\/p>\n<h3>Q3. Les d\u00e9tenteurs d\u00e9finissent-ils eux-m\u00eames les caract\u00e9ristiques \u00e9lectriques ?<\/h3>\n<p>La performance \u00e9lectrique primaire est d\u00e9finie par le fusible gPV install\u00e9 ; le support assure un ajustement m\u00e9canique correct et un montage s\u00fbr.<\/p>\n<h3>Q4. Pourquoi donner la priorit\u00e9 aux dessins cot\u00e9s sur la page ?<\/h3>\n<p>Pour les supports \u00e0 corps carr\u00e9 de 1500 V, la taille et le pas de montage sont les principaux facteurs de s\u00e9lection ; les d\u00e9gagements et les ouvertures des bornes doivent \u00eatre v\u00e9rifi\u00e9s avant la mise en place du panneau.<\/p>\n<\/div>\n<\/section>\n<section id=\"cta\">\n<h2>Demande de devis<\/h2>\n<p>Besoin <strong>Porte-fusibles 1500V DC<\/strong> (KYPV-H1XLB \/ H2XLB \/ H3XLB) pour votre projet PV ou ESS ?<br \/>\n<a href=\"\/fr\/contact-us\/\">Contactez nous<\/a> pour l'assistance technique et la tarification.<\/p>\n<\/section>\n<section id=\"related-links\">\n<h2>Produits apparent\u00e9s<\/h2>\n<p>Combiner avec <a href=\"\/fr\/dc-fuse\/\">Fusibles DC<\/a>,<br \/>\n<a href=\"\/fr\/dc-spd\/\">Dispositifs de protection contre les surtensions en courant continu<\/a>et<br \/>\n<a href=\"\/fr\/dc-switch-disconnector\/\">Interrupteurs-sectionneurs \u00e0 courant continu<\/a><br \/>\n\u00e0 l'int\u00e9rieur <a href=\"\/fr\/pv-combiner-box\/\">Bo\u00eetes de raccordement PV<\/a>. Voir<br \/>\n<a href=\"https:\/\/webstore.iec.ch\/publication\/24554\" target=\"_blank\" rel=\"noopener\">IEC 60269-6<\/a> et<br \/>\n<a href=\"https:\/\/ulstandards.ul.com\/\" target=\"_blank\" rel=\"noopener\">UL 248-19<\/a> pour la conformit\u00e9.<\/p>\n<\/section>","protected":false},"excerpt":{"rendered":"<ul>\n<li data-start=\"415\" data-end=\"528\">\n<p data-start=\"417\" data-end=\"528\"><strong data-start=\"417\" data-end=\"448\">S\u00e9rie de porte-fusibles 1500V DC<\/strong> pour le corps carr\u00e9 <strong data-start=\"465\" data-end=\"483\">Liens vers les fusibles gPV<\/strong> (H1XL-H3XL) ; \u00e9galement connu sous le nom de <strong data-start=\"511\" data-end=\"525\">socles de fusibles<\/strong>.<\/p>\n<\/li>\n<li data-start=\"529\" data-end=\"609\">\n<p data-start=\"531\" data-end=\"609\">Contacts \u00e0 haute fiabilit\u00e9, corps ignifug\u00e9 ; montage sur rail DIN ou fixe.<\/p>\n<\/li>\n<li data-start=\"610\" data-end=\"692\">\n<p data-start=\"612\" data-end=\"692\">Id\u00e9al pour les r\u00e9seaux photovolta\u00efques \u00e0 grande \u00e9chelle, le bus CC de l'ESS et la protection de l'entr\u00e9e CC de l'onduleur.<\/p>\n<\/li>\n<\/ul>","protected":false},"featured_media":1354,"comment_status":"open","ping_status":"closed","template":"","meta":[],"product_brand":[],"product_cat":[27],"product_tag":[],"class_list":{"0":"post-1037","1":"product","2":"type-product","3":"status-publish","4":"has-post-thumbnail","6":"product_cat-dc-fuse-pv-fuse","8":"first","9":"instock","10":"shipping-taxable","11":"product-type-simple"},"_links":{"self":[{"href":"https:\/\/cnkuangya.com\/fr\/wp-json\/wp\/v2\/product\/1037","targetHints":{"allow":["GET"]}}],"collection":[{"href":"https:\/\/cnkuangya.com\/fr\/wp-json\/wp\/v2\/product"}],"about":[{"href":"https:\/\/cnkuangya.com\/fr\/wp-json\/wp\/v2\/types\/product"}],"replies":[{"embeddable":true,"href":"https:\/\/cnkuangya.com\/fr\/wp-json\/wp\/v2\/comments?post=1037"}],"wp:featuredmedia":[{"embeddable":true,"href":"https:\/\/cnkuangya.com\/fr\/wp-json\/wp\/v2\/media\/1354"}],"wp:attachment":[{"href":"https:\/\/cnkuangya.com\/fr\/wp-json\/wp\/v2\/media?parent=1037"}],"wp:term":[{"taxonomy":"product_brand","embeddable":true,"href":"https:\/\/cnkuangya.com\/fr\/wp-json\/wp\/v2\/product_brand?post=1037"},{"taxonomy":"product_cat","embeddable":true,"href":"https:\/\/cnkuangya.com\/fr\/wp-json\/wp\/v2\/product_cat?post=1037"},{"taxonomy":"product_tag","embeddable":true,"href":"https:\/\/cnkuangya.com\/fr\/wp-json\/wp\/v2\/product_tag?post=1037"}],"curies":[{"name":"wp","href":"https:\/\/api.w.org\/{rel}","templated":true}]}}