{"id":1015,"date":"2025-09-03T11:19:52","date_gmt":"2025-09-03T11:19:52","guid":{"rendered":"https:\/\/cnkuangya.com\/?post_type=product&#038;p=1015"},"modified":"2025-09-09T06:25:20","modified_gmt":"2025-09-09T06:25:20","slug":"dc-fuse-holder-1000v-10x38-kypv-32","status":"publish","type":"product","link":"https:\/\/cnkuangya.com\/fr\/product\/dc-fuse-holder-1000v-10x38-kypv-32\/","title":{"rendered":"KYPV-32 - Porte-fusible DC 1000V 10\u00d738 pour syst\u00e8mes PV"},"content":{"rendered":"<section id=\"overview\">\n<h2>Vue d'ensemble<\/h2>\n<p>Le <strong>KYPV-32<\/strong> est un <strong>DC fuse holder 1000V<\/strong> con\u00e7u pour<br \/>\n<strong>10\u00d738 mm gPV fuse links<\/strong> with current ratings from 2\u201332A.<br \/>\nIt provides reliable short-circuit and overload protection in PV strings, combiner boxes, and DC bus systems.<br \/>\nFeaturing a flame-retardant body, ceramic fuse tube with quartz-sand arc quenching,<br \/>\nand a front quick-latch design, the KYPV-32 ensures safe operation and easy maintenance.<\/p>\n<\/section>\n<section id=\"features\">\n<h2>Caract\u00e9ristiques principales<\/h2>\n<ul>\n<li>Rated <strong>1000V DC<\/strong>, current range up to 32A.<\/li>\n<li>Soutien <strong>10\u00d738 mm gPV fuse links<\/strong> (replaceable).<\/li>\n<li><strong>DIN-rail 35 mm<\/strong> installation, 1-pole compact design.<\/li>\n<li>En option <strong>blown-fuse indicator<\/strong> for faster maintenance.<\/li>\n<li>Conforme \u00e0 <strong>IEC 60269-6<\/strong> et <strong>UL 248-19<\/strong>.<\/li>\n<\/ul>\n<\/section>\n<section id=\"specs\">\n<h2>Sp\u00e9cifications<\/h2>\n<table class=\"spec-table\">\n<tbody>\n<tr>\n<th>Tension nominale<\/th>\n<td>1000 V DC<\/td>\n<\/tr>\n<tr>\n<th>Taille du fusible<\/th>\n<td>10\u00d738 mm (gPV, 2\u201332A)<\/td>\n<\/tr>\n<tr>\n<th>Montage<\/th>\n<td>35 mm DIN rail, 1 pole<\/td>\n<\/tr>\n<tr>\n<th>Indicator<\/th>\n<td>Available with \/ without light<\/td>\n<\/tr>\n<tr>\n<th>Terminal Torque<\/th>\n<td>2.5 N\u00b7m (recommended)<\/td>\n<\/tr>\n<tr>\n<th>Temp\u00e9rature de fonctionnement<\/th>\n<td>\u221240 \u00b0C \u2026 +90 \u00b0C (derating above 40 \u00b0C)<\/td>\n<\/tr>\n<tr>\n<th>Normes<\/th>\n<td>IEC 60269-6 ; UL 248-19 ; GB\/T 13539-6<\/td>\n<\/tr>\n<\/tbody>\n<\/table>\n<\/section>\n<section id=\"diagram\">\n<h2>Diagrammes<\/h2>\n<p>&nbsp;<\/p>\n<figure data-file=\"kypv-32-main\" data-alt=\"KYPV-32 DC Fuse Holder 1000V 10\u00d738 main view\"><\/figure>\n<figure data-file=\"kypv-32-dim\" data-alt=\"KYPV-32 dimensions drawing\"><\/figure>\n<figure data-file=\"kypv-32-wiring\" data-alt=\"KYPV-32 wiring diagram for PV string\"><\/figure>\n<\/section>\n<section id=\"applications\">\n<h2>Applications<\/h2>\n<ul>\n<li>PV string fuse protection (2\u201332 A circuits).<\/li>\n<li>PV combiner box input\/output.<\/li>\n<li>Couplage du bus CC de l'ESS.<\/li>\n<li>Inverter and DC\/DC converter protection.<\/li>\n<\/ul>\n<section id=\"related-links\">\n<h2>Composants de protection PV connexes<\/h2>\n<p>Pour construire un syst\u00e8me de protection DC fiable, notre<br \/>\n<a href=\"\/fr\/dc-fuse\/\">Fusibles DC<\/a>,<br \/>\n<a href=\"\/fr\/pv-fuse\/\">Fusibles PV<\/a>,<br \/>\n<a href=\"\/fr\/dc-spd\/\">Dispositifs de protection contre les surtensions en courant continu (DC SPD)<\/a>,<br \/>\net <a href=\"\/fr\/dc-switch-disconnector\/\">Interrupteurs-sectionneurs \u00e0 courant continu<\/a><br \/>\npeut \u00eatre int\u00e9gr\u00e9 \u00e0 <a href=\"\/fr\/pv-combiner-box\/\">Bo\u00eetes de raccordement PV<\/a><br \/>\npour un fonctionnement s\u00fbr du champ solaire. Pour les certifications et la conformit\u00e9,<br \/>\nse r\u00e9f\u00e9rer \u00e0 <a href=\"https:\/\/webstore.iec.ch\/publication\/24554\" target=\"_blank\" rel=\"noopener\">IEC 60269-6<\/a>,<br \/>\n<a href=\"https:\/\/ulstandards.ul.com\/\" target=\"_blank\" rel=\"noopener\">UL 248-19<\/a>,<br \/>\net le <a href=\"https:\/\/www.seia.org\/\" target=\"_blank\" rel=\"noopener\">Association des industries de l'\u00e9nergie solaire (SEIA)<\/a>.<br \/>\nBesoin d'aide ? <a href=\"\/fr\/contact-us\/\">Contactez nous<\/a> pour obtenir des conseils techniques et des devis.<\/p>\n<\/section>\n<p>&nbsp;<\/p>\n<\/section>\n<section id=\"faq\">\n<h2>FAQ<\/h2>\n<div class=\"qa\">\n<h3>Q1. What fuse size does KYPV-32 support?<\/h3>\n<p>It supports 10\u00d738 mm gPV fuse links rated up to 32A.<\/p>\n<h3>Q2. Is there a blown-fuse indicator option?<\/h3>\n<p>Yes, with light \/ without light versions are available.<\/p>\n<h3>Q3. What standards does it comply with?<\/h3>\n<p>IEC 60269-6, UL 248-19, and GB\/T 13539-6.<\/p>\n<h3>Q4. How is it mounted?<\/h3>\n<p>On a 35 mm DIN rail, single-pole holder with a front quick-latch.<\/p>\n<h3>Q5. What are the typical applications?<\/h3>\n<p>PV strings, combiner boxes, ESS, and inverter DC side protection.<\/p>\n<\/div>\n<\/section>\n<section id=\"cta\">\n<h2>Obtenir un devis<\/h2>\n<p>Need help selecting the right <strong>DC fuse holder 1000V<\/strong> for your PV project?<br \/>\n<a href=\"\/fr\/contact-us\/\">Contactez-nous d\u00e8s aujourd'hui<\/a>.<\/p>\n<\/section>","protected":false},"excerpt":{"rendered":"<ul>\n<li data-start=\"310\" data-end=\"393\">\n<p data-start=\"312\" data-end=\"393\"><strong data-start=\"312\" data-end=\"339\">1000V DC gPV protection<\/strong>, compatible with <strong data-start=\"357\" data-end=\"380\">10\u00d738 mm fuse links<\/strong> up to 32A.<\/p>\n<\/li>\n<li data-start=\"394\" data-end=\"483\">\n<p data-start=\"396\" data-end=\"483\"><strong data-start=\"396\" data-end=\"426\">DIN-rail mounted fuse base<\/strong> with quick front latch, optional blown-fuse indicator.<\/p>\n<\/li>\n<li data-start=\"484\" data-end=\"585\">\n<p data-start=\"486\" data-end=\"585\"><strong data-start=\"486\" data-end=\"523\">IEC 60269-6 &amp; UL 248-19 compliant<\/strong>, optimized for PV strings, combiner boxes, and DC circuits.<\/p>\n<\/li>\n<\/ul>","protected":false},"featured_media":1268,"comment_status":"open","ping_status":"closed","template":"","meta":[],"product_brand":[],"product_cat":[27],"product_tag":[],"class_list":{"0":"post-1015","1":"product","2":"type-product","3":"status-publish","4":"has-post-thumbnail","6":"product_cat-dc-fuse-pv-fuse","8":"first","9":"instock","10":"shipping-taxable","11":"product-type-simple"},"_links":{"self":[{"href":"https:\/\/cnkuangya.com\/fr\/wp-json\/wp\/v2\/product\/1015","targetHints":{"allow":["GET"]}}],"collection":[{"href":"https:\/\/cnkuangya.com\/fr\/wp-json\/wp\/v2\/product"}],"about":[{"href":"https:\/\/cnkuangya.com\/fr\/wp-json\/wp\/v2\/types\/product"}],"replies":[{"embeddable":true,"href":"https:\/\/cnkuangya.com\/fr\/wp-json\/wp\/v2\/comments?post=1015"}],"wp:featuredmedia":[{"embeddable":true,"href":"https:\/\/cnkuangya.com\/fr\/wp-json\/wp\/v2\/media\/1268"}],"wp:attachment":[{"href":"https:\/\/cnkuangya.com\/fr\/wp-json\/wp\/v2\/media?parent=1015"}],"wp:term":[{"taxonomy":"product_brand","embeddable":true,"href":"https:\/\/cnkuangya.com\/fr\/wp-json\/wp\/v2\/product_brand?post=1015"},{"taxonomy":"product_cat","embeddable":true,"href":"https:\/\/cnkuangya.com\/fr\/wp-json\/wp\/v2\/product_cat?post=1015"},{"taxonomy":"product_tag","embeddable":true,"href":"https:\/\/cnkuangya.com\/fr\/wp-json\/wp\/v2\/product_tag?post=1015"}],"curies":[{"name":"wp","href":"https:\/\/api.w.org\/{rel}","templated":true}]}}