{"id":1560,"date":"2025-09-15T07:47:24","date_gmt":"2025-09-15T07:47:24","guid":{"rendered":"https:\/\/cnkuangya.com\/?post_type=product&#038;p=1560"},"modified":"2025-09-27T14:29:21","modified_gmt":"2025-09-27T14:29:21","slug":"hrd7-3-phase-rcbo","status":"publish","type":"product","link":"https:\/\/cnkuangya.com\/es\/product\/hrd7-3-phase-rcbo\/","title":{"rendered":"HRD7 RCBO - 1P+N \/ 3P+N, 6-32A (Magn\u00e9tico \/ Electr\u00f3nico)"},"content":{"rendered":"<p><!-- Ensure the Focus KW appears right at the beginning --><\/p>\n<p><strong>rcbo trif\u00e1sico<\/strong> HRD7 integra protecci\u00f3n diferencial y de sobreintensidad en formatos compactos 1P+N y 3P+N, cubriendo 6-32 A a 240\/415 V, 50\/60 Hz. Est\u00e1 disponible en versiones magn\u00e9tica y electr\u00f3nica para adaptarse a diferentes estrategias de coordinaci\u00f3n y preferencias de instalaci\u00f3n.<\/p>\n<section id=\"overview\">\n<h2>Visi\u00f3n general<\/h2>\n<p>HRD7 est\u00e1 dise\u00f1ado para placas residenciales, comerciales y de industria ligera en las que<br \/>\nLa funcionalidad combinada de RCD + MCB es necesaria en circuitos monof\u00e1sicos y trif\u00e1sicos.<br \/>\nCon protecci\u00f3n residual Tipo AC \/ Tipo A y cuatro sensibilidades est\u00e1ndar<br \/>\n(10 \/ 30 \/ 100 \/ 300 mA), HRD7 consigue una protecci\u00f3n y discriminaci\u00f3n t\u00e1ctil fiables.<br \/>\nLa gama admite configuraciones 1P+N y 3P+N con un poder de corte de 6 kA<br \/>\npara hacer frente a los niveles de aver\u00eda habituales en las redes de 240 V \/ 415 V. Esta opci\u00f3n de rcbo trif\u00e1sico<br \/>\nadmite selectividad coordinada en placas trif\u00e1sicas.<\/p>\n<\/section>\n<section id=\"features\">\n<h2>Caracter\u00edsticas principales<\/h2>\n<ul>\n<li>Postes: <strong>1P+N<\/strong> (unipolar + neutro) y <strong>3P+N<\/strong><\/li>\n<li>Corriente nominal (In): <strong>6-32 A<\/strong><\/li>\n<li>Tensi\u00f3n nominal (Ue): <strong>AC 240 V<\/strong> \/ <strong>AC 415 V<\/strong>, <strong>50\/60 Hz<\/strong><\/li>\n<li>Tipo de corriente residual: <strong>Tipo AC \/ Tipo A<\/strong><\/li>\n<li>Sensibilidad (I\u0394n): <strong>10 \/ 30 \/ 100 \/ 300 mA<\/strong><\/li>\n<li>Capacidad de rotura (Icn): <strong>6 kA<\/strong><\/li>\n<li>Unidad de viaje: <strong>Magn\u00e9tico<\/strong> o <strong>Electr\u00f3nica<\/strong><\/li>\n<li>Resistencia: <strong>Mec\u00e1nica 12.000 ciclos<\/strong>; <strong>El\u00e9ctrico 6.000 ciclos<\/strong><\/li>\n<li>Montaje en carril DIN; cableado frontal; bot\u00f3n de prueba frontal (T)<\/li>\n<li>Cumplimiento y certificaci\u00f3n: <strong>IEC\/EN 61009-1<\/strong>; <strong>SEMKO, UKCA, CE, SAA<\/strong><\/li>\n<\/ul>\n<\/section>\n<section id=\"technical-data\">\n<h2>Datos t\u00e9cnicos del RCBO trif\u00e1sico - HRD7<\/h2>\n<table>\n<thead>\n<tr>\n<th>Par\u00e1metro<\/th>\n<th>HRD7 (1P+N)<\/th>\n<th>HRD7 (3P+N)<\/th>\n<\/tr>\n<\/thead>\n<tbody>\n<tr>\n<td>Postes<\/td>\n<td>1P+N<\/td>\n<td>3P+N<\/td>\n<\/tr>\n<tr>\n<td>Corriente nominal (In)<\/td>\n<td>6-32 A<\/td>\n<td>6-32 A<\/td>\n<\/tr>\n<tr>\n<td>Tensi\u00f3n nominal (Ue)<\/td>\n<td>AC 240 V<\/td>\n<td>AC 415 V<\/td>\n<\/tr>\n<tr>\n<td>Frecuencia<\/td>\n<td colspan=\"2\">50\/60 Hz<\/td>\n<\/tr>\n<tr>\n<td>Tipo de corriente residual<\/td>\n<td colspan=\"2\">Tipo AC \/ Tipo A<\/td>\n<\/tr>\n<tr>\n<td>Corriente residual nominal (I\u0394n)<\/td>\n<td colspan=\"2\">10 \/ 30 \/ 100 \/ 300 mA<\/td>\n<\/tr>\n<tr>\n<td>Capacidad de rotura (Icn)<\/td>\n<td colspan=\"2\">6 kA<\/td>\n<\/tr>\n<tr>\n<td>Unidad de viaje<\/td>\n<td colspan=\"2\">Magn\u00e9tico \/ Electr\u00f3nico<\/td>\n<\/tr>\n<tr>\n<td>Resistencia<\/td>\n<td colspan=\"2\">Mec\u00e1nica 12.000 ciclos; el\u00e9ctrica 6.000 ciclos<\/td>\n<\/tr>\n<tr>\n<td>Instalaci\u00f3n<\/td>\n<td colspan=\"2\">Carril DIN; cableado frontal; bot\u00f3n de prueba (T)<\/td>\n<\/tr>\n<tr>\n<td>Uso recomendado<\/td>\n<td colspan=\"2\">Ramas y alimentadores residenciales, comerciales y de industria ligera de hasta 32 A<\/td>\n<\/tr>\n<tr>\n<td>Normas<\/td>\n<td colspan=\"2\">IEC\/EN 61009-1<\/td>\n<\/tr>\n<tr>\n<td>Certificaciones<\/td>\n<td colspan=\"2\">SEMKO, UKCA, CE, SAA<\/td>\n<\/tr>\n<\/tbody>\n<\/table>\n<\/section>\n<section id=\"applications\">\n<h2>Aplicaciones<\/h2>\n<ul>\n<li>Cuadros de apartamentos y comerciales que requieren protecci\u00f3n combinada residual y de sobreintensidad<\/li>\n<li>Paneles trif\u00e1sicos que necesitan 3P+N con selectividad coordinada<\/li>\n<li>Circuitos auxiliares\/de alimentaci\u00f3n de hasta 32 A en sistemas de 240\/415 V<\/li>\n<\/ul>\n<\/section>\n<section id=\"media\">\n<h2>Descargas e im\u00e1genes<\/h2>\n<p><img decoding=\"async\" src=\"REPLACE-WITH-YOUR-IMAGE.jpg\" alt=\"Rcbo trif\u00e1sico HRD7 1P+N \/ 3P+N, 6-32A, Tipo AC\/A, I\u0394n 10\/30\/100\/300 mA, Icn 6 kA, 240\/415 V\" \/><\/p>\n<\/section>\n<section id=\"certs\">\n<h2>Normas y conformidad<\/h2>\n<p>Conforme a <strong>IEC\/EN 61009-1<\/strong>. Certificado por <strong>SEMKO, UKCA, CE, SAA<\/strong>.<br \/>\nVerifique siempre la discriminaci\u00f3n y la coordinaci\u00f3n con los dispositivos aguas arriba y los c\u00f3digos locales.<\/p>\n<\/section>\n<section id=\"faq\">\n<h2>PREGUNTAS FRECUENTES<\/h2>\n<details>\n<summary>\u00bfCu\u00e1ndo debo elegir el HRD7 magn\u00e9tico frente al electr\u00f3nico?<\/summary>\n<div>\n<p>Las versiones magn\u00e9ticas se adaptan a una coordinaci\u00f3n m\u00e1s sencilla y a un funcionamiento robusto; las versiones electr\u00f3nicas pueden ofrecer un comportamiento de detecci\u00f3n residual m\u00e1s fino y un rendimiento estable en condiciones m\u00e1s amplias. Selecci\u00f3n basada en estudios de coordinaci\u00f3n y especificaciones de instalaci\u00f3n.<\/p>\n<\/div>\n<\/details>\n<details>\n<summary>\u00bfQu\u00e9 I\u0394n debe utilizarse aguas arriba frente a aguas abajo?<\/summary>\n<div>\n<p>Los circuitos finales aguas abajo suelen utilizar 30 mA. Los alimentadores aguas arriba suelen adoptar 100-300 mA para mantener la selectividad. Siga los c\u00f3digos locales y las normas de discriminaci\u00f3n.<\/p>\n<\/div>\n<\/details>\n<details>\n<summary>\u00bfEs HRD7 compatible con placas monof\u00e1sicas y trif\u00e1sicas?<\/summary>\n<div>\n<p>S\u00ed. Utilice 1P+N para derivaciones monof\u00e1sicas y 3P+N para circuitos trif\u00e1sicos que requieran protecci\u00f3n del neutro.<\/p>\n<\/div>\n<\/details>\n<\/section>","protected":false},"excerpt":{"rendered":"<ul>\n<li data-start=\"420\" data-end=\"528\">\n<ul>\n<li data-start=\"373\" data-end=\"481\">\n<p data-start=\"375\" data-end=\"481\"><strong data-start=\"375\" data-end=\"391\">rcbo trif\u00e1sico<\/strong> HRD7 con <strong data-start=\"402\" data-end=\"417\">1P+N \/ 3P+N<\/strong> opciones para distribuci\u00f3n monof\u00e1sica y trif\u00e1sica, <strong data-start=\"466\" data-end=\"478\">En 6-32A<\/strong>.<\/p>\n<\/li>\n<li data-start=\"482\" data-end=\"583\">\n<p data-start=\"484\" data-end=\"583\"><strong data-start=\"484\" data-end=\"504\">Tipo AC \/ Tipo A<\/strong>, <strong data-start=\"506\" data-end=\"536\">I\u0394n 10 \/ 30 \/ 100 \/ 300 mA<\/strong>; <strong data-start=\"538\" data-end=\"550\">Icn 6 kA<\/strong>, <strong data-start=\"552\" data-end=\"570\">Ue 240 \/ 415 V<\/strong>50\/60 Hz.<\/p>\n<\/li>\n<li data-start=\"584\" data-end=\"729\">\n<p data-start=\"586\" data-end=\"729\"><strong data-start=\"586\" data-end=\"611\">Magn\u00e9tico \/ Electr\u00f3nico<\/strong> versiones; resistencia <strong data-start=\"632\" data-end=\"679\">Mec\u00e1nica 12.000 \/ El\u00e9ctrica 6.000 ciclos<\/strong>; <strong data-start=\"681\" data-end=\"699\">IEC\/EN 61009-1<\/strong>, <strong data-start=\"701\" data-end=\"728\">SEMKO \/ UKCA \/ CE \/ SAA<\/strong>.<\/p>\n<\/li>\n<\/ul>\n<\/li>\n<\/ul>","protected":false},"featured_media":1853,"comment_status":"open","ping_status":"closed","template":"","meta":[],"product_brand":[],"product_cat":[36],"product_tag":[],"class_list":{"0":"post-1560","1":"product","2":"type-product","3":"status-publish","4":"has-post-thumbnail","6":"product_cat-rcbo","8":"first","9":"instock","10":"shipping-taxable","11":"product-type-simple"},"_links":{"self":[{"href":"https:\/\/cnkuangya.com\/es\/wp-json\/wp\/v2\/product\/1560","targetHints":{"allow":["GET"]}}],"collection":[{"href":"https:\/\/cnkuangya.com\/es\/wp-json\/wp\/v2\/product"}],"about":[{"href":"https:\/\/cnkuangya.com\/es\/wp-json\/wp\/v2\/types\/product"}],"replies":[{"embeddable":true,"href":"https:\/\/cnkuangya.com\/es\/wp-json\/wp\/v2\/comments?post=1560"}],"wp:featuredmedia":[{"embeddable":true,"href":"https:\/\/cnkuangya.com\/es\/wp-json\/wp\/v2\/media\/1853"}],"wp:attachment":[{"href":"https:\/\/cnkuangya.com\/es\/wp-json\/wp\/v2\/media?parent=1560"}],"wp:term":[{"taxonomy":"product_brand","embeddable":true,"href":"https:\/\/cnkuangya.com\/es\/wp-json\/wp\/v2\/product_brand?post=1560"},{"taxonomy":"product_cat","embeddable":true,"href":"https:\/\/cnkuangya.com\/es\/wp-json\/wp\/v2\/product_cat?post=1560"},{"taxonomy":"product_tag","embeddable":true,"href":"https:\/\/cnkuangya.com\/es\/wp-json\/wp\/v2\/product_tag?post=1560"}],"curies":[{"name":"wp","href":"https:\/\/api.w.org\/{rel}","templated":true}]}}