{"id":1527,"date":"2025-09-13T09:12:26","date_gmt":"2025-09-13T09:12:26","guid":{"rendered":"https:\/\/cnkuangya.com\/?post_type=product&#038;p=1527"},"modified":"2026-01-20T08:42:28","modified_gmt":"2026-01-20T08:42:28","slug":"afdd-3-arc-fault-detection-device","status":"publish","type":"product","link":"https:\/\/cnkuangya.com\/es\/product\/afdd-3-arc-fault-detection-device\/","title":{"rendered":"AFDD-3 Dispositivo de Detecci\u00f3n de Fallas de Arco (Tipo Magn\u00e9tico) | 1P+N RCBO Tipo A 6kA"},"content":{"rendered":"<section id=\"overview\">En <strong>AFDD-3 Tipo magn\u00e9tico<\/strong> integra <em>detecci\u00f3n de fallos de arco (AFDD)<\/em>,<br \/>\n<em>protecci\u00f3n de sobreintensidad (MCB)<\/em>y <em>protecci\u00f3n de corriente residual (RCCB, Tipo A)<\/em> en un compacto<br \/>\n<strong>1P+N<\/strong> m\u00f3dulo. Dise\u00f1ado con un <strong>mecanismo de disparo magn\u00e9tico<\/strong>, ofrece estabilidad<br \/>\nfuncionamiento con cargas variables. Conforme con <strong>EN62606<\/strong> y <strong>EN61009-1<\/strong>, el dispositivo<br \/>\nofrece <strong>6 kA<\/strong> capacidad de cortocircuito y detecci\u00f3n precoz de fallos de arco en serie\/paralelo para reducir el riesgo de incendio.<\/section>\n<section id=\"features\">\n<h2>Caracter\u00edsticas principales<\/h2>\n<ul>\n<li>Triple protecci\u00f3n: <strong>AFDD + MCB + RCCB (Tipo A)<\/strong><\/li>\n<li><strong>Magn\u00e9tico<\/strong> mecanismo de disparo para un rendimiento fiable<\/li>\n<li>Caracter\u00edsticas de disparo: <strong>B\/C<\/strong>; capacidad de cortocircuito: <strong>6 kA<\/strong><\/li>\n<li>Indicaci\u00f3n por LED del estado del dispositivo y del motivo de la desconexi\u00f3n; autocontrol continuo<\/li>\n<li>Compacto <strong>1P+N (1 m\u00f3dulo)<\/strong> dise\u00f1o; terminales de tornillo (superior\/inferior), abrazaderas de alivio de tensi\u00f3n<\/li>\n<li>F\u00e1cil montaje en <strong>Carril DIN de 35 mm<\/strong><\/li>\n<li>Resistencia: \u2265 <strong>20,000<\/strong> mec\u00e1nico \/ \u2265 <strong>4,000<\/strong> ciclos el\u00e9ctricos<\/li>\n<\/ul>\n<\/section>\n<section id=\"technical-data\">\n<h2>Datos t\u00e9cnicos<\/h2>\n<table>\n<tbody>\n<tr>\n<th>Serie<\/th>\n<td>AFDD<\/td>\n<\/tr>\n<tr>\n<th>Modelo<\/th>\n<td>AFDD-3<\/td>\n<\/tr>\n<tr>\n<th>Postes<\/th>\n<td>1P+N (1 m\u00f3dulo)<\/td>\n<\/tr>\n<tr>\n<th>Corriente nominal (CA)<\/th>\n<td>6A, 10A, 13A, 16A, 20A, 25A, 32A, 40A<\/td>\n<\/tr>\n<tr>\n<th>Tipo de corriente residual<\/th>\n<td>Tipo A<\/td>\n<\/tr>\n<tr>\n<th>Corriente residual nominal I\u0394n<\/th>\n<td>10 mA, 30 mA<\/td>\n<\/tr>\n<tr>\n<th>Tensi\u00f3n m\u00edn.\/m\u00e1x. del circuito de prueba<\/th>\n<td>196 V \/ 253 V<\/td>\n<\/tr>\n<tr>\n<th>Caracter\u00edstica de disparo<\/th>\n<td>B, C<\/td>\n<\/tr>\n<tr>\n<th>Frecuencia de funcionamiento<\/th>\n<td>50 Hz<\/td>\n<\/tr>\n<tr>\n<th>Tensi\u00f3n soportada a impulsos (Uimp)<\/th>\n<td>4 kV<\/td>\n<\/tr>\n<tr>\n<th>Tensi\u00f3n nominal (CA)<\/th>\n<td>240 V<\/td>\n<\/tr>\n<tr>\n<th>Corriente nominal de cortocircuito (Icn)<\/th>\n<td>6 kA<\/td>\n<\/tr>\n<tr>\n<th>Intensidad de la corriente de choque<\/th>\n<td>0,25 kA<\/td>\n<\/tr>\n<tr>\n<th>Capacidad total de conmutaci\u00f3n m\u00e1x.<\/th>\n<td>6 kA<\/td>\n<\/tr>\n<tr>\n<th>Tensi\u00f3n nominal de aislamiento<\/th>\n<td>250 V<\/td>\n<\/tr>\n<tr>\n<th>P\u00e9rdida de calor por polo<\/th>\n<td>3 W<\/td>\n<\/tr>\n<tr>\n<th>Fusible de protecci\u00f3n contra cortocircuitos (SCPD)<\/th>\n<td>100 A<\/td>\n<\/tr>\n<tr>\n<th>Tipo de fusible de reserva<\/th>\n<td>gG<\/td>\n<\/tr>\n<tr>\n<th>Clase de sobretensi\u00f3n<\/th>\n<td>III<\/td>\n<\/tr>\n<tr>\n<th>Terminales<\/th>\n<td>Tipo tornillo, superior e inferior (circuito de carga)<\/td>\n<\/tr>\n<tr>\n<th>Posici\u00f3n del conductor neutro<\/th>\n<td>Izquierda \/ Derecha<\/td>\n<\/tr>\n<tr>\n<th>Longitud m\u00e1xima del cable de conexi\u00f3n<\/th>\n<td>70 m (cuadro de distribuci\u00f3n \u2194 toma exterior)<\/td>\n<\/tr>\n<tr>\n<th>\u00c1rea de sujeci\u00f3n<\/th>\n<td>1-25 mm\u00b2<\/td>\n<\/tr>\n<tr>\n<th>Par de apriete<\/th>\n<td>2,0-2,4 Nm<\/td>\n<\/tr>\n<tr>\n<th>Resistencia mec\u00e1nica<\/th>\n<td>\u2265 20.000 ciclos<\/td>\n<\/tr>\n<tr>\n<th>Resistencia el\u00e9ctrica<\/th>\n<td>\u2265 4.000 ciclos<\/td>\n<\/tr>\n<tr>\n<th>Temperatura de almacenamiento \/ funcionamiento<\/th>\n<td>-35\u2103...+60\u2103 \/ -25\u2103...+40\u2103<\/td>\n<\/tr>\n<tr>\n<th>Tipo de carcasa \/ material<\/th>\n<td>Carcasa del cuadro de distribuci\u00f3n \/ Termopl\u00e1stico<\/td>\n<\/tr>\n<tr>\n<th>Montaje<\/th>\n<td>Carril DIN (35 mm)<\/td>\n<\/tr>\n<tr>\n<th>Clase de protecci\u00f3n<\/th>\n<td>IP20 (instalado: IP40)<\/td>\n<\/tr>\n<tr>\n<th>Normas<\/th>\n<td>EN62606, EN61009-1<\/td>\n<\/tr>\n<tr>\n<th>Categor\u00eda de limitaci\u00f3n de potencia<\/th>\n<td>3<\/td>\n<\/tr>\n<tr>\n<th>Grado de contaminaci\u00f3n (EN60664)<\/th>\n<td>2<\/td>\n<\/tr>\n<tr>\n<th>Certificaciones<\/th>\n<td>UKCA, CE<\/td>\n<\/tr>\n<\/tbody>\n<\/table>\n<\/section>\n<section id=\"applications\">\n<h2>Aplicaciones<\/h2>\n<ul>\n<li>Protecci\u00f3n contra incendios para circuitos finales de hasta 40 A en edificios residenciales, comerciales y p\u00fablicos<\/li>\n<li>Redes adecuadas: <strong>TN-S<\/strong> y <strong>TN-C-S<\/strong><\/li>\n<li>No est\u00e1n permitidos: sistemas TN-C o circuitos con corrientes continuas residuales suaves<\/li>\n<\/ul>\n<\/section>\n<section id=\"certifications\">\n<h2>Certificaciones<\/h2>\n<ul>\n<li>UKCA, CE<\/li>\n<li>Normas: EN62606 (AFDD), EN61009-1 (RCBO)<\/li>\n<\/ul>\n<\/section>\n<section id=\"faq\">\n<h2>PREGUNTAS FRECUENTES<\/h2>\n<details>\n<summary>\u00bfQu\u00e9 diferencia la AFDD-3 de la AFDD-1?<\/summary>\n<p>AFDD-3 adopta un mecanismo de disparo magn\u00e9tico para un funcionamiento estable bajo cargas variables; AFDD-1 es un dise\u00f1o electr\u00f3nico est\u00e1ndar. Por lo dem\u00e1s, los valores el\u00e9ctricos son similares.<\/p>\n<\/details>\n<details>\n<summary>\u00bfCumple la AFDD-3 las normas EN?<\/summary>\n<p>S\u00ed, cumple las normas EN62606 (detecci\u00f3n de fallos de arco) y EN61009-1 (RCBO).<\/p>\n<\/details>\n<details>\n<summary>\u00bfQu\u00e9 tipo de fuga se detecta?<\/summary>\n<p>Tipo A: corrientes residuales de CA sinusoidal y CC pulsante.<\/p>\n<\/details>\n<\/section>","protected":false},"excerpt":{"rendered":"<ul>\n<li><strong>Tipo magn\u00e9tico AFDD<\/strong> integraci\u00f3n de AFDD + MCB + RCCB (Tipo A) en un m\u00f3dulo 1P+N<\/li>\n<li><strong>6A-40A<\/strong> corriente nominal, curvas B\/C, <strong>6 kA<\/strong> capacidad de cortocircuito<\/li>\n<li>Conforme con <strong>EN62606<\/strong> &amp; <strong>EN61009-1<\/strong>; ideal para edificios residenciales, comerciales y p\u00fablicos<\/li>\n<\/ul>","protected":false},"featured_media":2442,"comment_status":"open","ping_status":"closed","template":"","meta":[],"product_brand":[],"product_cat":[33],"product_tag":[],"class_list":{"0":"post-1527","1":"product","2":"type-product","3":"status-publish","4":"has-post-thumbnail","6":"product_cat-afdd","8":"first","9":"instock","10":"shipping-taxable","11":"product-type-simple"},"_links":{"self":[{"href":"https:\/\/cnkuangya.com\/es\/wp-json\/wp\/v2\/product\/1527","targetHints":{"allow":["GET"]}}],"collection":[{"href":"https:\/\/cnkuangya.com\/es\/wp-json\/wp\/v2\/product"}],"about":[{"href":"https:\/\/cnkuangya.com\/es\/wp-json\/wp\/v2\/types\/product"}],"replies":[{"embeddable":true,"href":"https:\/\/cnkuangya.com\/es\/wp-json\/wp\/v2\/comments?post=1527"}],"wp:featuredmedia":[{"embeddable":true,"href":"https:\/\/cnkuangya.com\/es\/wp-json\/wp\/v2\/media\/2442"}],"wp:attachment":[{"href":"https:\/\/cnkuangya.com\/es\/wp-json\/wp\/v2\/media?parent=1527"}],"wp:term":[{"taxonomy":"product_brand","embeddable":true,"href":"https:\/\/cnkuangya.com\/es\/wp-json\/wp\/v2\/product_brand?post=1527"},{"taxonomy":"product_cat","embeddable":true,"href":"https:\/\/cnkuangya.com\/es\/wp-json\/wp\/v2\/product_cat?post=1527"},{"taxonomy":"product_tag","embeddable":true,"href":"https:\/\/cnkuangya.com\/es\/wp-json\/wp\/v2\/product_tag?post=1527"}],"curies":[{"name":"wp","href":"https:\/\/api.w.org\/{rel}","templated":true}]}}