{"id":1526,"date":"2025-09-13T07:24:34","date_gmt":"2025-09-13T07:24:34","guid":{"rendered":"https:\/\/cnkuangya.com\/?post_type=product&#038;p=1526"},"modified":"2026-01-20T08:41:54","modified_gmt":"2026-01-20T08:41:54","slug":"afdd-1-arc-fault-detection-device","status":"publish","type":"product","link":"https:\/\/cnkuangya.com\/es\/product\/afdd-1-arc-fault-detection-device\/","title":{"rendered":"AFDD-1 Dispositivo de detecci\u00f3n de fallos de arco | Protecci\u00f3n contra incendios con funci\u00f3n RCBO"},"content":{"rendered":"<section id=\"product-description\" class=\"description\"><!-- Overview --><\/p>\n<h2>Visi\u00f3n general<\/h2>\n<p>En <strong>AFDD-1<\/strong> El dispositivo de detecci\u00f3n de fallos de arco integra <em>detecci\u00f3n de fallos de arco (AFDD)<\/em>,<br \/>\n<em>protecci\u00f3n de sobreintensidad (MCB)<\/em> y <em>protecci\u00f3n de corriente residual (RCCB, Tipo A)<\/em> en un m\u00f3dulo compacto 1P+N.<br \/>\nCumple <strong>EN62606<\/strong> y <strong>EN61009-1<\/strong>, detecci\u00f3n precoz de fallos de arco en serie\/paralelo<br \/>\ny desconexi\u00f3n r\u00e1pida para reducir el riesgo de incendio en instalaciones residenciales, comerciales e industriales.<\/p>\n<p><!-- Features --><\/p>\n<h2>Caracter\u00edsticas<\/h2>\n<ul>\n<li>Triple protecci\u00f3n: <strong>AFDD + MCB + RCCB(Tipo A)<\/strong><\/li>\n<li>Capacidad nominal de cortocircuito: <strong>6 kA<\/strong>; curvas de tropiezo: <strong>B\/C<\/strong><\/li>\n<li>Indicaci\u00f3n por LED del estado del dispositivo y el motivo de la desconexi\u00f3n; autocontrol continuo<\/li>\n<li>Compacto <strong>1P+N (1 m\u00f3dulo)<\/strong> dise\u00f1o, terminales de tornillo arriba\/abajo<\/li>\n<li>Abrazaderas de alivio de tensi\u00f3n, deslizador a presi\u00f3n; f\u00e1cil montaje en <strong>Carril DIN de 35 mm<\/strong><\/li>\n<li>Resistencia mec\u00e1nica \u2265 <strong>20,000<\/strong> ciclos; Resistencia el\u00e9ctrica \u2265 <strong>4,000<\/strong> ciclos<\/li>\n<\/ul>\n<p><!-- Technical Data --><\/p>\n<h2>Datos t\u00e9cnicos<\/h2>\n<table class=\"tech-table\">\n<tbody>\n<tr>\n<th>Serie<\/th>\n<td>AFDD<\/td>\n<\/tr>\n<tr>\n<th>Modelo<\/th>\n<td>AFDD-1<\/td>\n<\/tr>\n<tr>\n<th>Postes<\/th>\n<td>1P+N (1 m\u00f3dulo)<\/td>\n<\/tr>\n<tr>\n<th>Corriente nominal (CA)<\/th>\n<td>6A, 10A, 13A, 16A, 20A, 25A, 32A, 40A<\/td>\n<\/tr>\n<tr>\n<th>Tipo de corriente residual<\/th>\n<td>Tipo A<\/td>\n<\/tr>\n<tr>\n<th>Corriente residual nominal I\u0394n<\/th>\n<td>10 mA, 30 mA<\/td>\n<\/tr>\n<tr>\n<th>Tensi\u00f3n m\u00edn.\/m\u00e1x. del circuito de prueba<\/th>\n<td>196 V \/ 253 V<\/td>\n<\/tr>\n<tr>\n<th>Caracter\u00edstica de disparo<\/th>\n<td>B, C<\/td>\n<\/tr>\n<tr>\n<th>Frecuencia de funcionamiento<\/th>\n<td>50 Hz<\/td>\n<\/tr>\n<tr>\n<th>Tensi\u00f3n soportada a impulsos (Uimp)<\/th>\n<td>4 kV<\/td>\n<\/tr>\n<tr>\n<th>Tensi\u00f3n nominal (CA)<\/th>\n<td>240 V<\/td>\n<\/tr>\n<tr>\n<th>Corriente nominal de cortocircuito (Icn)<\/th>\n<td>6 kA<\/td>\n<\/tr>\n<tr>\n<th>Intensidad de la corriente de choque<\/th>\n<td>0,25 kA<\/td>\n<\/tr>\n<tr>\n<th>Capacidad total de conmutaci\u00f3n m\u00e1x.<\/th>\n<td>6 kA<\/td>\n<\/tr>\n<tr>\n<th>Tensi\u00f3n nominal de aislamiento<\/th>\n<td>250 V<\/td>\n<\/tr>\n<tr>\n<th>P\u00e9rdida de calor por polo<\/th>\n<td>3 W<\/td>\n<\/tr>\n<tr>\n<th>Fusible de protecci\u00f3n contra cortocircuitos (SCPD)<\/th>\n<td>100 A (gG)<\/td>\n<\/tr>\n<tr>\n<th>Clase de sobretensi\u00f3n<\/th>\n<td>III<\/td>\n<\/tr>\n<tr>\n<th>Terminales<\/th>\n<td>Tipo tornillo, superior e inferior (circuito de carga)<\/td>\n<\/tr>\n<tr>\n<th>Posici\u00f3n del conductor neutro<\/th>\n<td>Izquierda \/ Derecha<\/td>\n<\/tr>\n<tr>\n<th>Longitud m\u00e1xima del cable de conexi\u00f3n<\/th>\n<td>70 m (DB a toma exterior)<\/td>\n<\/tr>\n<tr>\n<th>\u00c1rea de sujeci\u00f3n<\/th>\n<td>1-25 mm\u00b2<\/td>\n<\/tr>\n<tr>\n<th>Par de apriete<\/th>\n<td>2,0-2,4 Nm<\/td>\n<\/tr>\n<tr>\n<th>Resistencia mec\u00e1nica<\/th>\n<td>\u2265 20.000 ciclos<\/td>\n<\/tr>\n<tr>\n<th>Resistencia el\u00e9ctrica<\/th>\n<td>\u2265 4.000 ciclos<\/td>\n<\/tr>\n<tr>\n<th>Temperatura de almacenamiento \/ funcionamiento<\/th>\n<td>-35\u2103...+60\u2103 \/ -25\u2103...+40\u2103<\/td>\n<\/tr>\n<tr>\n<th>Tipo de carcasa \/ material<\/th>\n<td>Carcasa del cuadro de distribuci\u00f3n \/ Termopl\u00e1stico<\/td>\n<\/tr>\n<tr>\n<th>Montaje<\/th>\n<td>Carril DIN (35 mm)<\/td>\n<\/tr>\n<tr>\n<th>Clase de protecci\u00f3n<\/th>\n<td>IP20 (instalado: IP40)<\/td>\n<\/tr>\n<tr>\n<th>Normas<\/th>\n<td>EN62606, EN61009-1<\/td>\n<\/tr>\n<tr>\n<th>Categor\u00eda de limitaci\u00f3n de potencia<\/th>\n<td>3<\/td>\n<\/tr>\n<tr>\n<th>Grado de contaminaci\u00f3n (EN60664)<\/th>\n<td>2<\/td>\n<\/tr>\n<tr>\n<th>Certificaciones<\/th>\n<td>UKCA, CE<\/td>\n<\/tr>\n<\/tbody>\n<\/table>\n<p><!-- Applications --><\/p>\n<h2>Aplicaciones<\/h2>\n<p>Protecci\u00f3n contra incendios para circuitos finales de hasta 40 A en edificios residenciales, comerciales y p\u00fablicos<br \/>\n(dormitorios, oficinas, hospitales, escuelas). Adecuado para <strong>TN-S<\/strong> y <strong>TN-C-S<\/strong> redes.<br \/>\nNo apto para sistemas TN-C o circuitos con corrientes continuas residuales suaves no iguales a 50 Hz.<\/p>\n<p><!-- Certifications --><\/p>\n<h2>Certificaciones<\/h2>\n<ul>\n<li>UKCA<\/li>\n<li>CE<\/li>\n<li>Normas: EN62606 (AFDD), EN61009-1 (RCBO)<\/li>\n<\/ul>\n<p><!-- FAQ --><\/p>\n<h2>PREGUNTAS FRECUENTES<\/h2>\n<details>\n<summary>\u00bfCu\u00e1l es la diferencia entre AFDD y RCCB?<\/summary>\n<p>El AFDD detecta los fallos de arco en serie\/paralelo para evitar incendios; el RCCB se dispara con la corriente residual (de fuga). AFDD-1 integra AFDD + MCB + RCCB en un solo dispositivo.<\/p>\n<\/details>\n<details>\n<summary>\u00bfPuede utilizarse la AFDD-1 en sistemas TN-C?<\/summary>\n<p>No. La AFDD-1 est\u00e1 destinada a las redes TN-S y TN-C-S.<\/p>\n<\/details>\n<details>\n<summary>\u00bfQu\u00e9 tipos de fugas se detectan?<\/summary>\n<p>Tipo A: corrientes residuales de CA sinusoidal y CC pulsante.<\/p>\n<\/details>\n<\/section>","protected":false},"excerpt":{"rendered":"<ul>\n<li data-start=\"268\" data-end=\"366\">\n<p data-start=\"270\" data-end=\"366\">Dispositivo de detecci\u00f3n de fallos de arco (AFDD) con protecci\u00f3n integrada contra sobrecorriente e intensidad residual.<\/p>\n<\/li>\n<li data-start=\"367\" data-end=\"456\">\n<p data-start=\"369\" data-end=\"456\">Rango de corriente nominal: <strong data-start=\"390\" data-end=\"400\">6A-40A<\/strong>Tipo de corriente residual <strong data-start=\"424\" data-end=\"429\">A<\/strong>, curva de disparo <strong data-start=\"446\" data-end=\"453\">B\/C<\/strong>.<\/p>\n<\/li>\n<li data-start=\"457\" data-end=\"531\">\n<p data-start=\"459\" data-end=\"531\">Cumple <strong data-start=\"473\" data-end=\"496\">EN62606 Y EN61009-1<\/strong>, capacidad de cortocircuito <strong data-start=\"521\" data-end=\"528\">6kA<\/strong>.<\/p>\n<\/li>\n<\/ul>","protected":false},"featured_media":2441,"comment_status":"open","ping_status":"closed","template":"","meta":[],"product_brand":[],"product_cat":[33],"product_tag":[],"class_list":{"0":"post-1526","1":"product","2":"type-product","3":"status-publish","4":"has-post-thumbnail","6":"product_cat-afdd","8":"first","9":"instock","10":"shipping-taxable","11":"product-type-simple"},"_links":{"self":[{"href":"https:\/\/cnkuangya.com\/es\/wp-json\/wp\/v2\/product\/1526","targetHints":{"allow":["GET"]}}],"collection":[{"href":"https:\/\/cnkuangya.com\/es\/wp-json\/wp\/v2\/product"}],"about":[{"href":"https:\/\/cnkuangya.com\/es\/wp-json\/wp\/v2\/types\/product"}],"replies":[{"embeddable":true,"href":"https:\/\/cnkuangya.com\/es\/wp-json\/wp\/v2\/comments?post=1526"}],"wp:featuredmedia":[{"embeddable":true,"href":"https:\/\/cnkuangya.com\/es\/wp-json\/wp\/v2\/media\/2441"}],"wp:attachment":[{"href":"https:\/\/cnkuangya.com\/es\/wp-json\/wp\/v2\/media?parent=1526"}],"wp:term":[{"taxonomy":"product_brand","embeddable":true,"href":"https:\/\/cnkuangya.com\/es\/wp-json\/wp\/v2\/product_brand?post=1526"},{"taxonomy":"product_cat","embeddable":true,"href":"https:\/\/cnkuangya.com\/es\/wp-json\/wp\/v2\/product_cat?post=1526"},{"taxonomy":"product_tag","embeddable":true,"href":"https:\/\/cnkuangya.com\/es\/wp-json\/wp\/v2\/product_tag?post=1526"}],"curies":[{"name":"wp","href":"https:\/\/api.w.org\/{rel}","templated":true}]}}