{"id":1488,"date":"2025-09-12T06:05:31","date_gmt":"2025-09-12T06:05:31","guid":{"rendered":"https:\/\/cnkuangya.com\/?post_type=product&#038;p=1488"},"modified":"2025-09-12T06:13:47","modified_gmt":"2025-09-12T06:13:47","slug":"kgld-dual-power-automatic-transfer-switch","status":"publish","type":"product","link":"https:\/\/cnkuangya.com\/es\/product\/kgld-dual-power-automatic-transfer-switch\/","title":{"rendered":"Interruptor de transferencia autom\u00e1tica de doble potencia KGLD (20-3200A)"},"content":{"rendered":"<section id=\"overview\">\n<p data-start=\"275\" data-end=\"742\">En <strong data-start=\"279\" data-end=\"337\">Interruptor de transferencia autom\u00e1tica (ATS) de doble potencia serie KGLD<\/strong> es un <strong data-start=\"352\" data-end=\"392\">interruptor de transferencia autom\u00e1tica de doble potencia<\/strong> dise\u00f1ado para conmutar entre alimentaci\u00f3n principal y de reserva o entre red y generador.<br data-start=\"469\" data-end=\"472\" \/>Con un dise\u00f1o compacto, alta velocidad de conmutaci\u00f3n y conformidad con la norma IEC 60947-6-1, la serie KGLD garantiza un funcionamiento estable en instalaciones cr\u00edticas.<br data-start=\"616\" data-end=\"619\" \/>Proporciona transferencia autom\u00e1tica, enclavamiento el\u00e9ctrico y mec\u00e1nico, y una posici\u00f3n \u201c0\u201d forzada opcional para mantenimiento.<\/p>\n<h3 data-start=\"744\" data-end=\"760\">Aplicaciones<\/h3>\n<ul data-start=\"761\" data-end=\"1044\">\n<li data-start=\"761\" data-end=\"826\">\n<p data-start=\"763\" data-end=\"826\">Hospitales, bancos y centros de datos que requieren alimentaci\u00f3n continua<\/p>\n<\/li>\n<li data-start=\"827\" data-end=\"898\">\n<p data-start=\"829\" data-end=\"898\">Instalaciones industriales que utilizan <strong data-start=\"857\" data-end=\"886\">interruptor de transferencia autom\u00e1tica<\/strong> equipo<\/p>\n<\/li>\n<li data-start=\"899\" data-end=\"969\">\n<p data-start=\"901\" data-end=\"969\">Edificios residenciales y comerciales con doble fuente de alimentaci\u00f3n<\/p>\n<\/li>\n<li data-start=\"970\" data-end=\"1044\">\n<p data-start=\"972\" data-end=\"1044\">Sistemas de grupos electr\u00f3genos con <strong data-start=\"1002\" data-end=\"1042\">interruptor de transferencia autom\u00e1tica de doble potencia<\/strong><\/p>\n<\/li>\n<\/ul>\n<h3 data-start=\"1046\" data-end=\"1062\">Caracter\u00edsticas principales<\/h3>\n<ul data-start=\"1063\" data-end=\"1528\">\n<li data-start=\"1063\" data-end=\"1141\">\n<p data-start=\"1065\" data-end=\"1141\">Amplio rango de corriente: 20-1600A, adecuado para diversas aplicaciones de interruptores ATS<\/p>\n<\/li>\n<li data-start=\"1142\" data-end=\"1199\">\n<p data-start=\"1144\" data-end=\"1199\">Tensi\u00f3n nominal de trabajo: AC400V, aislamiento hasta 1000V<\/p>\n<\/li>\n<li data-start=\"1200\" data-end=\"1244\">\n<p data-start=\"1202\" data-end=\"1244\">Alta capacidad de cortocircuito: hasta 120 kA<\/p>\n<\/li>\n<li data-start=\"1245\" data-end=\"1291\">\n<p data-start=\"1247\" data-end=\"1291\">Conmutaci\u00f3n r\u00e1pida: tiempo de conversi\u00f3n 0,45s-1,2s<\/p>\n<\/li>\n<li data-start=\"1292\" data-end=\"1344\">\n<p data-start=\"1294\" data-end=\"1344\">Cumple las normas IEC 60947-6-1 \/ GB\/T14048.11 ATS<\/p>\n<\/li>\n<li data-start=\"1345\" data-end=\"1402\">\n<p data-start=\"1347\" data-end=\"1402\">Admite operaciones de transferencia manual y autom\u00e1tica<\/p>\n<\/li>\n<li data-start=\"1403\" data-end=\"1528\">\n<p data-start=\"1405\" data-end=\"1528\">Disponible en modelos 3P y 4P, ideal como <strong data-start=\"1447\" data-end=\"1487\">interruptor de transferencia autom\u00e1tica de doble potencia<\/strong> para proyectos comerciales e industriales<\/p>\n<\/li>\n<\/ul>\n<\/section>\n<section id=\"parameters\">\n<h2>Principales par\u00e1metros t\u00e9cnicos<\/h2>\n<table border=\"1\" cellspacing=\"0\" cellpadding=\"6\">\n<thead>\n<tr>\n<th>Corriente nominal (A)<\/th>\n<th>Tensi\u00f3n nominal de aislamiento Ui (V)<\/th>\n<th>Tensi\u00f3n nominal soportada a impulsos Uimp (kV)<\/th>\n<th>Tensi\u00f3n nominal de trabajo Ue (V)<\/th>\n<th>AC-31A Corriente nominal (A)<\/th>\n<th>AC-35A Corriente nominal (A)<\/th>\n<th>AC-33A Corriente nominal (A)<\/th>\n<th>Capacidad nominal de fabricaci\u00f3n<\/th>\n<th>Capacidad de rotura nominal<\/th>\n<th>Capacidad nominal limitada de cortocircuito (kA)<\/th>\n<th>Corriente nominal de corta duraci\u00f3n (kA)<\/th>\n<th>Tiempo de conversi\u00f3n I\u2194II (s)<\/th>\n<th>Tensi\u00f3n de control<\/th>\n<th>Potencia de arranque del motor (W)<\/th>\n<th>Potencia del motor Normal (W)<\/th>\n<th>Peso (kg)<\/th>\n<\/tr>\n<\/thead>\n<tbody>\n<tr>\n<td>20<\/td>\n<td>750<\/td>\n<td>8<\/td>\n<td>AC400<\/td>\n<td>20<\/td>\n<td>20<\/td>\n<td>20<\/td>\n<td>10 Ie<\/td>\n<td>8 Ie<\/td>\n<td>50<\/td>\n<td>7<\/td>\n<td>0.45<\/td>\n<td>AC220<\/td>\n<td>300<\/td>\n<td>55<\/td>\n<td>7.0<\/td>\n<\/tr>\n<tr>\n<td>40<\/td>\n<td>750<\/td>\n<td>8<\/td>\n<td>AC400<\/td>\n<td>40<\/td>\n<td>40<\/td>\n<td>40<\/td>\n<td>10 Ie<\/td>\n<td>8 Ie<\/td>\n<td>50<\/td>\n<td>7<\/td>\n<td>0.45<\/td>\n<td>AC220<\/td>\n<td>300<\/td>\n<td>55<\/td>\n<td>7.0<\/td>\n<\/tr>\n<tr>\n<td>63<\/td>\n<td>750<\/td>\n<td>8<\/td>\n<td>AC400<\/td>\n<td>63<\/td>\n<td>63<\/td>\n<td>63<\/td>\n<td>10 Ie<\/td>\n<td>8 Ie<\/td>\n<td>50<\/td>\n<td>7<\/td>\n<td>0.45<\/td>\n<td>AC220<\/td>\n<td>300<\/td>\n<td>55<\/td>\n<td>7.2<\/td>\n<\/tr>\n<tr>\n<td>80<\/td>\n<td>750<\/td>\n<td>8<\/td>\n<td>AC400<\/td>\n<td>80<\/td>\n<td>80<\/td>\n<td>80<\/td>\n<td>10 Ie<\/td>\n<td>8 Ie<\/td>\n<td>50<\/td>\n<td>7<\/td>\n<td>0.45<\/td>\n<td>AC220<\/td>\n<td>300<\/td>\n<td>55<\/td>\n<td>7.2<\/td>\n<\/tr>\n<tr>\n<td>100<\/td>\n<td>750<\/td>\n<td>8<\/td>\n<td>AC400<\/td>\n<td>100<\/td>\n<td>100<\/td>\n<td>100<\/td>\n<td>10 Ie<\/td>\n<td>8 Ie<\/td>\n<td>50<\/td>\n<td>7<\/td>\n<td>0.45<\/td>\n<td>AC220<\/td>\n<td>300<\/td>\n<td>55<\/td>\n<td>7.5<\/td>\n<\/tr>\n<tr>\n<td>125<\/td>\n<td>750<\/td>\n<td>8<\/td>\n<td>AC400<\/td>\n<td>125<\/td>\n<td>125<\/td>\n<td>125<\/td>\n<td>10 Ie<\/td>\n<td>8 Ie<\/td>\n<td>50<\/td>\n<td>7<\/td>\n<td>0.45<\/td>\n<td>AC220<\/td>\n<td>325<\/td>\n<td>62<\/td>\n<td>7.5<\/td>\n<\/tr>\n<tr>\n<td>160<\/td>\n<td>750<\/td>\n<td>8<\/td>\n<td>AC400<\/td>\n<td>160<\/td>\n<td>160<\/td>\n<td>160<\/td>\n<td>10 Ie<\/td>\n<td>8 Ie<\/td>\n<td>50<\/td>\n<td>7<\/td>\n<td>0.45<\/td>\n<td>AC220<\/td>\n<td>335<\/td>\n<td>62<\/td>\n<td>8.8<\/td>\n<\/tr>\n<tr>\n<td>250<\/td>\n<td>750<\/td>\n<td>8<\/td>\n<td>AC400<\/td>\n<td>250<\/td>\n<td>250<\/td>\n<td>250<\/td>\n<td>10 Ie<\/td>\n<td>8 Ie<\/td>\n<td>50<\/td>\n<td>7<\/td>\n<td>0.45<\/td>\n<td>AC220<\/td>\n<td>335<\/td>\n<td>62<\/td>\n<td>9.0<\/td>\n<\/tr>\n<tr>\n<td>400<\/td>\n<td>750<\/td>\n<td>8<\/td>\n<td>AC400<\/td>\n<td>400<\/td>\n<td>400<\/td>\n<td>400<\/td>\n<td>10 Ie<\/td>\n<td>8 Ie<\/td>\n<td>50<\/td>\n<td>9<\/td>\n<td>0.6<\/td>\n<td>AC220<\/td>\n<td>335<\/td>\n<td>74<\/td>\n<td>16.5<\/td>\n<\/tr>\n<tr>\n<td>630<\/td>\n<td>750<\/td>\n<td>8<\/td>\n<td>AC400<\/td>\n<td>630<\/td>\n<td>630<\/td>\n<td>630<\/td>\n<td>10 Ie<\/td>\n<td>8 Ie<\/td>\n<td>50<\/td>\n<td>9<\/td>\n<td>0.6<\/td>\n<td>AC220<\/td>\n<td>335<\/td>\n<td>74<\/td>\n<td>17.0<\/td>\n<\/tr>\n<tr>\n<td>800<\/td>\n<td>1000<\/td>\n<td>12<\/td>\n<td>AC400<\/td>\n<td>800<\/td>\n<td>800<\/td>\n<td>800<\/td>\n<td>10 Ie<\/td>\n<td>8 Ie<\/td>\n<td>70<\/td>\n<td>13<\/td>\n<td>1.2<\/td>\n<td>AC220<\/td>\n<td>440<\/td>\n<td>90<\/td>\n<td>32.0<\/td>\n<\/tr>\n<tr>\n<td>1000<\/td>\n<td>1000<\/td>\n<td>12<\/td>\n<td>AC400<\/td>\n<td>1000<\/td>\n<td>1000<\/td>\n<td>800<\/td>\n<td>10 Ie<\/td>\n<td>8 Ie<\/td>\n<td>70<\/td>\n<td>26<\/td>\n<td>1.2<\/td>\n<td>AC220<\/td>\n<td>440<\/td>\n<td>98<\/td>\n<td>36.0<\/td>\n<\/tr>\n<tr>\n<td>1250<\/td>\n<td>1000<\/td>\n<td>12<\/td>\n<td>AC400<\/td>\n<td>1250<\/td>\n<td>1000<\/td>\n<td>800<\/td>\n<td>10 Ie<\/td>\n<td>8 Ie<\/td>\n<td>100<\/td>\n<td>50<\/td>\n<td>1.2<\/td>\n<td>AC220<\/td>\n<td>440<\/td>\n<td>98<\/td>\n<td>40.0<\/td>\n<\/tr>\n<tr>\n<td>1600<\/td>\n<td>1000<\/td>\n<td>12<\/td>\n<td>AC400<\/td>\n<td>1600<\/td>\n<td>1600<\/td>\n<td>1000<\/td>\n<td>10 Ie<\/td>\n<td>8 Ie<\/td>\n<td>120<\/td>\n<td>50<\/td>\n<td>1.2<\/td>\n<td>AC220<\/td>\n<td>440<\/td>\n<td>98<\/td>\n<td>43.0<\/td>\n<\/tr>\n<\/tbody>\n<\/table>\n<\/section>\n<section id=\"wiring\">\n<h2>Cableado del circuito principal<\/h2>\n<p>El conmutador de transferencia autom\u00e1tica KGLD proporciona m\u00faltiples modos de cableado dependiendo del dise\u00f1o del sistema, incluyendo:<\/p>\n<ul>\n<li>Tipo de conexi\u00f3n econ\u00f3mica (menos de 100 A)<\/li>\n<li>Se\u00f1al pasiva + modo de conexi\u00f3n del terminal de fuego activo (100-630A)<\/li>\n<li>Conexi\u00f3n totalmente autom\u00e1tica (160-1600A)<\/li>\n<li>Ajuste forzado \u201c0\u201d totalmente autom\u00e1tico (ambas fuentes desconectadas)<\/li>\n<li>Modo de conexi\u00f3n de la salida de se\u00f1al del generador<\/li>\n<li>Autom\u00e1tico + Manual (mando a distancia)<\/li>\n<li>Cableado con controlador (100-1600A)<\/li>\n<\/ul>\n<p><em>Los diagramas de cableado detallados est\u00e1n disponibles en el cat\u00e1logo de productos y deben seguirse estrictamente durante la instalaci\u00f3n.<\/em><\/p>\n<\/section>\n<section id=\"standards\">\n<h2>Normas y conformidad<\/h2>\n<p>La serie KGLD cumple las siguientes normas internacionales:<\/p>\n<ul>\n<li>IEC 60947-1 \/ GB\/T 14048.1 (Aparamenta de baja tensi\u00f3n - Reglas generales)<\/li>\n<li>IEC 60947-3 \/ GB\/T 14048.3 (Seccionadores, seccionadores, combinados fusibles)<\/li>\n<li>IEC 60947-6-1 \/ GB\/T 14048.11 (Equipos de conmutaci\u00f3n de transferencia autom\u00e1tica - ATS)<\/li>\n<li>Certificado de seguridad, rendimiento y larga vida \u00fatil<\/li>\n<\/ul>\n<\/section>\n<section id=\"selection-guide\">\n<h2>Gu\u00eda de selecci\u00f3n<\/h2>\n<p>A la hora de elegir un conmutador de transferencia autom\u00e1tico KGLD, tenga en cuenta los siguientes factores:<\/p>\n<ol>\n<li><strong>Corriente nominal (20A-1600A)<\/strong> \u2192 Seleccionar en funci\u00f3n de la carga total.<\/li>\n<li><strong>Postes<\/strong> \u2192 3P para sistemas trif\u00e1sicos de tres hilos, 4P para sistemas trif\u00e1sicos de cuatro hilos.<\/li>\n<li><strong>M\u00e9todo de control<\/strong> \u2192 Autom\u00e1tico o manual; mando a distancia opcional.<\/li>\n<li><strong>Tiempo de conversi\u00f3n<\/strong> \u2192 0,45s-1,2s seg\u00fan el modelo.<\/li>\n<li><strong>Capacidad de cortocircuito<\/strong> \u2192 Hasta 120 kA para potencias mayores.<\/li>\n<li><strong>M\u00e9todo de instalaci\u00f3n<\/strong> \u2192 Manilla montada en el panel o en la puerta.<\/li>\n<li><strong>Normas y certificaci\u00f3n<\/strong> \u2192 Verificar la conformidad IEC\/GB y el cumplimiento del proyecto.<\/li>\n<\/ol>\n<\/section>\n<section id=\"faq\">\n<h2>PREGUNTAS FRECUENTES<\/h2>\n<details>\n<summary>\u00bfCu\u00e1l es la principal diferencia entre las series KGLD y KGQ2?<\/summary>\n<p>KGLD es un ATS autom\u00e1tico accionado por motor con un amplio rango de corriente (20-1600A), mientras que KGQ2 se centra en interruptores de doble potencia con carcasa moldeada con diferentes \u00e9nfasis de aplicaci\u00f3n.<\/p>\n<\/details>\n<details>\n<summary>\u00bfPuede utilizarse el KGLD con un generador de reserva?<\/summary>\n<p>S\u00ed. Admite la transferencia de red a generador, con detecci\u00f3n autom\u00e1tica de tensi\u00f3n y conmutaci\u00f3n segura.<\/p>\n<\/details>\n<details>\n<summary>\u00bfKGLD admite mando a distancia?<\/summary>\n<p>S\u00ed, los modos de cableado incluyen control remoto manual y funcionamiento basado en controlador para sistemas inteligentes.<\/p>\n<\/details>\n<details>\n<summary>\u00bfCu\u00e1l es la vida \u00fatil de KGLD?<\/summary>\n<p>Resistencia mec\u00e1nica \u22658000 operaciones, resistencia el\u00e9ctrica \u22656000 operaciones en condiciones nominales.<\/p>\n<\/details>\n<details>\n<summary>\u00bfEst\u00e1 certificado?<\/summary>\n<p>S\u00ed, cumple las normas IEC 60947-6-1, IEC 60947-3, GB\/T14048.11 y otras normas relacionadas.<\/p>\n<\/details>\n<\/section>","protected":false},"excerpt":{"rendered":"<p>Interruptor de transferencia autom\u00e1tica (ATS) aislado de doble potencia de la serie KGLD de Kuangya, con una cobertura de 20A-3200A, dise\u00f1ado para un cambio fiable de red el\u00e9ctrica \u2194 generador.<\/p>\n<p>Presenta conmutaci\u00f3n r\u00e1pida, controlador ATS integrado, mecanismo de accionamiento del motor, alta resistencia diel\u00e9ctrica y vida \u00fatil &gt;8000 operaciones.<\/p>\n<p>Adecuado para hospitales, bancos, edificios altos, plantas industriales y otras aplicaciones cr\u00edticas que requieren un suministro el\u00e9ctrico ininterrumpido.<\/p>","protected":false},"featured_media":1491,"comment_status":"open","ping_status":"closed","template":"","meta":[],"product_brand":[],"product_cat":[32],"product_tag":[],"class_list":{"0":"post-1488","1":"product","2":"type-product","3":"status-publish","4":"has-post-thumbnail","6":"product_cat-ac-transfer-switch","8":"first","9":"instock","10":"shipping-taxable","11":"product-type-simple"},"_links":{"self":[{"href":"https:\/\/cnkuangya.com\/es\/wp-json\/wp\/v2\/product\/1488","targetHints":{"allow":["GET"]}}],"collection":[{"href":"https:\/\/cnkuangya.com\/es\/wp-json\/wp\/v2\/product"}],"about":[{"href":"https:\/\/cnkuangya.com\/es\/wp-json\/wp\/v2\/types\/product"}],"replies":[{"embeddable":true,"href":"https:\/\/cnkuangya.com\/es\/wp-json\/wp\/v2\/comments?post=1488"}],"wp:featuredmedia":[{"embeddable":true,"href":"https:\/\/cnkuangya.com\/es\/wp-json\/wp\/v2\/media\/1491"}],"wp:attachment":[{"href":"https:\/\/cnkuangya.com\/es\/wp-json\/wp\/v2\/media?parent=1488"}],"wp:term":[{"taxonomy":"product_brand","embeddable":true,"href":"https:\/\/cnkuangya.com\/es\/wp-json\/wp\/v2\/product_brand?post=1488"},{"taxonomy":"product_cat","embeddable":true,"href":"https:\/\/cnkuangya.com\/es\/wp-json\/wp\/v2\/product_cat?post=1488"},{"taxonomy":"product_tag","embeddable":true,"href":"https:\/\/cnkuangya.com\/es\/wp-json\/wp\/v2\/product_tag?post=1488"}],"curies":[{"name":"wp","href":"https:\/\/api.w.org\/{rel}","templated":true}]}}