{"id":1194,"date":"2025-09-07T08:24:35","date_gmt":"2025-09-07T08:24:35","guid":{"rendered":"https:\/\/cnkuangya.com\/?post_type=product&#038;p=1194"},"modified":"2025-09-07T08:24:35","modified_gmt":"2025-09-07T08:24:35","slug":"manual-transfer-switches-125a-4p","status":"publish","type":"product","link":"https:\/\/cnkuangya.com\/es\/product\/manual-transfer-switches-125a-4p\/","title":{"rendered":"KYMTS-125A Interruptor de transferencia manual 4P"},"content":{"rendered":"<section id=\"overview-125a-4p\">\n<h2>Visi\u00f3n general<\/h2>\n<p>En <strong>interruptores de transferencia manual<\/strong> (KYMTS-125A 4P) est\u00e1n dise\u00f1ados para sistemas de CA trif\u00e1sicos + neutro que requieren un cambio de fuente fiable. La configuraci\u00f3n de 4 polos proporciona un aislamiento completo de L1\/L2\/L3\/N durante la conmutaci\u00f3n I-0-II entre la compa\u00f1\u00eda el\u00e9ctrica, el generador o el inversor fotovoltaico, garantizando la m\u00e1xima seguridad y conformidad.<\/p>\n<p>Para comparar todas las series KYMTS, consulte el <a href=\"\/es\/manual-transfer-switch\/\">Interruptor de transferencia manual<\/a> p\u00e1gina de inicio. En configuraciones FV y ESS, la unidad 4P se integra con <a href=\"\/es\/pv-combiner-box\/\">Cajas de conexiones fotovoltaicas<\/a>r\u00edo arriba <a href=\"\/es\/dc-breaker\/\">disyuntores<\/a>y <a href=\"\/es\/dc-fuse\/\">Fusibles CC<\/a>. Consulte <a href=\"https:\/\/www.iec.ch\/\" target=\"_blank\" rel=\"noopener\">IEC<\/a> y <a href=\"https:\/\/ec.europa.eu\/growth\/single-market\/ce-marking\/\" target=\"_blank\" rel=\"noopener\">Certificaci\u00f3n CE<\/a> para el cumplimiento de las normas.<\/p>\n<\/section>\n<section id=\"features-125a-4p\">\n<h2>Caracter\u00edsticas principales<\/h2>\n<ul>\n<li><strong>125A, 4P<\/strong> conmutaci\u00f3n manual con aislamiento L1\/L2\/L3\/N.<\/li>\n<li>Empu\u00f1adura manual con <strong>I \/ 0 \/ II<\/strong> posiciones para un funcionamiento seguro.<\/li>\n<li>Alta conductividad <strong>contactos de cobre<\/strong> con bajo aumento de temperatura.<\/li>\n<li>Cuerpo compacto adecuado para <strong>Carril DIN \/ panel<\/strong> instalaci\u00f3n.<\/li>\n<li>Ideal para <strong>transferencia de generador<\/strong>, y cuadros de distribuci\u00f3n comercial.<\/li>\n<li>Cumple <strong>IEC 60947-3<\/strong> normas sobre interruptores-seccionadores.<\/li>\n<\/ul>\n<\/section>\n<section id=\"specs-125a-4p\">\n<h2>Especificaciones<\/h2>\n<table>\n<tbody>\n<tr>\n<th>Modelo<\/th>\n<td>KYMTS-125A 4P<\/td>\n<\/tr>\n<tr>\n<th>Postes<\/th>\n<td>4P (L1\/L2\/L3\/N)<\/td>\n<\/tr>\n<tr>\n<th>Corriente nominal (In)<\/th>\n<td>125A<\/td>\n<\/tr>\n<tr>\n<th>Tensi\u00f3n nominal de funcionamiento (Ue)<\/th>\n<td>400 V CA<\/td>\n<\/tr>\n<tr>\n<th>Frecuencia<\/th>\n<td>50\/60 Hz<\/td>\n<\/tr>\n<tr>\n<th>Tensi\u00f3n de aislamiento (Ui)<\/th>\n<td>690V<\/td>\n<\/tr>\n<tr>\n<th>Montaje<\/th>\n<td>Carril DIN \/ Panel<\/td>\n<\/tr>\n<tr>\n<th>Norma de referencia<\/th>\n<td>IEC 60947-3<\/td>\n<\/tr>\n<\/tbody>\n<\/table>\n<\/section>\n<section id=\"wiring-125a-4p\">\n<h2>Cableado y dimensiones<\/h2>\n<p><img loading=\"lazy\" decoding=\"async\" class=\"alignnone  wp-image-1174\" src=\"https:\/\/cnkuangya.com\/wp-content\/uploads\/2025\/09\/kumts-125-diagram-300x197.png\" alt=\"kumts-125-diagrama\" width=\"522\" height=\"343\" srcset=\"https:\/\/cnkuangya.com\/wp-content\/uploads\/2025\/09\/kumts-125-diagram-300x197.png 300w, https:\/\/cnkuangya.com\/wp-content\/uploads\/2025\/09\/kumts-125-diagram-600x394.png 600w, https:\/\/cnkuangya.com\/wp-content\/uploads\/2025\/09\/kumts-125-diagram.png 632w\" sizes=\"auto, (max-width: 522px) 100vw, 522px\" \/><\/p>\n<p><img loading=\"lazy\" decoding=\"async\" class=\"alignnone  wp-image-1175\" src=\"https:\/\/cnkuangya.com\/wp-content\/uploads\/2025\/09\/kumts-125-dimension-300x183.png\" alt=\"kumts-125-dimensi\u00f3n\" width=\"515\" height=\"314\" srcset=\"https:\/\/cnkuangya.com\/wp-content\/uploads\/2025\/09\/kumts-125-dimension-300x183.png 300w, https:\/\/cnkuangya.com\/wp-content\/uploads\/2025\/09\/kumts-125-dimension-768x468.png 768w, https:\/\/cnkuangya.com\/wp-content\/uploads\/2025\/09\/kumts-125-dimension-600x366.png 600w, https:\/\/cnkuangya.com\/wp-content\/uploads\/2025\/09\/kumts-125-dimension.png 919w\" sizes=\"auto, (max-width: 515px) 100vw, 515px\" \/><\/p>\n<\/section>\n<section id=\"applications-125a-4p\">\n<h2>Aplicaciones<\/h2>\n<ul>\n<li>Conmutaci\u00f3n de generador comercial con aislamiento del neutro<\/li>\n<li>Alimentadores industriales y cuadros MCC<\/li>\n<li>Bypass del inversor FV\/ESS con conmutaci\u00f3n de polos completa<\/li>\n<li>Microrredes y sistemas de energ\u00eda de reserva<\/li>\n<\/ul>\n<\/section>\n<section id=\"faq-125a-4p\">\n<h2>PREGUNTAS FRECUENTES<\/h2>\n<details>\n<summary>\u00bfPara qu\u00e9 sirven los interruptores de transferencia manuales?<\/summary>\n<p>Los interruptores de transferencia manual conmutan de forma segura las cargas entre dos fuentes de alimentaci\u00f3n, como la red p\u00fablica y el generador o inversor, con aislamiento total L1\/L2\/L3\/N.<\/p>\n<\/details>\n<details>\n<summary>\u00bfCu\u00e1ndo debo elegir un 4P en lugar de un 3P?<\/summary>\n<p>Se requiere una unidad 4P cuando es necesario conmutar el neutro, lo que garantiza el cumplimiento de los c\u00f3digos y el funcionamiento seguro del sistema.<\/p>\n<\/details>\n<details>\n<summary>\u00bfD\u00f3nde puedo comparar los modelos KYMTS?<\/summary>\n<p>Visite el <a href=\"\/es\/manual-transfer-switch\/\">Interruptor de transferencia manual<\/a> para todas las opciones 1P\/2P\/3P\/4P.<\/p>\n<\/details>\n<\/section>\n<section id=\"cta-125a-4p\">\n<h2>\u00bfNecesita un presupuesto?<\/h2>\n<p>En busca de durabilidad <strong>interruptores de transferencia manual<\/strong>? <a href=\"\/es\/contact-us\/\">P\u00f3ngase en contacto con nosotros<\/a> hoy mismo para obtener fichas t\u00e9cnicas, precios y asistencia.<\/p>\n<\/section>","protected":false},"excerpt":{"rendered":"<ul>\n<li data-start=\"187\" data-end=\"287\">\n<p data-start=\"189\" data-end=\"287\">En <strong data-start=\"193\" data-end=\"221\">interruptores de transferencia manual<\/strong> 125A 4P proporcionan un aislamiento total de L1\/L2\/L3\/N durante la conmutaci\u00f3n.<\/p>\n<\/li>\n<li data-start=\"288\" data-end=\"361\">\n<p data-start=\"290\" data-end=\"361\">Mango ergon\u00f3mico I-0-II, contactos de cobre, montaje en carril DIN o panel.<\/p>\n<\/li>\n<li data-start=\"362\" data-end=\"442\">\n<p data-start=\"364\" data-end=\"442\">Cumple la norma IEC 60947-3; ideal para sistemas comerciales, industriales y FV\/ESS.<\/p>\n<\/li>\n<\/ul>","protected":false},"featured_media":1183,"comment_status":"open","ping_status":"closed","template":"","meta":[],"product_brand":[],"product_cat":[29],"product_tag":[],"class_list":{"0":"post-1194","1":"product","2":"type-product","3":"status-publish","4":"has-post-thumbnail","6":"product_cat-manual-transfer-switch","8":"first","9":"instock","10":"shipping-taxable","11":"product-type-simple"},"_links":{"self":[{"href":"https:\/\/cnkuangya.com\/es\/wp-json\/wp\/v2\/product\/1194","targetHints":{"allow":["GET"]}}],"collection":[{"href":"https:\/\/cnkuangya.com\/es\/wp-json\/wp\/v2\/product"}],"about":[{"href":"https:\/\/cnkuangya.com\/es\/wp-json\/wp\/v2\/types\/product"}],"replies":[{"embeddable":true,"href":"https:\/\/cnkuangya.com\/es\/wp-json\/wp\/v2\/comments?post=1194"}],"wp:featuredmedia":[{"embeddable":true,"href":"https:\/\/cnkuangya.com\/es\/wp-json\/wp\/v2\/media\/1183"}],"wp:attachment":[{"href":"https:\/\/cnkuangya.com\/es\/wp-json\/wp\/v2\/media?parent=1194"}],"wp:term":[{"taxonomy":"product_brand","embeddable":true,"href":"https:\/\/cnkuangya.com\/es\/wp-json\/wp\/v2\/product_brand?post=1194"},{"taxonomy":"product_cat","embeddable":true,"href":"https:\/\/cnkuangya.com\/es\/wp-json\/wp\/v2\/product_cat?post=1194"},{"taxonomy":"product_tag","embeddable":true,"href":"https:\/\/cnkuangya.com\/es\/wp-json\/wp\/v2\/product_tag?post=1194"}],"curies":[{"name":"wp","href":"https:\/\/api.w.org\/{rel}","templated":true}]}}