{"id":1527,"date":"2025-09-13T09:12:26","date_gmt":"2025-09-13T09:12:26","guid":{"rendered":"https:\/\/cnkuangya.com\/?post_type=product&#038;p=1527"},"modified":"2026-01-20T08:42:28","modified_gmt":"2026-01-20T08:42:28","slug":"afdd-3-arc-fault-detection-device","status":"publish","type":"product","link":"https:\/\/cnkuangya.com\/de\/product\/afdd-3-arc-fault-detection-device\/","title":{"rendered":"AFDD-3 St\u00f6rlichtbogen-Erkennungsger\u00e4t (magnetischer Typ) | 1P+N RCBO Typ A 6kA"},"content":{"rendered":"<section id=\"overview\">Die <strong>AFDD-3 Magnetischer Typ<\/strong> integriert <em>St\u00f6rlichtbogenerkennung (AFDD)<\/em>,<br \/>\n<em>\u00dcberstromschutz (MCB)<\/em>und <em>Fehlerstromschutz (RCCB, Typ A)<\/em> in einem kompakten<br \/>\n<strong>1P+N<\/strong> Modul. Entworfen mit einem <strong>magnetischer Ausl\u00f6semechanismus<\/strong>, liefert es stabile<br \/>\nBetrieb bei unterschiedlichen Lasten. Konform mit <strong>EN62606<\/strong> und <strong>EN61009-1<\/strong>, das Ger\u00e4t<br \/>\nAngebote <strong>6 kA<\/strong> Kurzschlusskapazit\u00e4t und fr\u00fchzeitige Erkennung von Serien-\/Parallellichtbogenfehlern zur Verringerung der Brandgefahr.<\/section>\n<section id=\"features\">\n<h2>Wesentliche Merkmale<\/h2>\n<ul>\n<li>Dreifacher Schutz: <strong>AFDD + MCB + RCCB (Typ A)<\/strong><\/li>\n<li><strong>Magnetisch<\/strong> Ausl\u00f6semechanismus f\u00fcr zuverl\u00e4ssige Leistung<\/li>\n<li>Ausl\u00f6secharakteristik: <strong>B\/C<\/strong>; Kurzschlussfestigkeit: <strong>6 kA<\/strong><\/li>\n<li>LED-Anzeige f\u00fcr Ger\u00e4testatus und Ausl\u00f6segrund; kontinuierliche Selbst\u00fcberwachung<\/li>\n<li>Kompakt <strong>1P+N (1 Modul)<\/strong> Ausf\u00fchrung; Schraubklemmen (oben\/unten), Zugentlastungsb\u00fcgel<\/li>\n<li>Einfache Montage auf <strong>35 mm DIN-Schiene<\/strong><\/li>\n<li>Ausdauer: \u2265 <strong>20,000<\/strong> mechanisch \/ \u2265 <strong>4,000<\/strong> elektrische Zyklen<\/li>\n<\/ul>\n<\/section>\n<section id=\"technical-data\">\n<h2>Technische Daten<\/h2>\n<table>\n<tbody>\n<tr>\n<th>Serie<\/th>\n<td>AFDD<\/td>\n<\/tr>\n<tr>\n<th>Modell<\/th>\n<td>AFDD-3<\/td>\n<\/tr>\n<tr>\n<th>Pole<\/th>\n<td>1P+N (1 Modul)<\/td>\n<\/tr>\n<tr>\n<th>Nennstrom (AC)<\/th>\n<td>6A, 10A, 13A, 16A, 20A, 25A, 32A, 40A<\/td>\n<\/tr>\n<tr>\n<th>Fehlerstrom-Typ<\/th>\n<td>Typ A<\/td>\n<\/tr>\n<tr>\n<th>Bemessungsfehlerstrom I\u0394n<\/th>\n<td>10 mA, 30 mA<\/td>\n<\/tr>\n<tr>\n<th>Min.\/Max. Spannung des Pr\u00fcfkreises<\/th>\n<td>196 V \/ 253 V<\/td>\n<\/tr>\n<tr>\n<th>Ausl\u00f6secharakteristik<\/th>\n<td>B, C<\/td>\n<\/tr>\n<tr>\n<th>Betriebsfrequenz<\/th>\n<td>50 Hz<\/td>\n<\/tr>\n<tr>\n<th>Sto\u00dfspannungsfestigkeit (Uimp)<\/th>\n<td>4 kV<\/td>\n<\/tr>\n<tr>\n<th>Nennspannung (AC)<\/th>\n<td>240 V<\/td>\n<\/tr>\n<tr>\n<th>Nennkurzschlussstrom (Icn)<\/th>\n<td>6 kA<\/td>\n<\/tr>\n<tr>\n<th>St\u00e4rke des Sto\u00dfstroms<\/th>\n<td>0,25 kA<\/td>\n<\/tr>\n<tr>\n<th>Max. Gesamtschaltleistung<\/th>\n<td>6 kA<\/td>\n<\/tr>\n<tr>\n<th>Bemessungsisolationsspannung<\/th>\n<td>250 V<\/td>\n<\/tr>\n<tr>\n<th>W\u00e4rmeverlust pro Pol<\/th>\n<td>3 W<\/td>\n<\/tr>\n<tr>\n<th>Kurzschluss-Vorsicherung (SCPD)<\/th>\n<td>100 A<\/td>\n<\/tr>\n<tr>\n<th>Typ der Vorsicherung<\/th>\n<td>gG<\/td>\n<\/tr>\n<tr>\n<th>\u00dcberspannungsklasse<\/th>\n<td>III<\/td>\n<\/tr>\n<tr>\n<th>Terminals<\/th>\n<td>Schraubtyp, oben und unten (Lastkreis)<\/td>\n<\/tr>\n<tr>\n<th>Position des Nullleiters<\/th>\n<td>Links \/ Rechts<\/td>\n<\/tr>\n<tr>\n<th>Max. L\u00e4nge des Anschlusskabels<\/th>\n<td>70 m (Verteiler \u2194 Au\u00dfensteckdose)<\/td>\n<\/tr>\n<tr>\n<th>Einspannbereich<\/th>\n<td>1-25 mm\u00b2<\/td>\n<\/tr>\n<tr>\n<th>Anzugsdrehmoment<\/th>\n<td>2,0-2,4 Nm<\/td>\n<\/tr>\n<tr>\n<th>Mechanische Belastbarkeit<\/th>\n<td>\u2265 20.000 Zyklen<\/td>\n<\/tr>\n<tr>\n<th>Elektrische Belastbarkeit<\/th>\n<td>\u2265 4.000 Zyklen<\/td>\n<\/tr>\n<tr>\n<th>Lagerung \/ Betriebstemperatur<\/th>\n<td>-35\u2103...+60\u2103 \/ -25\u2103...+40\u2103<\/td>\n<\/tr>\n<tr>\n<th>Geh\u00e4usetyp \/ Material<\/th>\n<td>Verteilergeh\u00e4use \/ Thermoplast<\/td>\n<\/tr>\n<tr>\n<th>Montage<\/th>\n<td>DIN-Schiene (35 mm)<\/td>\n<\/tr>\n<tr>\n<th>Schutzklasse<\/th>\n<td>IP20 (installiert: IP40)<\/td>\n<\/tr>\n<tr>\n<th>Normen<\/th>\n<td>EN62606, EN61009-1<\/td>\n<\/tr>\n<tr>\n<th>Kategorie der Leistungsbegrenzung<\/th>\n<td>3<\/td>\n<\/tr>\n<tr>\n<th>Verschmutzungsgrad (EN60664)<\/th>\n<td>2<\/td>\n<\/tr>\n<tr>\n<th>Zertifizierungen<\/th>\n<td>UKCA, CE<\/td>\n<\/tr>\n<\/tbody>\n<\/table>\n<\/section>\n<section id=\"applications\">\n<h2>Anwendungen<\/h2>\n<ul>\n<li>Brandschutz f\u00fcr Endstromkreise bis zu 40 A in Wohn-, Gesch\u00e4fts- und \u00f6ffentlichen Geb\u00e4uden<\/li>\n<li>Geeignete Netzwerke: <strong>TN-S<\/strong> und <strong>TN-C-S<\/strong><\/li>\n<li>Nicht zul\u00e4ssig: TN-C-Systeme oder Stromkreise mit glatten Gleichfehlerstr\u00f6men<\/li>\n<\/ul>\n<\/section>\n<section id=\"certifications\">\n<h2>Zertifizierungen<\/h2>\n<ul>\n<li>UKCA, CE<\/li>\n<li>Normen: EN62606 (AFDD), EN61009-1 (RCBO)<\/li>\n<\/ul>\n<\/section>\n<section id=\"faq\">\n<h2>FAQ<\/h2>\n<details>\n<summary>Was unterscheidet die AFDD-3 von der AFDD-1?<\/summary>\n<p>AFDD-3 verwendet einen magnetischen Ausl\u00f6semechanismus f\u00fcr eine stabile Leistung bei wechselnden Lasten; AFDD-1 ist eine elektronische Standardausf\u00fchrung. Die elektrischen Werte sind ansonsten \u00e4hnlich.<\/p>\n<\/details>\n<details>\n<summary>Entspricht AFDD-3 den EN-Normen?<\/summary>\n<p>Ja, sie entspricht der EN62606 (St\u00f6rlichtbogenerkennung) und der EN61009-1 (RCBO).<\/p>\n<\/details>\n<details>\n<summary>Welche Art von Leckage wird erkannt?<\/summary>\n<p>Typ A - sinusf\u00f6rmige Wechsel- und pulsierende Gleichfehlerstr\u00f6me.<\/p>\n<\/details>\n<\/section>","protected":false},"excerpt":{"rendered":"<ul>\n<li><strong>Magnetischer Typ AFDD<\/strong> Integration von AFDD + MCB + RCCB (Typ A) in einem 1P+N-Modul<\/li>\n<li><strong>6A-40A<\/strong> Nennstrom, B\/C-Kurven, <strong>6 kA<\/strong> Kurzschlussleistung<\/li>\n<li>Konform mit <strong>EN62606<\/strong> &amp; <strong>EN61009-1<\/strong>; ideal f\u00fcr Wohn-, Gesch\u00e4fts- und \u00f6ffentliche Geb\u00e4ude<\/li>\n<\/ul>","protected":false},"featured_media":2442,"comment_status":"open","ping_status":"closed","template":"","meta":[],"product_brand":[],"product_cat":[33],"product_tag":[],"class_list":{"0":"post-1527","1":"product","2":"type-product","3":"status-publish","4":"has-post-thumbnail","6":"product_cat-afdd","8":"first","9":"instock","10":"shipping-taxable","11":"product-type-simple"},"_links":{"self":[{"href":"https:\/\/cnkuangya.com\/de\/wp-json\/wp\/v2\/product\/1527","targetHints":{"allow":["GET"]}}],"collection":[{"href":"https:\/\/cnkuangya.com\/de\/wp-json\/wp\/v2\/product"}],"about":[{"href":"https:\/\/cnkuangya.com\/de\/wp-json\/wp\/v2\/types\/product"}],"replies":[{"embeddable":true,"href":"https:\/\/cnkuangya.com\/de\/wp-json\/wp\/v2\/comments?post=1527"}],"wp:featuredmedia":[{"embeddable":true,"href":"https:\/\/cnkuangya.com\/de\/wp-json\/wp\/v2\/media\/2442"}],"wp:attachment":[{"href":"https:\/\/cnkuangya.com\/de\/wp-json\/wp\/v2\/media?parent=1527"}],"wp:term":[{"taxonomy":"product_brand","embeddable":true,"href":"https:\/\/cnkuangya.com\/de\/wp-json\/wp\/v2\/product_brand?post=1527"},{"taxonomy":"product_cat","embeddable":true,"href":"https:\/\/cnkuangya.com\/de\/wp-json\/wp\/v2\/product_cat?post=1527"},{"taxonomy":"product_tag","embeddable":true,"href":"https:\/\/cnkuangya.com\/de\/wp-json\/wp\/v2\/product_tag?post=1527"}],"curies":[{"name":"wp","href":"https:\/\/api.w.org\/{rel}","templated":true}]}}