{"id":1064,"date":"2025-09-04T07:13:59","date_gmt":"2025-09-04T07:13:59","guid":{"rendered":"https:\/\/cnkuangya.com\/?post_type=product&#038;p=1064"},"modified":"2025-09-10T05:51:31","modified_gmt":"2025-09-10T05:51:31","slug":"dc-fuse-1500v-kypv-h3xl","status":"publish","type":"product","link":"https:\/\/cnkuangya.com\/de\/product\/dc-fuse-1500v-kypv-h3xl\/","title":{"rendered":"dc sicherung 1500v | KYPV-H3XL gPV Sicherungseinsatz (quadratischer K\u00f6rper, 125-630A)"},"content":{"rendered":"<section id=\"overview\">\n<h2>\u00dcbersicht<\/h2>\n<p>Die <strong>KYPV-H3XL<\/strong> ist ein quadratischer K\u00f6rper <strong>DC-Sicherung 1500v<\/strong> (gPV) entwickelt f\u00fcr<br \/>\nHochstrom-Photovoltaik-Kombinatorboxen, DC-Busse f\u00fcr Energiespeicher und DC-Eing\u00e4nge f\u00fcr Wechselrichter.<br \/>\nMit einer aktuellen Reichweite von <strong>315-500A<\/strong>Sie gew\u00e4hrleistet eine schnelle und zuverl\u00e4ssige St\u00f6rungsunterbrechung.<br \/>\nMit einem Keramikrohr, einem silbernen Schmelzeinsatz und einer Quarzsandf\u00fcllung bietet es eine<br \/>\nSchaltleistung bis zu <strong>50 kA<\/strong>. Installieren Sie mit dem<br \/>\n<a href=\"\/de\/1500v-dc-fuse-holder-kypv-h1xlb-h3xlb\/\">KYPV-H3XLB-Sicherungshalter<\/a> f\u00fcr einen sicheren Betrieb.<\/p>\n<\/section>\n<section id=\"features\">\n<h2>Wesentliche Merkmale<\/h2>\n<ul>\n<li>Viereckiger K\u00f6rper <strong>gPV-Sicherungseinsatz<\/strong>, Rahmengr\u00f6\u00dfe H3XL, <strong>1500 V DC<\/strong>.<\/li>\n<li>Aktuelle Reichweite: <strong>315-500 A<\/strong>.<\/li>\n<li>Hohe DC-Schaltleistung: <strong>50 kA<\/strong>.<\/li>\n<li>Robustes Design: Keramikk\u00f6rper, Silberelement, Quarz-Sand-Lichtbogenabschreckung.<\/li>\n<li>Normen:<br \/>\n<a href=\"https:\/\/webstore.iec.ch\/publication\/24554\" target=\"_blank\" rel=\"noopener\">IEC 60269-6<\/a>,<br \/>\n<a href=\"https:\/\/ulstandards.ul.com\/standard\/?id=248-19\" target=\"_blank\" rel=\"noopener\">UL 248-19<\/a>,<br \/>\n<a href=\"https:\/\/www.seia.org\/\" target=\"_blank\" rel=\"noopener\">SEIA-Anleitung<\/a>.<\/li>\n<li>Kompatibler Halter: <a href=\"\/de\/1500v-dc-fuse-holder-kypv-h1xlb-h3xlb\/\">KYPV-H3XLB<\/a>.<\/li>\n<\/ul>\n<\/section>\n<section id=\"specs\">\n<h2>Spezifikationen<\/h2>\n<table class=\"spec-table\">\n<tbody>\n<tr>\n<th>Typ<\/th>\n<td>gPV-Sicherungseinsatz, quadratischer K\u00f6rper H3XL<\/td>\n<\/tr>\n<tr>\n<th>Nennspannung<\/th>\n<td>1500 V DC<\/td>\n<\/tr>\n<tr>\n<th>Aktueller Bereich<\/th>\n<td>315-500 A<\/td>\n<\/tr>\n<tr>\n<th>Schaltleistung<\/th>\n<td>50 kA (DC)<\/td>\n<\/tr>\n<tr>\n<th>Bauwesen<\/th>\n<td>Keramisches Rohr, Silberelement, Quarzsandf\u00fcllung<\/td>\n<\/tr>\n<tr>\n<th>Normen<\/th>\n<td><a href=\"https:\/\/webstore.iec.ch\/publication\/24554\" target=\"_blank\" rel=\"noopener\">IEC 60269-6<\/a>;<br \/>\n<a href=\"https:\/\/ulstandards.ul.com\/standard\/?id=248-19\" target=\"_blank\" rel=\"noopener\">UL 248-19<\/a><\/td>\n<\/tr>\n<tr>\n<th>Kompatible Halterung<\/th>\n<td><a href=\"\/de\/1500v-dc-fuse-holder-kypv-h1xlb-h3xlb\/\">KYPV-H3XLB<\/a><\/td>\n<\/tr>\n<tr>\n<th>Anwendungen<\/th>\n<td>PV Combiner Box Netz, ESS Sammelschienen, Wechselrichter DC-seitiger Schutz<\/td>\n<\/tr>\n<\/tbody>\n<\/table>\n<\/section>\n<section id=\"dimensions\">\n<h2>Abmessungen<\/h2>\n<p><img loading=\"lazy\" decoding=\"async\" class=\"alignnone wp-image-1059\" src=\"https:\/\/cnkuangya.com\/wp-content\/uploads\/2025\/09\/KYPV-H3XL-D-300x117.png\" alt=\"dc sicherung 1500v abmessung\" width=\"636\" height=\"248\" srcset=\"https:\/\/cnkuangya.com\/wp-content\/uploads\/2025\/09\/KYPV-H3XL-D-300x117.png 300w, https:\/\/cnkuangya.com\/wp-content\/uploads\/2025\/09\/KYPV-H3XL-D-768x299.png 768w, https:\/\/cnkuangya.com\/wp-content\/uploads\/2025\/09\/KYPV-H3XL-D-600x234.png 600w, https:\/\/cnkuangya.com\/wp-content\/uploads\/2025\/09\/KYPV-H3XL-D.png 940w\" sizes=\"auto, (max-width: 636px) 100vw, 636px\" \/><\/p>\n<figure data-file=\"kypv-h3xl-dim\" data-alt=\"KYPV-H3XL dimension drawing\"><\/figure>\n<figure data-file=\"kypv-h3xl-time-current\" data-alt=\"KYPV-H3XL time-current characteristic\"><\/figure>\n<\/section>\n<section id=\"applications\">\n<h2>Anwendungen<\/h2>\n<ul>\n<li>Hochstrom-Hauptschutz f\u00fcr den PV-Kombinationskasten (1500 V DC).<\/li>\n<li>Energiespeicher DC-Bus und Batteriekopplung.<\/li>\n<li>Wechselrichter und DC\/DC-Wandler DC-seitiger Schutz.<\/li>\n<li>Industrielle Gleichstromverteilung mit 315-500 A bei 1500 V DC.<\/li>\n<\/ul>\n<\/section>\n<section id=\"faq\">\n<h2>FAQ<\/h2>\n<div class=\"qa\">\n<h3>Q1. Welchen Halter sollte ich mit dem KYPV-H3XL verwenden?<\/h3>\n<p>Verwenden Sie die <a href=\"\/de\/1500v-dc-fuse-holder-kypv-h1xlb-h3xlb\/\">KYPV-H3XLB<\/a> Sicherungshalter mit quadratischem Geh\u00e4use.<\/p>\n<h3>Q2. Wie hoch ist die Schaltleistung?<\/h3>\n<p>Die<\/p>\n<\/div>\n<\/section>","protected":false},"excerpt":{"rendered":"<ul>\n<li data-start=\"412\" data-end=\"492\">\n<p data-start=\"414\" data-end=\"492\"><strong data-start=\"414\" data-end=\"431\">DC-Sicherung 1500v<\/strong> (gPV), Rahmen mit quadratischem K\u00f6rper H3XL, <strong data-start=\"463\" data-end=\"475\">315-500A<\/strong> aktuellen Bereich.<\/p>\n<\/li>\n<li data-start=\"493\" data-end=\"595\">\n<p data-start=\"495\" data-end=\"595\">Hohe Schaltleistung <strong data-start=\"518\" data-end=\"530\">50 kA DC<\/strong>Keramikk\u00f6rper, Silberschmelzelement, Quarz-Sand-Lichtbogenabschreckung.<\/p>\n<\/li>\n<li data-start=\"596\" data-end=\"674\">\n<p data-start=\"598\" data-end=\"674\">Zertifiziert nach <strong data-start=\"611\" data-end=\"638\">IEC 60269-6 \/ UL 248-19<\/strong>; passt <strong data-start=\"645\" data-end=\"659\">KYPV-H3XLB<\/strong> Sicherungshalter<\/p>\n<\/li>\n<\/ul>","protected":false},"featured_media":1361,"comment_status":"open","ping_status":"closed","template":"","meta":[],"product_brand":[],"product_cat":[27],"product_tag":[],"class_list":{"0":"post-1064","1":"product","2":"type-product","3":"status-publish","4":"has-post-thumbnail","6":"product_cat-dc-fuse-pv-fuse","8":"first","9":"instock","10":"shipping-taxable","11":"product-type-simple"},"_links":{"self":[{"href":"https:\/\/cnkuangya.com\/de\/wp-json\/wp\/v2\/product\/1064","targetHints":{"allow":["GET"]}}],"collection":[{"href":"https:\/\/cnkuangya.com\/de\/wp-json\/wp\/v2\/product"}],"about":[{"href":"https:\/\/cnkuangya.com\/de\/wp-json\/wp\/v2\/types\/product"}],"replies":[{"embeddable":true,"href":"https:\/\/cnkuangya.com\/de\/wp-json\/wp\/v2\/comments?post=1064"}],"wp:featuredmedia":[{"embeddable":true,"href":"https:\/\/cnkuangya.com\/de\/wp-json\/wp\/v2\/media\/1361"}],"wp:attachment":[{"href":"https:\/\/cnkuangya.com\/de\/wp-json\/wp\/v2\/media?parent=1064"}],"wp:term":[{"taxonomy":"product_brand","embeddable":true,"href":"https:\/\/cnkuangya.com\/de\/wp-json\/wp\/v2\/product_brand?post=1064"},{"taxonomy":"product_cat","embeddable":true,"href":"https:\/\/cnkuangya.com\/de\/wp-json\/wp\/v2\/product_cat?post=1064"},{"taxonomy":"product_tag","embeddable":true,"href":"https:\/\/cnkuangya.com\/de\/wp-json\/wp\/v2\/product_tag?post=1064"}],"curies":[{"name":"wp","href":"https:\/\/api.w.org\/{rel}","templated":true}]}}